{"id":696,"date":"2023-02-03T15:48:35","date_gmt":"2023-02-03T14:48:35","guid":{"rendered":"https:\/\/pvserviceplus.cz\/?page_id=696"},"modified":"2023-02-03T18:45:38","modified_gmt":"2023-02-03T17:45:38","slug":"formular","status":"publish","type":"page","link":"https:\/\/pvserviceplus.cz\/sk\/formular\/","title":{"rendered":"Formul\u00e1r"},"content":{"rendered":"<div id=\"kontakt-bg\">\r\n\r\n\r\n\r\n<div id=\"popup\" class=\"embed\">\r\n\t<div id=\"objednat\" data-aos=\"fade-up\" data-aos-delay=\"100\"  data-aos-offset=\"0\">\r\n\t<h2 id=\"kontaktujte-nas\">Formul\u00e1r: <br>Z\u00e1ujem o fotovoltick\u00fa elektr\u00e1re\u0148\r\n\t<\/h2>\r\n\t\r\n\t\n<div class=\"wpcf7 no-js\" id=\"wpcf7-f700-o1\" lang=\"cs-CZ\" dir=\"ltr\">\n<div class=\"screen-reader-response\"><p role=\"status\" aria-live=\"polite\" aria-atomic=\"true\"><\/p> <ul><\/ul><\/div>\n<form action=\"\/sk\/wp-json\/wp\/v2\/pages\/696#wpcf7-f700-o1\" method=\"post\" class=\"wpcf7-form init\" aria-label=\"Kontaktn\u00ed formul\u00e1\u0159\" novalidate=\"novalidate\" data-status=\"init\">\n<div style=\"display: none;\">\n<input type=\"hidden\" name=\"_wpcf7\" value=\"700\" \/>\n<input type=\"hidden\" name=\"_wpcf7_version\" value=\"5.7.3\" \/>\n<input type=\"hidden\" name=\"_wpcf7_locale\" value=\"cs_CZ\" \/>\n<input type=\"hidden\" name=\"_wpcf7_unit_tag\" value=\"wpcf7-f700-o1\" \/>\n<input type=\"hidden\" name=\"_wpcf7_container_post\" value=\"0\" \/>\n<input type=\"hidden\" name=\"_wpcf7_posted_data_hash\" value=\"\" \/>\n<input type=\"hidden\" name=\"_wpcf7cf_hidden_group_fields\" value=\"[]\" \/>\n<input type=\"hidden\" name=\"_wpcf7cf_hidden_groups\" value=\"[]\" \/>\n<input type=\"hidden\" name=\"_wpcf7cf_visible_groups\" value=\"[]\" \/>\n<input type=\"hidden\" name=\"_wpcf7cf_repeaters\" value=\"[]\" \/>\n<input type=\"hidden\" name=\"_wpcf7cf_steps\" value=\"{}\" \/>\n<input type=\"hidden\" name=\"_wpcf7cf_options\" value=\"{&quot;form_id&quot;:700,&quot;conditions&quot;:[{&quot;then_field&quot;:&quot;-1&quot;,&quot;and_rules&quot;:[{&quot;if_field&quot;:&quot;-1&quot;,&quot;operator&quot;:&quot;equals&quot;,&quot;if_value&quot;:&quot;FVE BASIC&quot;}]},{&quot;then_field&quot;:&quot;-1&quot;,&quot;and_rules&quot;:[{&quot;if_field&quot;:&quot;-1&quot;,&quot;operator&quot;:&quot;equals&quot;,&quot;if_value&quot;:&quot;FVE BASIC PLUS&quot;}]},{&quot;then_field&quot;:&quot;-1&quot;,&quot;and_rules&quot;:[{&quot;if_field&quot;:&quot;-1&quot;,&quot;operator&quot;:&quot;equals&quot;,&quot;if_value&quot;:&quot;FVE ADVANCED&quot;}]},{&quot;then_field&quot;:&quot;-1&quot;,&quot;and_rules&quot;:[{&quot;if_field&quot;:&quot;-1&quot;,&quot;operator&quot;:&quot;equals&quot;,&quot;if_value&quot;:&quot;FVE ADVANCED PLUS&quot;}]}],&quot;settings&quot;:{&quot;animation&quot;:&quot;yes&quot;,&quot;animation_intime&quot;:200,&quot;animation_outtime&quot;:200,&quot;conditions_ui&quot;:&quot;normal&quot;,&quot;notice_dismissed&quot;:false}}\" \/>\n<input type=\"hidden\" name=\"_wpcf7_recaptcha_response\" value=\"\" \/>\n<\/div>\n<p><label> Va\u0161e meno<br \/>\n<span class=\"wpcf7-form-control-wrap\" data-name=\"your-name\"><input size=\"40\" class=\"wpcf7-form-control wpcf7-text wpcf7-validates-as-required\" aria-required=\"true\" aria-invalid=\"false\" value=\"\" type=\"text\" name=\"your-name\" \/><\/span> <\/label>\n<\/p>\n<p><label> Va\u0161e priezvisko<br \/>\n<span class=\"wpcf7-form-control-wrap\" data-name=\"your-surname\"><input size=\"40\" class=\"wpcf7-form-control wpcf7-text wpcf7-validates-as-required\" aria-required=\"true\" aria-invalid=\"false\" value=\"\" type=\"text\" name=\"your-surname\" \/><\/span> <\/label>\n<\/p>\n<p><label> Va\u0161e telef\u00f3nne \u010d\u00edslo<br \/>\n<span class=\"wpcf7-form-control-wrap\" data-name=\"tel-491\"><input size=\"40\" class=\"wpcf7-form-control wpcf7-text wpcf7-tel wpcf7-validates-as-required wpcf7-validates-as-tel\" aria-required=\"true\" aria-invalid=\"false\" value=\"\" type=\"tel\" name=\"tel-491\" \/><\/span> <\/label>\n<\/p>\n<p><label> V\u00e1\u0161 email<br \/>\n<span class=\"wpcf7-form-control-wrap\" data-name=\"your-email\"><input size=\"40\" class=\"wpcf7-form-control wpcf7-text wpcf7-email wpcf7-validates-as-required wpcf7-validates-as-email\" aria-required=\"true\" aria-invalid=\"false\" value=\"\" type=\"email\" name=\"your-email\" \/><\/span> <\/label>\n<\/p>\n<p><label> Adresa realiz\u00e1cie<br \/>\n<span class=\"wpcf7-form-control-wrap\" data-name=\"your-address\"><textarea cols=\"40\" rows=\"10\" class=\"wpcf7-form-control wpcf7-textarea\" aria-invalid=\"false\" name=\"your-address\"><\/textarea><\/span> <\/label>\n<\/p>\n<p><label> Ro\u010dn\u00e1 spotreba elektriny (MWh)<br \/>\n<span class=\"wpcf7-form-control-wrap\" data-name=\"your-spotreba\"><input size=\"40\" class=\"wpcf7-form-control wpcf7-text wpcf7-validates-as-required\" aria-required=\"true\" aria-invalid=\"false\" value=\"\" type=\"text\" name=\"your-spotreba\" \/><\/span> <\/label>\n<\/p>\n<p><b class=\"d\">Distribu\u010dn\u00e1 spolo\u010dnos\u0165<\/b><br \/>\n<span class=\"wpcf7-form-control-wrap\" data-name=\"checkbox-distribucia\"><span class=\"wpcf7-form-control wpcf7-checkbox wpcf7-validates-as-required\"><span class=\"wpcf7-list-item first\"><label><span class=\"wpcf7-list-item-label\">Z\u00e1padoslovensk\u00e1<\/span><input type=\"checkbox\" name=\"checkbox-distribucia[]\" value=\"Z\u00e1padoslovensk\u00e1\" tabindex=\"\" \/><\/label><\/span><span class=\"wpcf7-list-item\"><label><span class=\"wpcf7-list-item-label\">Stredoslovensk\u00e1<\/span><input type=\"checkbox\" name=\"checkbox-distribucia[]\" value=\"Stredoslovensk\u00e1\" tabindex=\"\" \/><\/label><\/span><span class=\"wpcf7-list-item last\"><label><span class=\"wpcf7-list-item-label\">V\u00fdchodoslovensk\u00e1<\/span><input type=\"checkbox\" name=\"checkbox-distribucia[]\" value=\"V\u00fdchodoslovensk\u00e1\" tabindex=\"\" \/><\/label><\/span><\/span><\/span>\n<\/p>\n<p><b class=\"d\">Zdroj vykurovania<\/b><br \/>\n<span class=\"wpcf7-form-control-wrap\" data-name=\"checkbox-zdroj\"><span class=\"wpcf7-form-control wpcf7-checkbox wpcf7-validates-as-required\"><span class=\"wpcf7-list-item first\"><label><span class=\"wpcf7-list-item-label\">elektrina<\/span><input type=\"checkbox\" name=\"checkbox-zdroj[]\" value=\"elektrina\" tabindex=\"\" \/><\/label><\/span><span class=\"wpcf7-list-item\"><label><span class=\"wpcf7-list-item-label\">plyn<\/span><input type=\"checkbox\" name=\"checkbox-zdroj[]\" value=\"plyn\" tabindex=\"\" \/><\/label><\/span><span class=\"wpcf7-list-item\"><label><span class=\"wpcf7-list-item-label\">tuh\u00e9 palivo<\/span><input type=\"checkbox\" name=\"checkbox-zdroj[]\" value=\"tuh\u00e9 palivo\" tabindex=\"\" \/><\/label><\/span><span class=\"wpcf7-list-item last\"><label><span class=\"wpcf7-list-item-label\">in\u00e9<\/span><input type=\"checkbox\" name=\"checkbox-zdroj[]\" value=\"in\u00e9\" tabindex=\"\" \/><\/label><\/span><\/span><\/span>\n<\/p>\n<p><b class=\"d\">Zdroj ohrevu teplej vody<\/b><br \/>\n<span class=\"wpcf7-form-control-wrap\" data-name=\"checkbox-ohrev-vody\"><span class=\"wpcf7-form-control wpcf7-checkbox wpcf7-validates-as-required\"><span class=\"wpcf7-list-item first\"><label><span class=\"wpcf7-list-item-label\">elektrina<\/span><input type=\"checkbox\" name=\"checkbox-ohrev-vody[]\" value=\"elektrina\" tabindex=\"\" \/><\/label><\/span><span class=\"wpcf7-list-item\"><label><span class=\"wpcf7-list-item-label\">plyn<\/span><input type=\"checkbox\" name=\"checkbox-ohrev-vody[]\" value=\"plyn\" tabindex=\"\" \/><\/label><\/span><span class=\"wpcf7-list-item\"><label><span class=\"wpcf7-list-item-label\">tuh\u00e9 palivo<\/span><input type=\"checkbox\" name=\"checkbox-ohrev-vody[]\" value=\"tuh\u00e9 palivo\" tabindex=\"\" \/><\/label><\/span><span class=\"wpcf7-list-item last\"><label><span class=\"wpcf7-list-item-label\">in\u00e9<\/span><input type=\"checkbox\" name=\"checkbox-ohrev-vody[]\" value=\"in\u00e9\" tabindex=\"\" \/><\/label><\/span><\/span><\/span>\n<\/p>\n<p><b class=\"d\">Typ strechy<\/b><br \/>\n<span class=\"wpcf7-form-control-wrap\" data-name=\"checkbox-typ-strechy\"><span class=\"wpcf7-form-control wpcf7-checkbox wpcf7-validates-as-required\"><span class=\"wpcf7-list-item first\"><label><span class=\"wpcf7-list-item-label\">\u0161ikm\u00e1<\/span><input type=\"checkbox\" name=\"checkbox-typ-strechy[]\" value=\"\u0161ikm\u00e1\" tabindex=\"\" \/><\/label><\/span><span class=\"wpcf7-list-item\"><label><span class=\"wpcf7-list-item-label\">ploch\u00e1<\/span><input type=\"checkbox\" name=\"checkbox-typ-strechy[]\" value=\"ploch\u00e1\" tabindex=\"\" \/><\/label><\/span><span class=\"wpcf7-list-item last\"><label><span class=\"wpcf7-list-item-label\">in\u00e1<\/span><input type=\"checkbox\" name=\"checkbox-typ-strechy[]\" value=\"in\u00e1\" tabindex=\"\" \/><\/label><\/span><\/span><\/span>\n<\/p>\n<p><b class=\"d\">Typ krytiny<\/b><br \/>\n<span class=\"wpcf7-form-control-wrap\" data-name=\"checkbox-krytina\"><span class=\"wpcf7-form-control wpcf7-checkbox wpcf7-validates-as-required\"><span class=\"wpcf7-list-item first\"><label><span class=\"wpcf7-list-item-label\">\u0161kridla<\/span><input type=\"checkbox\" name=\"checkbox-krytina[]\" value=\"\u0161kridla\" tabindex=\"\" \/><\/label><\/span><span class=\"wpcf7-list-item\"><label><span class=\"wpcf7-list-item-label\">plech<\/span><input type=\"checkbox\" name=\"checkbox-krytina[]\" value=\"plech\" tabindex=\"\" \/><\/label><\/span><span class=\"wpcf7-list-item last\"><label><span class=\"wpcf7-list-item-label\">in\u00e1<\/span><input type=\"checkbox\" name=\"checkbox-krytina[]\" value=\"in\u00e1\" tabindex=\"\" \/><\/label><\/span><\/span><\/span>\n<\/p>\n<p><b class=\"d\">Klimatiz\u00e1cia<\/b><br \/>\n<span class=\"wpcf7-form-control-wrap\" data-name=\"checkbox-klima\"><span class=\"wpcf7-form-control wpcf7-checkbox wpcf7-validates-as-required\"><span class=\"wpcf7-list-item first\"><label><span class=\"wpcf7-list-item-label\">\u00e1no<\/span><input type=\"checkbox\" name=\"checkbox-klima[]\" value=\"\u00e1no\" tabindex=\"\" \/><\/label><\/span><span class=\"wpcf7-list-item\"><label><span class=\"wpcf7-list-item-label\">nie<\/span><input type=\"checkbox\" name=\"checkbox-klima[]\" value=\"nie\" tabindex=\"\" \/><\/label><\/span><span class=\"wpcf7-list-item last\"><label><span class=\"wpcf7-list-item-label\">v bud\u00facnosti<\/span><input type=\"checkbox\" name=\"checkbox-klima[]\" value=\"v bud\u00facnosti\" tabindex=\"\" \/><\/label><\/span><\/span><\/span>\n<\/p>\n<p><b class=\"d\">Z\u00e1ujem o tepeln\u00e9 \u010derpadlo<\/b><br \/>\n<span class=\"wpcf7-form-control-wrap\" data-name=\"checkbox-tepelne-cerpadlo\"><span class=\"wpcf7-form-control wpcf7-checkbox wpcf7-validates-as-required\"><span class=\"wpcf7-list-item first\"><label><span class=\"wpcf7-list-item-label\">\u00e1no<\/span><input type=\"checkbox\" name=\"checkbox-tepelne-cerpadlo[]\" value=\"\u00e1no\" tabindex=\"\" \/><\/label><\/span><span class=\"wpcf7-list-item\"><label><span class=\"wpcf7-list-item-label\">nie<\/span><input type=\"checkbox\" name=\"checkbox-tepelne-cerpadlo[]\" value=\"nie\" tabindex=\"\" \/><\/label><\/span><span class=\"wpcf7-list-item last\"><label><span class=\"wpcf7-list-item-label\">v bud\u00facnosti<\/span><input type=\"checkbox\" name=\"checkbox-tepelne-cerpadlo[]\" value=\"v bud\u00facnosti\" tabindex=\"\" \/><\/label><\/span><\/span><\/span>\n<\/p>\n<p><b class=\"d\">Z\u00e1ujem o Wallbox<\/b><br \/>\n<span class=\"wpcf7-form-control-wrap\" data-name=\"checkbox-wallbox\"><span class=\"wpcf7-form-control wpcf7-checkbox wpcf7-validates-as-required\"><span class=\"wpcf7-list-item first\"><label><span class=\"wpcf7-list-item-label\">\u00e1no<\/span><input type=\"checkbox\" name=\"checkbox-wallbox[]\" value=\"\u00e1no\" tabindex=\"\" \/><\/label><\/span><span class=\"wpcf7-list-item\"><label><span class=\"wpcf7-list-item-label\">nie<\/span><input type=\"checkbox\" name=\"checkbox-wallbox[]\" value=\"nie\" tabindex=\"\" \/><\/label><\/span><span class=\"wpcf7-list-item last\"><label><span class=\"wpcf7-list-item-label\">v bud\u00facnosti<\/span><input type=\"checkbox\" name=\"checkbox-wallbox[]\" value=\"v bud\u00facnosti\" tabindex=\"\" \/><\/label><\/span><\/span><\/span>\n<\/p>\n<p><label> Pozn\u00e1mky<br \/>\n<span class=\"wpcf7-form-control-wrap\" data-name=\"your-message\"><textarea cols=\"40\" rows=\"10\" class=\"wpcf7-form-control wpcf7-textarea\" aria-invalid=\"false\" name=\"your-message\"><\/textarea><\/span> <\/label>\n<\/p>\n<p><input class=\"wpcf7-form-control has-spinner wpcf7-submit\" type=\"submit\" value=\"Odosla\u0165\" \/>\n<\/p><div class=\"wpcf7-response-output\" aria-hidden=\"true\"><\/div>\n<\/form>\n<\/div>\n\r\n\t\t\r\n\t\t<p class=\"uf\">vypl\u0148te formul\u00e1r alebo n\u00e1m zavolajte na <a href=\"tel:+421 947 918 390\">+421 947 918 390<\/a><\/p>\r\n\t\t\r\n\t<\/div>\r\n<\/div>\r\n\r\n\r\n<div id=\"fvb\">\r\n\r\n\r\n<\/div>\r\n\r\n\r\n<\/div>","protected":false},"excerpt":{"rendered":"Formul\u00e1r: Z\u00e1ujem o fotovoltick\u00fa elektr\u00e1re\u0148 vypl\u0148te formul\u00e1r alebo n\u00e1m zavolajte na +421 947 918 390","protected":false},"author":1,"featured_media":0,"parent":0,"menu_order":0,"comment_status":"closed","ping_status":"closed","template":"","meta":{"inline_featured_image":false,"footnotes":""},"class_list":["post-696","page","type-page","status-publish","hentry","entry"],"yoast_head":"<!-- This site is optimized with the Yoast SEO plugin v19.12 - https:\/\/yoast.com\/wordpress\/plugins\/seo\/ -->\n<title>Formul\u00e1r | PV SERVICE PLUS<\/title>\n<meta name=\"robots\" content=\"index, follow, max-snippet:-1, max-image-preview:large, max-video-preview:-1\" \/>\n<link rel=\"canonical\" href=\"https:\/\/pvserviceplus.cz\/sk\/formular\/\" \/>\n<meta property=\"og:locale\" content=\"sk_SK\" \/>\n<meta property=\"og:type\" content=\"article\" \/>\n<meta property=\"og:title\" content=\"Formul\u00e1r | PV SERVICE PLUS\" \/>\n<meta property=\"og:description\" content=\"Formul\u00e1r: Z\u00e1ujem o fotovoltick\u00fa elektr\u00e1re\u0148 vypl\u0148te formul\u00e1r alebo n\u00e1m zavolajte na +421 947 918 390\" \/>\n<meta property=\"og:url\" content=\"https:\/\/pvserviceplus.cz\/sk\/formular\/\" \/>\n<meta property=\"og:site_name\" content=\"PV SERVICE PLUS\" \/>\n<meta property=\"article:publisher\" content=\"https:\/\/www.facebook.com\/PVServicePlussro\/\" \/>\n<meta property=\"article:modified_time\" content=\"2023-02-03T17:45:38+00:00\" \/>\n<meta name=\"twitter:card\" content=\"summary_large_image\" \/>\n<meta name=\"twitter:label1\" content=\"Predpokladan\u00fd \u010das \u010d\u00edtania\" \/>\n\t<meta name=\"twitter:data1\" content=\"1 min\u00fata\" \/>\n<script type=\"application\/ld+json\" class=\"yoast-schema-graph\">{\"@context\":\"https:\/\/schema.org\",\"@graph\":[{\"@type\":\"WebPage\",\"@id\":\"https:\/\/pvserviceplus.cz\/sk\/formular\/\",\"url\":\"https:\/\/pvserviceplus.cz\/sk\/formular\/\",\"name\":\"Formul\u00e1r | PV SERVICE PLUS\",\"isPartOf\":{\"@id\":\"https:\/\/pvserviceplus.cz\/#website\"},\"datePublished\":\"2023-02-03T14:48:35+00:00\",\"dateModified\":\"2023-02-03T17:45:38+00:00\",\"breadcrumb\":{\"@id\":\"https:\/\/pvserviceplus.cz\/sk\/formular\/#breadcrumb\"},\"inLanguage\":\"sk-SK\",\"potentialAction\":[{\"@type\":\"ReadAction\",\"target\":[\"https:\/\/pvserviceplus.cz\/sk\/formular\/\"]}]},{\"@type\":\"BreadcrumbList\",\"@id\":\"https:\/\/pvserviceplus.cz\/sk\/formular\/#breadcrumb\",\"itemListElement\":[{\"@type\":\"ListItem\",\"position\":1,\"name\":\"Dom\u016f\",\"item\":\"https:\/\/pvserviceplus.cz\/\"},{\"@type\":\"ListItem\",\"position\":2,\"name\":\"Formul\u00e1r\"}]},{\"@type\":\"WebSite\",\"@id\":\"https:\/\/pvserviceplus.cz\/#website\",\"url\":\"https:\/\/pvserviceplus.cz\/\",\"name\":\"PV SERVICE PLUS\",\"description\":\"Stav\u00edme fotovoltaick\u00e9 elektr\u00e1rny na kl\u00ed\u010d pro dom\u00e1cnosti i pro firmy\",\"publisher\":{\"@id\":\"https:\/\/pvserviceplus.cz\/#organization\"},\"potentialAction\":[{\"@type\":\"SearchAction\",\"target\":{\"@type\":\"EntryPoint\",\"urlTemplate\":\"https:\/\/pvserviceplus.cz\/?s={search_term_string}\"},\"query-input\":\"required name=search_term_string\"}],\"inLanguage\":\"sk-SK\"},{\"@type\":\"Organization\",\"@id\":\"https:\/\/pvserviceplus.cz\/#organization\",\"name\":\"PV SERVICE PLUS\",\"url\":\"https:\/\/pvserviceplus.cz\/\",\"logo\":{\"@type\":\"ImageObject\",\"inLanguage\":\"sk-SK\",\"@id\":\"https:\/\/pvserviceplus.cz\/#\/schema\/logo\/image\/\",\"url\":\"https:\/\/pvserviceplus.cz\/wp-content\/uploads\/2021\/10\/logo.svg\",\"contentUrl\":\"https:\/\/pvserviceplus.cz\/wp-content\/uploads\/2021\/10\/logo.svg\",\"width\":\"1024\",\"height\":\"1024\",\"caption\":\"PV SERVICE PLUS\"},\"image\":{\"@id\":\"https:\/\/pvserviceplus.cz\/#\/schema\/logo\/image\/\"},\"sameAs\":[\"https:\/\/www.facebook.com\/PVServicePlussro\/\"]}]}<\/script>\n<!-- \/ Yoast SEO plugin. -->","yoast_head_json":{"title":"Formul\u00e1r | PV SERVICE PLUS","robots":{"index":"index","follow":"follow","max-snippet":"max-snippet:-1","max-image-preview":"max-image-preview:large","max-video-preview":"max-video-preview:-1"},"canonical":"https:\/\/pvserviceplus.cz\/sk\/formular\/","og_locale":"sk_SK","og_type":"article","og_title":"Formul\u00e1r | PV SERVICE PLUS","og_description":"Formul\u00e1r: Z\u00e1ujem o fotovoltick\u00fa elektr\u00e1re\u0148 vypl\u0148te formul\u00e1r alebo n\u00e1m zavolajte na +421 947 918 390","og_url":"https:\/\/pvserviceplus.cz\/sk\/formular\/","og_site_name":"PV SERVICE PLUS","article_publisher":"https:\/\/www.facebook.com\/PVServicePlussro\/","article_modified_time":"2023-02-03T17:45:38+00:00","twitter_card":"summary_large_image","twitter_misc":{"Predpokladan\u00fd \u010das \u010d\u00edtania":"1 min\u00fata"},"schema":{"@context":"https:\/\/schema.org","@graph":[{"@type":"WebPage","@id":"https:\/\/pvserviceplus.cz\/sk\/formular\/","url":"https:\/\/pvserviceplus.cz\/sk\/formular\/","name":"Formul\u00e1r | PV SERVICE PLUS","isPartOf":{"@id":"https:\/\/pvserviceplus.cz\/#website"},"datePublished":"2023-02-03T14:48:35+00:00","dateModified":"2023-02-03T17:45:38+00:00","breadcrumb":{"@id":"https:\/\/pvserviceplus.cz\/sk\/formular\/#breadcrumb"},"inLanguage":"sk-SK","potentialAction":[{"@type":"ReadAction","target":["https:\/\/pvserviceplus.cz\/sk\/formular\/"]}]},{"@type":"BreadcrumbList","@id":"https:\/\/pvserviceplus.cz\/sk\/formular\/#breadcrumb","itemListElement":[{"@type":"ListItem","position":1,"name":"Dom\u016f","item":"https:\/\/pvserviceplus.cz\/"},{"@type":"ListItem","position":2,"name":"Formul\u00e1r"}]},{"@type":"WebSite","@id":"https:\/\/pvserviceplus.cz\/#website","url":"https:\/\/pvserviceplus.cz\/","name":"PV SERVICE PLUS","description":"Stav\u00edme fotovoltaick\u00e9 elektr\u00e1rny na kl\u00ed\u010d pro dom\u00e1cnosti i pro firmy","publisher":{"@id":"https:\/\/pvserviceplus.cz\/#organization"},"potentialAction":[{"@type":"SearchAction","target":{"@type":"EntryPoint","urlTemplate":"https:\/\/pvserviceplus.cz\/?s={search_term_string}"},"query-input":"required name=search_term_string"}],"inLanguage":"sk-SK"},{"@type":"Organization","@id":"https:\/\/pvserviceplus.cz\/#organization","name":"PV SERVICE PLUS","url":"https:\/\/pvserviceplus.cz\/","logo":{"@type":"ImageObject","inLanguage":"sk-SK","@id":"https:\/\/pvserviceplus.cz\/#\/schema\/logo\/image\/","url":"https:\/\/pvserviceplus.cz\/wp-content\/uploads\/2021\/10\/logo.svg","contentUrl":"https:\/\/pvserviceplus.cz\/wp-content\/uploads\/2021\/10\/logo.svg","width":"1024","height":"1024","caption":"PV SERVICE PLUS"},"image":{"@id":"https:\/\/pvserviceplus.cz\/#\/schema\/logo\/image\/"},"sameAs":["https:\/\/www.facebook.com\/PVServicePlussro\/"]}]}},"_links":{"self":[{"href":"https:\/\/pvserviceplus.cz\/sk\/wp-json\/wp\/v2\/pages\/696","targetHints":{"allow":["GET"]}}],"collection":[{"href":"https:\/\/pvserviceplus.cz\/sk\/wp-json\/wp\/v2\/pages"}],"about":[{"href":"https:\/\/pvserviceplus.cz\/sk\/wp-json\/wp\/v2\/types\/page"}],"author":[{"embeddable":true,"href":"https:\/\/pvserviceplus.cz\/sk\/wp-json\/wp\/v2\/users\/1"}],"replies":[{"embeddable":true,"href":"https:\/\/pvserviceplus.cz\/sk\/wp-json\/wp\/v2\/comments?post=696"}],"version-history":[{"count":8,"href":"https:\/\/pvserviceplus.cz\/sk\/wp-json\/wp\/v2\/pages\/696\/revisions"}],"predecessor-version":[{"id":705,"href":"https:\/\/pvserviceplus.cz\/sk\/wp-json\/wp\/v2\/pages\/696\/revisions\/705"}],"wp:attachment":[{"href":"https:\/\/pvserviceplus.cz\/sk\/wp-json\/wp\/v2\/media?parent=696"}],"curies":[{"name":"wp","href":"https:\/\/api.w.org\/{rel}","templated":true}]}}