{"id":3582,"date":"2025-11-21T10:55:24","date_gmt":"2025-11-21T09:55:24","guid":{"rendered":"https:\/\/pvserviceplus.cz\/staznosti\/"},"modified":"2025-12-01T10:02:35","modified_gmt":"2025-12-01T09:02:35","slug":"reklamacie","status":"publish","type":"page","link":"https:\/\/pvserviceplus.cz\/sk\/reklamacie\/","title":{"rendered":"Reklam\u00e1cie"},"content":{"rendered":" <style>\r\n#main .entry-content {background-color:black}\r\n<\/style>\r\n<div id=\"about-us-banner\" class=\"reklamace\" style=\"\">\r\n  <div class=\"content\">\r\n  \r\n    <h1 style=\"color:#F38622\">\r\nOdborn\u00e9 vybavenie reklam\u00e1cie<\/h1>\r\n    <p>\r\n\u010ci u\u017e ide o fotovoltick\u00fa elektr\u00e1re\u0148, bat\u00e9riov\u00e9 \u00falo\u017eisko alebo \u010fal\u0161ie prvky energetick\u00e9ho syst\u00e9mu, zabezpe\u010d\u00edme odborn\u00e9 pos\u00fadenie a rie\u0161enie v\u00e1\u0161ho hl\u00e1senia.\r\n\r\n      <\/p>\r\n   \r\n    <a class=\"btn\" href=\"#objednat\">Nahl\u00e1senie reklam\u00e1cie<\/a>\r\n\t<i class=\"scroll-cue\" aria-label=\"Scroll down\"><\/i>\r\n  <\/div>\r\n \r\n<\/div>\r\n\r\n\r\n<div class=\"obsh\" id=\"reklamace\">\r\n\r\n\r\n\r\nPo odoslan\u00ed formul\u00e1ra vykon\u00e1me diagnostiku \u2013 najprv na dia\u013eku, a ak to bude potrebn\u00e9, dohodneme n\u00e1v\u0161tevu technika u v\u00e1s.\r\n\r\nNa z\u00e1klade zisten\u00ed navrhneme vhodn\u00fd postup a zabezpe\u010d\u00edme vykonanie opravy alebo \u00fapravy syst\u00e9mu.\r\n\r\n\r\nNa\u0161\u00edm cie\u013eom je, aby va\u0161e technol\u00f3gie op\u00e4\u0165 fungovali spo\u013eahlivo a v plnom rozsahu.\r\n<div id=\"popup\" class=\"embed no-picture\" data-aos=\"fade-up\" data-aos-delay=\"100\" data-aos-offset=\"0\">\r\n\t<div id=\"objednat\" data-aos=\"fade-up\" data-aos-delay=\"100\" data-aos-offset=\"0\" style=\"text-align:center; margin-bottom:20px;\">\r\n\t\n<div class=\"wpcf7 no-js\" id=\"wpcf7-f3585-o1\" lang=\"sk-SK\" dir=\"ltr\">\n<div class=\"screen-reader-response\"><p role=\"status\" aria-live=\"polite\" aria-atomic=\"true\"><\/p> <ul><\/ul><\/div>\n<form action=\"\/sk\/wp-json\/wp\/v2\/pages\/3582#wpcf7-f3585-o1\" method=\"post\" class=\"wpcf7-form init\" aria-label=\"Contact form\" enctype=\"multipart\/form-data\" novalidate=\"novalidate\" data-status=\"init\">\n<div style=\"display: none;\">\n<input type=\"hidden\" name=\"_wpcf7\" value=\"3585\" \/>\n<input type=\"hidden\" name=\"_wpcf7_version\" value=\"5.7.3\" \/>\n<input type=\"hidden\" name=\"_wpcf7_locale\" value=\"sk_SK\" \/>\n<input type=\"hidden\" name=\"_wpcf7_unit_tag\" value=\"wpcf7-f3585-o1\" \/>\n<input type=\"hidden\" name=\"_wpcf7_container_post\" value=\"0\" \/>\n<input type=\"hidden\" name=\"_wpcf7_posted_data_hash\" value=\"\" \/>\n<input type=\"hidden\" name=\"_wpcf7cf_hidden_group_fields\" value=\"[]\" \/>\n<input type=\"hidden\" name=\"_wpcf7cf_hidden_groups\" value=\"[]\" \/>\n<input type=\"hidden\" name=\"_wpcf7cf_visible_groups\" value=\"[]\" \/>\n<input type=\"hidden\" name=\"_wpcf7cf_repeaters\" value=\"[]\" \/>\n<input type=\"hidden\" name=\"_wpcf7cf_steps\" value=\"{}\" \/>\n<input type=\"hidden\" name=\"_wpcf7cf_options\" value=\"{&quot;form_id&quot;:3585,&quot;conditions&quot;:[],&quot;settings&quot;:{&quot;animation&quot;:&quot;yes&quot;,&quot;animation_intime&quot;:200,&quot;animation_outtime&quot;:200,&quot;conditions_ui&quot;:&quot;normal&quot;,&quot;notice_dismissed&quot;:false}}\" \/>\n<input type=\"hidden\" name=\"_wpcf7_recaptcha_response\" value=\"\" \/>\n<\/div>\n<h2>HL\u00c1SENIE PORUCHY ALEBO REKLAM\u00c1CIE\n<\/h2>\n<p><br \/>\nM\u00e1te probl\u00e9m s niektor\u00fdm zo syst\u00e9mov? Nahl\u00e1ste ho pomocou formul\u00e1ra a my sa v\u00e1m v \u010do najkrat\u0161om term\u00edne ozveme, vykon\u00e1me diagnostiku alebo zabezpe\u010d\u00edme opravu.\n<\/p>\n<p><br \/>\n<label> \u010c\u00edslo zmluvy *<br \/>\n<span class=\"wpcf7-form-control-wrap\" data-name=\"contract-number\"><input size=\"40\" class=\"wpcf7-form-control wpcf7-text wpcf7-validates-as-required\" aria-required=\"true\" aria-invalid=\"false\" placeholder=\"\u010c\u00edslo zmluvy\" value=\"\" type=\"text\" name=\"contract-number\" \/><\/span> <\/label>\n<\/p>\n<p><br \/>\n<label> Meno a priezvisko *<br \/>\n<span class=\"wpcf7-form-control-wrap\" data-name=\"your-name\"><input size=\"40\" class=\"wpcf7-form-control wpcf7-text wpcf7-validates-as-required\" aria-required=\"true\" aria-invalid=\"false\" placeholder=\"Meno a priezvisko\" value=\"\" type=\"text\" name=\"your-name\" \/><\/span> <\/label>\n<\/p>\n<p><br \/>\n<label> E-mail *<br \/>\n<span class=\"wpcf7-form-control-wrap\" data-name=\"your-email\"><input size=\"40\" class=\"wpcf7-form-control wpcf7-text wpcf7-email wpcf7-validates-as-required wpcf7-validates-as-email\" aria-required=\"true\" aria-invalid=\"false\" placeholder=\"E-mail\" value=\"\" type=\"email\" name=\"your-email\" \/><\/span> <\/label>\n<\/p>\n<p><br \/>\n<label> Telef\u00f3n *<br \/>\n<span class=\"wpcf7-form-control-wrap\" data-name=\"your-phone\"><input size=\"40\" class=\"wpcf7-form-control wpcf7-text wpcf7-tel wpcf7-validates-as-required wpcf7-validates-as-tel\" aria-required=\"true\" aria-invalid=\"false\" placeholder=\"Telef\u00f3n\" value=\"\" type=\"tel\" name=\"your-phone\" \/><\/span> <\/label>\n<\/p>\n<p><br \/>\n<label> Popis *<br \/>\n<span class=\"wpcf7-form-control-wrap\" data-name=\"your-message\"><textarea cols=\"40\" rows=\"10\" class=\"wpcf7-form-control wpcf7-textarea wpcf7-validates-as-required\" aria-required=\"true\" aria-invalid=\"false\" placeholder=\"Pre ur\u00fdchlenie rie\u0161enia pros\u00edme o popis v\u00e1\u0161ho po\u017eiadavku, m\u00f4\u017eete prida\u0165 aj fotografie.\" name=\"your-message\"><\/textarea><\/span> <\/label>\n<\/p>\n<p><br \/>\n<label> Pr\u00edloha<br \/>\n<span class=\"wpcf7-form-control-wrap\" data-name=\"your-file\"><input size=\"40\" class=\"wpcf7-form-control wpcf7-file\" accept=\".jpg,.jpeg,.png,.pdf,.doc,.docx\" aria-invalid=\"false\" type=\"file\" name=\"your-file\" \/><\/span> <\/label>\n<\/p>\n<p><strong>TYP HL\u00c1SENIA *<\/strong>\n<\/p>\n<p><span class=\"wpcf7-form-control-wrap\" data-name=\"report-type\"><span class=\"wpcf7-form-control wpcf7-checkbox wpcf7-validates-as-required\"><span class=\"wpcf7-list-item first\"><label><input type=\"checkbox\" name=\"report-type[]\" value=\"Porucha\" tabindex=\"\" \/><span class=\"wpcf7-list-item-label\">Porucha<\/span><\/label><\/span><span class=\"wpcf7-list-item last\"><label><input type=\"checkbox\" name=\"report-type[]\" value=\"Reklam\u00e1cia\" tabindex=\"\" \/><span class=\"wpcf7-list-item-label\">Reklam\u00e1cia<\/span><\/label><\/span><\/span><\/span>\n<\/p>\n<p><strong>T\u00ddKA SA *<\/strong>\n<\/p>\n<p><span class=\"wpcf7-form-control-wrap\" data-name=\"system-type\"><span class=\"wpcf7-form-control wpcf7-checkbox wpcf7-validates-as-required\"><span class=\"wpcf7-list-item first\"><label><input type=\"checkbox\" name=\"system-type[]\" value=\"Fotovoltick\u00e1 elektr\u00e1re\u0148 \u2013 strecha\" tabindex=\"\" \/><span class=\"wpcf7-list-item-label\">Fotovoltick\u00e1 elektr\u00e1re\u0148 \u2013 strecha<\/span><\/label><\/span><span class=\"wpcf7-list-item\"><label><input type=\"checkbox\" name=\"system-type[]\" value=\"Fotovoltick\u00e1 elektr\u00e1re\u0148 \u2013 elektro\" tabindex=\"\" \/><span class=\"wpcf7-list-item-label\">Fotovoltick\u00e1 elektr\u00e1re\u0148 \u2013 elektro<\/span><\/label><\/span><span class=\"wpcf7-list-item\"><label><input type=\"checkbox\" name=\"system-type[]\" value=\"Fotovoltick\u00e1 elektr\u00e1re\u0148 \u2013 bat\u00e9rie\" tabindex=\"\" \/><span class=\"wpcf7-list-item-label\">Fotovoltick\u00e1 elektr\u00e1re\u0148 \u2013 bat\u00e9rie<\/span><\/label><\/span><span class=\"wpcf7-list-item\"><label><input type=\"checkbox\" name=\"system-type[]\" value=\"Fotovoltick\u00e1 elektr\u00e1re\u0148 \u2013 rev\u00edzia\" tabindex=\"\" \/><span class=\"wpcf7-list-item-label\">Fotovoltick\u00e1 elektr\u00e1re\u0148 \u2013 rev\u00edzia<\/span><\/label><\/span><span class=\"wpcf7-list-item\"><label><input type=\"checkbox\" name=\"system-type[]\" value=\"EMS\" tabindex=\"\" \/><span class=\"wpcf7-list-item-label\">EMS<\/span><\/label><\/span><span class=\"wpcf7-list-item last\"><label><input type=\"checkbox\" name=\"system-type[]\" value=\"Faktur\u00e1cia\" tabindex=\"\" \/><span class=\"wpcf7-list-item-label\">Faktur\u00e1cia<\/span><\/label><\/span><\/span><\/span>\n<\/p>\n<p>Odoslan\u00edm s\u00fahlas\u00edte so spracovan\u00edm osobn\u00fdch \u00fadajov.\n<\/p>\n<p><input class=\"wpcf7-form-control has-spinner wpcf7-submit\" type=\"submit\" value=\"Odosla\u0165 formul\u00e1r\" \/>\n<\/p><div class=\"wpcf7-response-output\" aria-hidden=\"true\"><\/div>\n<\/form>\n<\/div>\n\r\n\t\r\n\t\t\r\n\t<\/div>\r\n<\/div>\r\n\t\r\n\r\n\t\r\n\t<\/div>\r\n\t\r\n\t\r\n\t\r\n\r\n","protected":false},"excerpt":{"rendered":"Odborn\u00e9 vybavenie reklam\u00e1cie \u010ci u\u017e ide o fotovoltick\u00fa elektr\u00e1re\u0148, bat\u00e9riov\u00e9 \u00falo\u017eisko alebo \u010fal\u0161ie prvky energetick\u00e9ho syst\u00e9mu, zabezpe\u010d\u00edme odborn\u00e9 pos\u00fadenie a rie\u0161enie v\u00e1\u0161ho hl\u00e1senia. Nahl\u00e1senie reklam\u00e1cie Po odoslan\u00ed formul\u00e1ra vykon\u00e1me diagnostiku \u2013 najprv na dia\u013eku, a ak to bude potrebn\u00e9, dohodneme n\u00e1v\u0161tevu technika u v\u00e1s. Na z\u00e1klade zisten\u00ed navrhneme vhodn\u00fd postup a zabezpe\u010d\u00edme vykonanie opravy alebo&hellip; <a class=\"more-link\" href=\"https:\/\/pvserviceplus.cz\/sk\/reklamacie\/\">Pokra\u010dova\u0165 v \u010d\u00edtan\u00ed <span class=\"screen-reader-text\">Reklam\u00e1cie<\/span><\/a>","protected":false},"author":1,"featured_media":0,"parent":0,"menu_order":0,"comment_status":"closed","ping_status":"closed","template":"","meta":{"inline_featured_image":false,"footnotes":""},"class_list":["post-3582","page","type-page","status-publish","hentry","entry"],"yoast_head":"<!-- This site is optimized with the Yoast SEO plugin v19.12 - https:\/\/yoast.com\/wordpress\/plugins\/seo\/ -->\n<title>Reklam\u00e1cie | PV SERVICE PLUS<\/title>\n<meta name=\"robots\" content=\"index, follow, max-snippet:-1, max-image-preview:large, max-video-preview:-1\" \/>\n<link rel=\"canonical\" href=\"https:\/\/pvserviceplus.cz\/sk\/reklamacie\/\" \/>\n<meta property=\"og:locale\" content=\"sk_SK\" \/>\n<meta property=\"og:type\" content=\"article\" \/>\n<meta property=\"og:title\" content=\"Reklam\u00e1cie | PV SERVICE PLUS\" \/>\n<meta property=\"og:description\" content=\"Odborn\u00e9 vybavenie reklam\u00e1cie \u010ci u\u017e ide o fotovoltick\u00fa elektr\u00e1re\u0148, bat\u00e9riov\u00e9 \u00falo\u017eisko alebo \u010fal\u0161ie prvky energetick\u00e9ho syst\u00e9mu, zabezpe\u010d\u00edme odborn\u00e9 pos\u00fadenie a rie\u0161enie v\u00e1\u0161ho hl\u00e1senia. Nahl\u00e1senie reklam\u00e1cie Po odoslan\u00ed formul\u00e1ra vykon\u00e1me diagnostiku \u2013 najprv na dia\u013eku, a ak to bude potrebn\u00e9, dohodneme n\u00e1v\u0161tevu technika u v\u00e1s. Na z\u00e1klade zisten\u00ed navrhneme vhodn\u00fd postup a zabezpe\u010d\u00edme vykonanie opravy alebo&hellip; Pokra\u010dova\u0165 v \u010d\u00edtan\u00ed Reklam\u00e1cie\" \/>\n<meta property=\"og:url\" content=\"https:\/\/pvserviceplus.cz\/sk\/reklamacie\/\" \/>\n<meta property=\"og:site_name\" content=\"PV SERVICE PLUS\" \/>\n<meta property=\"article:publisher\" content=\"https:\/\/www.facebook.com\/PVServicePlussro\/\" \/>\n<meta property=\"article:modified_time\" content=\"2025-12-01T09:02:35+00:00\" \/>\n<meta name=\"twitter:card\" content=\"summary_large_image\" \/>\n<meta name=\"twitter:label1\" content=\"Predpokladan\u00fd \u010das \u010d\u00edtania\" \/>\n\t<meta name=\"twitter:data1\" content=\"1 min\u00fata\" \/>\n<script type=\"application\/ld+json\" class=\"yoast-schema-graph\">{\"@context\":\"https:\/\/schema.org\",\"@graph\":[{\"@type\":\"WebPage\",\"@id\":\"https:\/\/pvserviceplus.cz\/sk\/reklamacie\/\",\"url\":\"https:\/\/pvserviceplus.cz\/sk\/reklamacie\/\",\"name\":\"Reklam\u00e1cie | PV SERVICE PLUS\",\"isPartOf\":{\"@id\":\"https:\/\/pvserviceplus.cz\/#website\"},\"datePublished\":\"2025-11-21T09:55:24+00:00\",\"dateModified\":\"2025-12-01T09:02:35+00:00\",\"breadcrumb\":{\"@id\":\"https:\/\/pvserviceplus.cz\/sk\/reklamacie\/#breadcrumb\"},\"inLanguage\":\"sk-SK\",\"potentialAction\":[{\"@type\":\"ReadAction\",\"target\":[\"https:\/\/pvserviceplus.cz\/sk\/reklamacie\/\"]}]},{\"@type\":\"BreadcrumbList\",\"@id\":\"https:\/\/pvserviceplus.cz\/sk\/reklamacie\/#breadcrumb\",\"itemListElement\":[{\"@type\":\"ListItem\",\"position\":1,\"name\":\"Dom\u016f\",\"item\":\"https:\/\/pvserviceplus.cz\/\"},{\"@type\":\"ListItem\",\"position\":2,\"name\":\"Reklam\u00e1cie\"}]},{\"@type\":\"WebSite\",\"@id\":\"https:\/\/pvserviceplus.cz\/#website\",\"url\":\"https:\/\/pvserviceplus.cz\/\",\"name\":\"PV SERVICE PLUS\",\"description\":\"Stav\u00edme fotovoltaick\u00e9 elektr\u00e1rny na kl\u00ed\u010d pro dom\u00e1cnosti i pro firmy\",\"publisher\":{\"@id\":\"https:\/\/pvserviceplus.cz\/#organization\"},\"potentialAction\":[{\"@type\":\"SearchAction\",\"target\":{\"@type\":\"EntryPoint\",\"urlTemplate\":\"https:\/\/pvserviceplus.cz\/?s={search_term_string}\"},\"query-input\":\"required name=search_term_string\"}],\"inLanguage\":\"sk-SK\"},{\"@type\":\"Organization\",\"@id\":\"https:\/\/pvserviceplus.cz\/#organization\",\"name\":\"PV SERVICE PLUS\",\"url\":\"https:\/\/pvserviceplus.cz\/\",\"logo\":{\"@type\":\"ImageObject\",\"inLanguage\":\"sk-SK\",\"@id\":\"https:\/\/pvserviceplus.cz\/#\/schema\/logo\/image\/\",\"url\":\"https:\/\/pvserviceplus.cz\/wp-content\/uploads\/2021\/10\/logo.svg\",\"contentUrl\":\"https:\/\/pvserviceplus.cz\/wp-content\/uploads\/2021\/10\/logo.svg\",\"width\":\"1024\",\"height\":\"1024\",\"caption\":\"PV SERVICE PLUS\"},\"image\":{\"@id\":\"https:\/\/pvserviceplus.cz\/#\/schema\/logo\/image\/\"},\"sameAs\":[\"https:\/\/www.facebook.com\/PVServicePlussro\/\"]}]}<\/script>\n<!-- \/ Yoast SEO plugin. -->","yoast_head_json":{"title":"Reklam\u00e1cie | PV SERVICE PLUS","robots":{"index":"index","follow":"follow","max-snippet":"max-snippet:-1","max-image-preview":"max-image-preview:large","max-video-preview":"max-video-preview:-1"},"canonical":"https:\/\/pvserviceplus.cz\/sk\/reklamacie\/","og_locale":"sk_SK","og_type":"article","og_title":"Reklam\u00e1cie | PV SERVICE PLUS","og_description":"Odborn\u00e9 vybavenie reklam\u00e1cie \u010ci u\u017e ide o fotovoltick\u00fa elektr\u00e1re\u0148, bat\u00e9riov\u00e9 \u00falo\u017eisko alebo \u010fal\u0161ie prvky energetick\u00e9ho syst\u00e9mu, zabezpe\u010d\u00edme odborn\u00e9 pos\u00fadenie a rie\u0161enie v\u00e1\u0161ho hl\u00e1senia. Nahl\u00e1senie reklam\u00e1cie Po odoslan\u00ed formul\u00e1ra vykon\u00e1me diagnostiku \u2013 najprv na dia\u013eku, a ak to bude potrebn\u00e9, dohodneme n\u00e1v\u0161tevu technika u v\u00e1s. Na z\u00e1klade zisten\u00ed navrhneme vhodn\u00fd postup a zabezpe\u010d\u00edme vykonanie opravy alebo&hellip; Pokra\u010dova\u0165 v \u010d\u00edtan\u00ed Reklam\u00e1cie","og_url":"https:\/\/pvserviceplus.cz\/sk\/reklamacie\/","og_site_name":"PV SERVICE PLUS","article_publisher":"https:\/\/www.facebook.com\/PVServicePlussro\/","article_modified_time":"2025-12-01T09:02:35+00:00","twitter_card":"summary_large_image","twitter_misc":{"Predpokladan\u00fd \u010das \u010d\u00edtania":"1 min\u00fata"},"schema":{"@context":"https:\/\/schema.org","@graph":[{"@type":"WebPage","@id":"https:\/\/pvserviceplus.cz\/sk\/reklamacie\/","url":"https:\/\/pvserviceplus.cz\/sk\/reklamacie\/","name":"Reklam\u00e1cie | PV SERVICE PLUS","isPartOf":{"@id":"https:\/\/pvserviceplus.cz\/#website"},"datePublished":"2025-11-21T09:55:24+00:00","dateModified":"2025-12-01T09:02:35+00:00","breadcrumb":{"@id":"https:\/\/pvserviceplus.cz\/sk\/reklamacie\/#breadcrumb"},"inLanguage":"sk-SK","potentialAction":[{"@type":"ReadAction","target":["https:\/\/pvserviceplus.cz\/sk\/reklamacie\/"]}]},{"@type":"BreadcrumbList","@id":"https:\/\/pvserviceplus.cz\/sk\/reklamacie\/#breadcrumb","itemListElement":[{"@type":"ListItem","position":1,"name":"Dom\u016f","item":"https:\/\/pvserviceplus.cz\/"},{"@type":"ListItem","position":2,"name":"Reklam\u00e1cie"}]},{"@type":"WebSite","@id":"https:\/\/pvserviceplus.cz\/#website","url":"https:\/\/pvserviceplus.cz\/","name":"PV SERVICE PLUS","description":"Stav\u00edme fotovoltaick\u00e9 elektr\u00e1rny na kl\u00ed\u010d pro dom\u00e1cnosti i pro firmy","publisher":{"@id":"https:\/\/pvserviceplus.cz\/#organization"},"potentialAction":[{"@type":"SearchAction","target":{"@type":"EntryPoint","urlTemplate":"https:\/\/pvserviceplus.cz\/?s={search_term_string}"},"query-input":"required name=search_term_string"}],"inLanguage":"sk-SK"},{"@type":"Organization","@id":"https:\/\/pvserviceplus.cz\/#organization","name":"PV SERVICE PLUS","url":"https:\/\/pvserviceplus.cz\/","logo":{"@type":"ImageObject","inLanguage":"sk-SK","@id":"https:\/\/pvserviceplus.cz\/#\/schema\/logo\/image\/","url":"https:\/\/pvserviceplus.cz\/wp-content\/uploads\/2021\/10\/logo.svg","contentUrl":"https:\/\/pvserviceplus.cz\/wp-content\/uploads\/2021\/10\/logo.svg","width":"1024","height":"1024","caption":"PV SERVICE PLUS"},"image":{"@id":"https:\/\/pvserviceplus.cz\/#\/schema\/logo\/image\/"},"sameAs":["https:\/\/www.facebook.com\/PVServicePlussro\/"]}]}},"_links":{"self":[{"href":"https:\/\/pvserviceplus.cz\/sk\/wp-json\/wp\/v2\/pages\/3582","targetHints":{"allow":["GET"]}}],"collection":[{"href":"https:\/\/pvserviceplus.cz\/sk\/wp-json\/wp\/v2\/pages"}],"about":[{"href":"https:\/\/pvserviceplus.cz\/sk\/wp-json\/wp\/v2\/types\/page"}],"author":[{"embeddable":true,"href":"https:\/\/pvserviceplus.cz\/sk\/wp-json\/wp\/v2\/users\/1"}],"replies":[{"embeddable":true,"href":"https:\/\/pvserviceplus.cz\/sk\/wp-json\/wp\/v2\/comments?post=3582"}],"version-history":[{"count":3,"href":"https:\/\/pvserviceplus.cz\/sk\/wp-json\/wp\/v2\/pages\/3582\/revisions"}],"predecessor-version":[{"id":3586,"href":"https:\/\/pvserviceplus.cz\/sk\/wp-json\/wp\/v2\/pages\/3582\/revisions\/3586"}],"wp:attachment":[{"href":"https:\/\/pvserviceplus.cz\/sk\/wp-json\/wp\/v2\/media?parent=3582"}],"curies":[{"name":"wp","href":"https:\/\/api.w.org\/{rel}","templated":true}]}}