{"id":3543,"date":"2025-11-06T19:05:29","date_gmt":"2025-11-06T18:05:29","guid":{"rendered":"https:\/\/pvserviceplus.cz\/?page_id=3543"},"modified":"2025-11-14T14:50:47","modified_gmt":"2025-11-14T13:50:47","slug":"ukazka-nasho-energetickeho-manazmentu-ems","status":"publish","type":"page","link":"https:\/\/pvserviceplus.cz\/sk\/ukazka-nasho-energetickeho-manazmentu-ems\/","title":{"rendered":"Uk\u00e1\u017eka n\u00e1\u0161ho energetick\u00e9ho mana\u017ementu EMS"},"content":{"rendered":"<style>\r\n#main .entry-content {background-color:black}\r\n<\/style>\r\n<div id=\"about-us-banner\" class=\"EMS\">\r\n  <div class=\"content\">\r\n    <a target=\"_blank\" href=\"https:\/\/dns.loxonecloud.com\/504F94A2E760\" class=\"loxone\">\r\n      <img decoding=\"async\" src=\"https:\/\/pvserviceplus.cz\/wp-content\/uploads\/2025\/11\/loxone-1.png\">\r\n    <\/a>\r\n    <h1 style=\"color:#F38622\">Uk\u00e1\u017eka n\u00e1\u0161ho <br>energetick\u00e9ho mana\u017ementu EMS<\/h1>\r\n    <p>\r\n      Chcete vidie\u0165, ako v praxi funguje riadenie energie v re\u00e1lnom dome alebo firme? Pripravili sme online pr\u00edstup do n\u00e1\u0161ho EMS syst\u00e9mu, kde si m\u00f4\u017eete prezrie\u0165 v\u00fdrobu, spotrebu aj spr\u00e1vanie jednotliv\u00fdch zariaden\u00ed v re\u00e1lnom \u010dase.\r\n    <\/p>\r\n    <a class=\"btn\" href=\"#objednat\">Z\u00edska\u0165 demo pr\u00edstup<\/a>\r\n    <i class=\"scroll-cue\" aria-label=\"Scroll down\"><\/i>\r\n  <\/div>\r\n<\/div>\r\n\r\n<div class=\"obsh\">\r\n<section>\r\n  <h2>Uk\u00e1\u017eka n\u00e1\u0161ho energetick\u00e9ho mana\u017ementu EMS<\/h2>\r\n<\/section>\r\n\r\n<div id=\"popup\" class=\"embed no-picture\" data-aos=\"fade-up\" data-aos-delay=\"100\" data-aos-offset=\"0\">\r\n  <div id=\"objednat\" style=\"text-align:center; margin-bottom:20px;\" data-aos=\"fade-up\" data-aos-delay=\"100\" data-aos-offset=\"0\">\r\n    <h2>Pr\u00edstup: <br><br>\r\n      <small>Meno: marketing <br>\r\n      Heslo: Marketing2025<\/small>\r\n    <\/h2>\r\n    <a href=\"https:\/\/dns.loxonecloud.com\/504F94A2E760\" target=\"_blank\" class=\"btn\">Demo pr\u00edstup<\/a>\r\n  <\/div>\r\n<\/div>\r\n\r\n<section>\r\n  <p>\r\n    Chcete vidie\u0165, ako v praxi funguje riadenie energie v re\u00e1lnom dome alebo firme? Pripravili sme online pr\u00edstup do n\u00e1\u0161ho EMS syst\u00e9mu, kde si m\u00f4\u017eete prezrie\u0165 v\u00fdrobu, spotrebu aj spr\u00e1vanie jednotliv\u00fdch zariaden\u00ed v re\u00e1lnom \u010dase.<br><br>\r\n\r\n    Po prihl\u00e1sen\u00ed uvid\u00edte kompletn\u00fd preh\u013ead energetick\u00fdch tokov, \u0161tatistiky, grafy aj detailn\u00e9 logy riadenia. T\u00e1to demo verzia sl\u00fa\u017ei ako uk\u00e1\u017eka pre z\u00e1kazn\u00edkov, ktor\u00ed zva\u017euj\u00fa in\u0161tal\u00e1ciu n\u00e1\u0161ho rie\u0161enia a chc\u00fa si overi\u0165, ako syst\u00e9m funguje v praxi.<br><br>\r\n  <\/p>\r\n\r\n  <h2>Video + screenshoty<\/h2>\r\n  <div style=\"width: 750px;\" class=\"wp-video\"><video class=\"wp-video-shortcode\" id=\"video-3543-1\" width=\"750\" height=\"457\" preload=\"metadata\" controls=\"controls\"><source type=\"video\/mp4\" src=\"https:\/\/pvserviceplus.cz\/wp-content\/uploads\/2025\/11\/EMS-pvserviceplus-video-o.mp4?_=1\" \/><a href=\"https:\/\/pvserviceplus.cz\/wp-content\/uploads\/2025\/11\/EMS-pvserviceplus-video-o.mp4\">https:\/\/pvserviceplus.cz\/wp-content\/uploads\/2025\/11\/EMS-pvserviceplus-video-o.mp4<\/a><\/video><\/div>\r\n  <div id='gallery-1' class='gallery galleryid-3543 gallery-columns-3 gallery-size-thumbnail'><figure class='gallery-item'>\n\t\t\t<div class='gallery-icon landscape'>\n\t\t\t\t<a href='https:\/\/pvserviceplus.cz\/wp-content\/uploads\/2025\/11\/pvservice-plus-ems-screen-1.jpg' title=\"\" data-rl_title=\"\" class=\"rl-gallery-link\" data-rl_caption=\"\" data-rel=\"lightbox-gallery-1\"><img loading=\"lazy\" decoding=\"async\" width=\"950\" height=\"665\" src=\"https:\/\/pvserviceplus.cz\/wp-content\/uploads\/2025\/11\/pvservice-plus-ems-screen-1-950x665.jpg\" class=\"attachment-thumbnail size-thumbnail\" alt=\"\" srcset=\"https:\/\/pvserviceplus.cz\/wp-content\/uploads\/2025\/11\/pvservice-plus-ems-screen-1-950x665.jpg 950w, https:\/\/pvserviceplus.cz\/wp-content\/uploads\/2025\/11\/pvservice-plus-ems-screen-1-300x209.jpg 300w\" sizes=\"auto, (max-width: 950px) 100vw, 950px\" style=\"width:100%;height:69.56%;max-width:956px;\" \/><\/a>\n\t\t\t<\/div><\/figure><figure class='gallery-item'>\n\t\t\t<div class='gallery-icon landscape'>\n\t\t\t\t<a href='https:\/\/pvserviceplus.cz\/wp-content\/uploads\/2025\/11\/pvservice-plus-ems-screen-2.jpg' title=\"\" data-rl_title=\"\" class=\"rl-gallery-link\" data-rl_caption=\"\" data-rel=\"lightbox-gallery-1\"><img loading=\"lazy\" decoding=\"async\" width=\"708\" height=\"567\" src=\"https:\/\/pvserviceplus.cz\/wp-content\/uploads\/2025\/11\/pvservice-plus-ems-screen-2.jpg\" class=\"attachment-thumbnail size-thumbnail\" alt=\"\" srcset=\"https:\/\/pvserviceplus.cz\/wp-content\/uploads\/2025\/11\/pvservice-plus-ems-screen-2.jpg 708w, https:\/\/pvserviceplus.cz\/wp-content\/uploads\/2025\/11\/pvservice-plus-ems-screen-2-300x240.jpg 300w\" sizes=\"auto, (max-width: 708px) 100vw, 708px\" style=\"width:100%;height:80.08%;max-width:708px;\" \/><\/a>\n\t\t\t<\/div><\/figure><figure class='gallery-item'>\n\t\t\t<div class='gallery-icon landscape'>\n\t\t\t\t<a href='https:\/\/pvserviceplus.cz\/wp-content\/uploads\/2025\/11\/pvservice-plus-ems-screen-3.jpg' title=\"\" data-rl_title=\"\" class=\"rl-gallery-link\" data-rl_caption=\"\" data-rel=\"lightbox-gallery-1\"><img loading=\"lazy\" decoding=\"async\" width=\"708\" height=\"567\" src=\"https:\/\/pvserviceplus.cz\/wp-content\/uploads\/2025\/11\/pvservice-plus-ems-screen-3.jpg\" class=\"attachment-thumbnail size-thumbnail\" alt=\"\" srcset=\"https:\/\/pvserviceplus.cz\/wp-content\/uploads\/2025\/11\/pvservice-plus-ems-screen-3.jpg 708w, https:\/\/pvserviceplus.cz\/wp-content\/uploads\/2025\/11\/pvservice-plus-ems-screen-3-300x240.jpg 300w\" sizes=\"auto, (max-width: 708px) 100vw, 708px\" style=\"width:100%;height:80.08%;max-width:708px;\" \/><\/a>\n\t\t\t<\/div><\/figure><figure class='gallery-item'>\n\t\t\t<div class='gallery-icon landscape'>\n\t\t\t\t<a href='https:\/\/pvserviceplus.cz\/wp-content\/uploads\/2025\/11\/pvservice-plus-ems-screen-4.jpg' title=\"\" data-rl_title=\"\" class=\"rl-gallery-link\" data-rl_caption=\"\" data-rel=\"lightbox-gallery-1\"><img loading=\"lazy\" decoding=\"async\" width=\"708\" height=\"567\" src=\"https:\/\/pvserviceplus.cz\/wp-content\/uploads\/2025\/11\/pvservice-plus-ems-screen-4.jpg\" class=\"attachment-thumbnail size-thumbnail\" alt=\"\" srcset=\"https:\/\/pvserviceplus.cz\/wp-content\/uploads\/2025\/11\/pvservice-plus-ems-screen-4.jpg 708w, https:\/\/pvserviceplus.cz\/wp-content\/uploads\/2025\/11\/pvservice-plus-ems-screen-4-300x240.jpg 300w\" sizes=\"auto, (max-width: 708px) 100vw, 708px\" style=\"width:100%;height:80.08%;max-width:708px;\" \/><\/a>\n\t\t\t<\/div><\/figure><figure class='gallery-item'>\n\t\t\t<div class='gallery-icon landscape'>\n\t\t\t\t<a href='https:\/\/pvserviceplus.cz\/wp-content\/uploads\/2025\/11\/pvservice-plus-ems-screen-5.jpg' title=\"\" data-rl_title=\"\" class=\"rl-gallery-link\" data-rl_caption=\"\" data-rel=\"lightbox-gallery-1\"><img loading=\"lazy\" decoding=\"async\" width=\"709\" height=\"709\" src=\"https:\/\/pvserviceplus.cz\/wp-content\/uploads\/2025\/11\/pvservice-plus-ems-screen-5.jpg\" class=\"attachment-thumbnail size-thumbnail\" alt=\"\" srcset=\"https:\/\/pvserviceplus.cz\/wp-content\/uploads\/2025\/11\/pvservice-plus-ems-screen-5.jpg 709w, https:\/\/pvserviceplus.cz\/wp-content\/uploads\/2025\/11\/pvservice-plus-ems-screen-5-300x300.jpg 300w\" sizes=\"auto, (max-width: 709px) 100vw, 709px\" style=\"width:100%;height:100%;max-width:709px;\" \/><\/a>\n\t\t\t<\/div><\/figure><figure class='gallery-item'>\n\t\t\t<div class='gallery-icon landscape'>\n\t\t\t\t<a href='https:\/\/pvserviceplus.cz\/wp-content\/uploads\/2025\/11\/pvservice-plus-ems-screen-6.jpg' title=\"\" data-rl_title=\"\" class=\"rl-gallery-link\" data-rl_caption=\"\" data-rel=\"lightbox-gallery-1\"><img loading=\"lazy\" decoding=\"async\" width=\"741\" height=\"715\" src=\"https:\/\/pvserviceplus.cz\/wp-content\/uploads\/2025\/11\/pvservice-plus-ems-screen-6.jpg\" class=\"attachment-thumbnail size-thumbnail\" alt=\"\" srcset=\"https:\/\/pvserviceplus.cz\/wp-content\/uploads\/2025\/11\/pvservice-plus-ems-screen-6.jpg 741w, https:\/\/pvserviceplus.cz\/wp-content\/uploads\/2025\/11\/pvservice-plus-ems-screen-6-300x289.jpg 300w\" sizes=\"auto, (max-width: 741px) 100vw, 741px\" style=\"width:100%;height:96.49%;max-width:741px;\" \/><\/a>\n\t\t\t<\/div><\/figure>\n\t\t<\/div>\n\r\n<\/section>\r\n<\/div>\r\n\r\n<div id=\"popup\" class=\"embed no-picture\" data-aos=\"fade-up\" data-aos-delay=\"100\" data-aos-offset=\"0\">\r\n  <div id=\"objednat2\" data-aos=\"fade-up\" data-aos-delay=\"100\" data-aos-offset=\"0\">\r\n    <h2>Pr\u00edstup: <br><br>\r\n      <small>Meno: marketing <br>\r\n      Heslo: Marketing2025<\/small>\r\n    <\/h2>\r\n    <a href=\"https:\/\/dns.loxonecloud.com\/504F94A2E760\" target=\"_blank\" class=\"btn\">Demo pr\u00edstup<\/a>\r\n  <\/div>\r\n<\/div>\r\n","protected":false},"excerpt":{"rendered":"Uk\u00e1\u017eka n\u00e1\u0161ho energetick\u00e9ho mana\u017ementu EMS Chcete vidie\u0165, ako v praxi funguje riadenie energie v re\u00e1lnom dome alebo firme? Pripravili sme online pr\u00edstup do n\u00e1\u0161ho EMS syst\u00e9mu, kde si m\u00f4\u017eete prezrie\u0165 v\u00fdrobu, spotrebu aj spr\u00e1vanie jednotliv\u00fdch zariaden\u00ed v re\u00e1lnom \u010dase. Z\u00edska\u0165 demo pr\u00edstup Uk\u00e1\u017eka n\u00e1\u0161ho energetick\u00e9ho mana\u017ementu EMS Pr\u00edstup: Meno: marketing Heslo: Marketing2025 Demo pr\u00edstup Chcete&hellip; <a class=\"more-link\" href=\"https:\/\/pvserviceplus.cz\/sk\/ukazka-nasho-energetickeho-manazmentu-ems\/\">Pokra\u010dova\u0165 v \u010d\u00edtan\u00ed <span class=\"screen-reader-text\">Uk\u00e1\u017eka n\u00e1\u0161ho energetick\u00e9ho mana\u017ementu EMS<\/span><\/a>","protected":false},"author":1,"featured_media":0,"parent":0,"menu_order":0,"comment_status":"closed","ping_status":"closed","template":"","meta":{"inline_featured_image":false,"footnotes":""},"class_list":["post-3543","page","type-page","status-publish","hentry","entry"],"yoast_head":"<!-- This site is optimized with the Yoast SEO plugin v19.12 - https:\/\/yoast.com\/wordpress\/plugins\/seo\/ -->\n<title>Uk\u00e1\u017eka n\u00e1\u0161ho energetick\u00e9ho mana\u017ementu EMS | PV SERVICE PLUS<\/title>\n<meta name=\"robots\" content=\"index, follow, max-snippet:-1, max-image-preview:large, max-video-preview:-1\" \/>\n<link rel=\"canonical\" href=\"https:\/\/pvserviceplus.cz\/sk\/ukazka-nasho-energetickeho-manazmentu-ems\/\" \/>\n<meta property=\"og:locale\" content=\"sk_SK\" \/>\n<meta property=\"og:type\" content=\"article\" \/>\n<meta property=\"og:title\" content=\"Uk\u00e1\u017eka n\u00e1\u0161ho energetick\u00e9ho mana\u017ementu EMS | PV SERVICE PLUS\" \/>\n<meta property=\"og:description\" content=\"Uk\u00e1\u017eka n\u00e1\u0161ho energetick\u00e9ho mana\u017ementu EMS Chcete vidie\u0165, ako v praxi funguje riadenie energie v re\u00e1lnom dome alebo firme? Pripravili sme online pr\u00edstup do n\u00e1\u0161ho EMS syst\u00e9mu, kde si m\u00f4\u017eete prezrie\u0165 v\u00fdrobu, spotrebu aj spr\u00e1vanie jednotliv\u00fdch zariaden\u00ed v re\u00e1lnom \u010dase. Z\u00edska\u0165 demo pr\u00edstup Uk\u00e1\u017eka n\u00e1\u0161ho energetick\u00e9ho mana\u017ementu EMS Pr\u00edstup: Meno: marketing Heslo: Marketing2025 Demo pr\u00edstup Chcete&hellip; Pokra\u010dova\u0165 v \u010d\u00edtan\u00ed Uk\u00e1\u017eka n\u00e1\u0161ho energetick\u00e9ho mana\u017ementu EMS\" \/>\n<meta property=\"og:url\" content=\"https:\/\/pvserviceplus.cz\/sk\/ukazka-nasho-energetickeho-manazmentu-ems\/\" \/>\n<meta property=\"og:site_name\" content=\"PV SERVICE PLUS\" \/>\n<meta property=\"article:publisher\" content=\"https:\/\/www.facebook.com\/PVServicePlussro\/\" \/>\n<meta property=\"article:modified_time\" content=\"2025-11-14T13:50:47+00:00\" \/>\n<meta property=\"og:image\" content=\"https:\/\/pvserviceplus.cz\/wp-content\/uploads\/2025\/11\/loxone-1.png\" \/>\n<meta name=\"twitter:card\" content=\"summary_large_image\" \/>\n<script type=\"application\/ld+json\" class=\"yoast-schema-graph\">{\"@context\":\"https:\/\/schema.org\",\"@graph\":[{\"@type\":\"WebPage\",\"@id\":\"https:\/\/pvserviceplus.cz\/sk\/ukazka-nasho-energetickeho-manazmentu-ems\/\",\"url\":\"https:\/\/pvserviceplus.cz\/sk\/ukazka-nasho-energetickeho-manazmentu-ems\/\",\"name\":\"Uk\u00e1\u017eka n\u00e1\u0161ho energetick\u00e9ho mana\u017ementu EMS | PV SERVICE PLUS\",\"isPartOf\":{\"@id\":\"https:\/\/pvserviceplus.cz\/#website\"},\"datePublished\":\"2025-11-06T18:05:29+00:00\",\"dateModified\":\"2025-11-14T13:50:47+00:00\",\"breadcrumb\":{\"@id\":\"https:\/\/pvserviceplus.cz\/sk\/ukazka-nasho-energetickeho-manazmentu-ems\/#breadcrumb\"},\"inLanguage\":\"sk-SK\",\"potentialAction\":[{\"@type\":\"ReadAction\",\"target\":[\"https:\/\/pvserviceplus.cz\/sk\/ukazka-nasho-energetickeho-manazmentu-ems\/\"]}]},{\"@type\":\"BreadcrumbList\",\"@id\":\"https:\/\/pvserviceplus.cz\/sk\/ukazka-nasho-energetickeho-manazmentu-ems\/#breadcrumb\",\"itemListElement\":[{\"@type\":\"ListItem\",\"position\":1,\"name\":\"Dom\u016f\",\"item\":\"https:\/\/pvserviceplus.cz\/\"},{\"@type\":\"ListItem\",\"position\":2,\"name\":\"Uk\u00e1\u017eka n\u00e1\u0161ho energetick\u00e9ho mana\u017ementu EMS\"}]},{\"@type\":\"WebSite\",\"@id\":\"https:\/\/pvserviceplus.cz\/#website\",\"url\":\"https:\/\/pvserviceplus.cz\/\",\"name\":\"PV SERVICE PLUS\",\"description\":\"Stav\u00edme fotovoltaick\u00e9 elektr\u00e1rny na kl\u00ed\u010d pro dom\u00e1cnosti i pro firmy\",\"publisher\":{\"@id\":\"https:\/\/pvserviceplus.cz\/#organization\"},\"potentialAction\":[{\"@type\":\"SearchAction\",\"target\":{\"@type\":\"EntryPoint\",\"urlTemplate\":\"https:\/\/pvserviceplus.cz\/?s={search_term_string}\"},\"query-input\":\"required name=search_term_string\"}],\"inLanguage\":\"sk-SK\"},{\"@type\":\"Organization\",\"@id\":\"https:\/\/pvserviceplus.cz\/#organization\",\"name\":\"PV SERVICE PLUS\",\"url\":\"https:\/\/pvserviceplus.cz\/\",\"logo\":{\"@type\":\"ImageObject\",\"inLanguage\":\"sk-SK\",\"@id\":\"https:\/\/pvserviceplus.cz\/#\/schema\/logo\/image\/\",\"url\":\"https:\/\/pvserviceplus.cz\/wp-content\/uploads\/2021\/10\/logo.svg\",\"contentUrl\":\"https:\/\/pvserviceplus.cz\/wp-content\/uploads\/2021\/10\/logo.svg\",\"width\":\"1024\",\"height\":\"1024\",\"caption\":\"PV SERVICE PLUS\"},\"image\":{\"@id\":\"https:\/\/pvserviceplus.cz\/#\/schema\/logo\/image\/\"},\"sameAs\":[\"https:\/\/www.facebook.com\/PVServicePlussro\/\"]}]}<\/script>\n<!-- \/ Yoast SEO plugin. -->","yoast_head_json":{"title":"Uk\u00e1\u017eka n\u00e1\u0161ho energetick\u00e9ho mana\u017ementu EMS | PV SERVICE PLUS","robots":{"index":"index","follow":"follow","max-snippet":"max-snippet:-1","max-image-preview":"max-image-preview:large","max-video-preview":"max-video-preview:-1"},"canonical":"https:\/\/pvserviceplus.cz\/sk\/ukazka-nasho-energetickeho-manazmentu-ems\/","og_locale":"sk_SK","og_type":"article","og_title":"Uk\u00e1\u017eka n\u00e1\u0161ho energetick\u00e9ho mana\u017ementu EMS | PV SERVICE PLUS","og_description":"Uk\u00e1\u017eka n\u00e1\u0161ho energetick\u00e9ho mana\u017ementu EMS Chcete vidie\u0165, ako v praxi funguje riadenie energie v re\u00e1lnom dome alebo firme? Pripravili sme online pr\u00edstup do n\u00e1\u0161ho EMS syst\u00e9mu, kde si m\u00f4\u017eete prezrie\u0165 v\u00fdrobu, spotrebu aj spr\u00e1vanie jednotliv\u00fdch zariaden\u00ed v re\u00e1lnom \u010dase. Z\u00edska\u0165 demo pr\u00edstup Uk\u00e1\u017eka n\u00e1\u0161ho energetick\u00e9ho mana\u017ementu EMS Pr\u00edstup: Meno: marketing Heslo: Marketing2025 Demo pr\u00edstup Chcete&hellip; Pokra\u010dova\u0165 v \u010d\u00edtan\u00ed Uk\u00e1\u017eka n\u00e1\u0161ho energetick\u00e9ho mana\u017ementu EMS","og_url":"https:\/\/pvserviceplus.cz\/sk\/ukazka-nasho-energetickeho-manazmentu-ems\/","og_site_name":"PV SERVICE PLUS","article_publisher":"https:\/\/www.facebook.com\/PVServicePlussro\/","article_modified_time":"2025-11-14T13:50:47+00:00","og_image":[{"url":"https:\/\/pvserviceplus.cz\/wp-content\/uploads\/2025\/11\/loxone-1.png"}],"twitter_card":"summary_large_image","schema":{"@context":"https:\/\/schema.org","@graph":[{"@type":"WebPage","@id":"https:\/\/pvserviceplus.cz\/sk\/ukazka-nasho-energetickeho-manazmentu-ems\/","url":"https:\/\/pvserviceplus.cz\/sk\/ukazka-nasho-energetickeho-manazmentu-ems\/","name":"Uk\u00e1\u017eka n\u00e1\u0161ho energetick\u00e9ho mana\u017ementu EMS | PV SERVICE PLUS","isPartOf":{"@id":"https:\/\/pvserviceplus.cz\/#website"},"datePublished":"2025-11-06T18:05:29+00:00","dateModified":"2025-11-14T13:50:47+00:00","breadcrumb":{"@id":"https:\/\/pvserviceplus.cz\/sk\/ukazka-nasho-energetickeho-manazmentu-ems\/#breadcrumb"},"inLanguage":"sk-SK","potentialAction":[{"@type":"ReadAction","target":["https:\/\/pvserviceplus.cz\/sk\/ukazka-nasho-energetickeho-manazmentu-ems\/"]}]},{"@type":"BreadcrumbList","@id":"https:\/\/pvserviceplus.cz\/sk\/ukazka-nasho-energetickeho-manazmentu-ems\/#breadcrumb","itemListElement":[{"@type":"ListItem","position":1,"name":"Dom\u016f","item":"https:\/\/pvserviceplus.cz\/"},{"@type":"ListItem","position":2,"name":"Uk\u00e1\u017eka n\u00e1\u0161ho energetick\u00e9ho mana\u017ementu EMS"}]},{"@type":"WebSite","@id":"https:\/\/pvserviceplus.cz\/#website","url":"https:\/\/pvserviceplus.cz\/","name":"PV SERVICE PLUS","description":"Stav\u00edme fotovoltaick\u00e9 elektr\u00e1rny na kl\u00ed\u010d pro dom\u00e1cnosti i pro firmy","publisher":{"@id":"https:\/\/pvserviceplus.cz\/#organization"},"potentialAction":[{"@type":"SearchAction","target":{"@type":"EntryPoint","urlTemplate":"https:\/\/pvserviceplus.cz\/?s={search_term_string}"},"query-input":"required name=search_term_string"}],"inLanguage":"sk-SK"},{"@type":"Organization","@id":"https:\/\/pvserviceplus.cz\/#organization","name":"PV SERVICE PLUS","url":"https:\/\/pvserviceplus.cz\/","logo":{"@type":"ImageObject","inLanguage":"sk-SK","@id":"https:\/\/pvserviceplus.cz\/#\/schema\/logo\/image\/","url":"https:\/\/pvserviceplus.cz\/wp-content\/uploads\/2021\/10\/logo.svg","contentUrl":"https:\/\/pvserviceplus.cz\/wp-content\/uploads\/2021\/10\/logo.svg","width":"1024","height":"1024","caption":"PV SERVICE PLUS"},"image":{"@id":"https:\/\/pvserviceplus.cz\/#\/schema\/logo\/image\/"},"sameAs":["https:\/\/www.facebook.com\/PVServicePlussro\/"]}]}},"_links":{"self":[{"href":"https:\/\/pvserviceplus.cz\/sk\/wp-json\/wp\/v2\/pages\/3543","targetHints":{"allow":["GET"]}}],"collection":[{"href":"https:\/\/pvserviceplus.cz\/sk\/wp-json\/wp\/v2\/pages"}],"about":[{"href":"https:\/\/pvserviceplus.cz\/sk\/wp-json\/wp\/v2\/types\/page"}],"author":[{"embeddable":true,"href":"https:\/\/pvserviceplus.cz\/sk\/wp-json\/wp\/v2\/users\/1"}],"replies":[{"embeddable":true,"href":"https:\/\/pvserviceplus.cz\/sk\/wp-json\/wp\/v2\/comments?post=3543"}],"version-history":[{"count":1,"href":"https:\/\/pvserviceplus.cz\/sk\/wp-json\/wp\/v2\/pages\/3543\/revisions"}],"predecessor-version":[{"id":3544,"href":"https:\/\/pvserviceplus.cz\/sk\/wp-json\/wp\/v2\/pages\/3543\/revisions\/3544"}],"wp:attachment":[{"href":"https:\/\/pvserviceplus.cz\/sk\/wp-json\/wp\/v2\/media?parent=3543"}],"curies":[{"name":"wp","href":"https:\/\/api.w.org\/{rel}","templated":true}]}}