{"id":344,"date":"2021-10-02T18:18:12","date_gmt":"2021-10-02T16:18:12","guid":{"rendered":"https:\/\/pvserviceplus.cz\/?page_id=344"},"modified":"2025-10-06T18:48:22","modified_gmt":"2025-10-06T16:48:22","slug":"servis-a-udrzba-fotovoltiky","status":"publish","type":"page","link":"https:\/\/pvserviceplus.cz\/sk\/servis-a-udrzba-fotovoltiky\/","title":{"rendered":"Servis a \u00fadr\u017eba fotovoltaick\u00fdch zariaden\u00ed"},"content":{"rendered":"\t\t\t\t\r\n\t\t\t\t\r\n\t\t\t\t\r\n\t\t\t\t<style>.new-banner {display:none}<\/style>\r\n\r\n\r\n\t\t\t\t\r\n\t\r\n\t\r\n\t\r\n\t<div id=\"about-us-banner\" class=\"udrzba\" style=\"\">\r\n\r\n<div class=\"content\">\r\n<h1 style=\"\">Zabezpe\u010d\u00edme prev\u00e1dzku va\u0161ej fotovoltaiky 24 hod\u00edn denne<\/h1>\r\n\r\n<p>\r\n\u010ci u\u017e ide o park, podnik alebo dom\u00e1cnos\u0165, servis a spr\u00e1vna \u00fadr\u017eba s\u00fa najd\u00f4le\u017eitej\u0161ie pre prev\u00e1dzku, \u017eivotnos\u0165 a \u00fa\u010dinnos\u0165 fotovoltick\u00e9ho syst\u00e9mu.<\/p>\r\n<a  href=\"#objednat\" class=\"btn\">M\u00e1m z\u00e1jem<\/a>\r\n<i class=\"scroll-cue\" aria-label=\"Scroll down\"><\/i>\r\n<\/div>\r\n\r\n\r\n<\/div>\r\n\r\n\r\n<h2 data-aos=\"fade-up\" data-aos-delay=\"0\" data-aos-offset=\"0\">Ako chr\u00e1nime va\u0161u invest\u00edciu?<\/h2>\r\n<p data-aos=\"fade-up\" data-aos-delay=\"0\" data-aos-offset=\"0\">N\u00e1\u0161 d\u00f4kladn\u00fd servis zah\u0155\u0148a t\u00fdchto <strong>15 jasn\u00fdch krokov<\/strong><\/p>\r\n\r\n<div class=\"kroky\">\r\n\r\n\t<div class=\"krok_1\" data-aos=\"fade-up\" data-aos-delay=\"100\" data-aos-offset=\"0\">\r\n\t<p>FYZICK\u00c1 KONTROLA FVE<\/p>\r\n\t<\/div>\r\n\t\r\n\t<div class=\"krok_2\" data-aos=\"fade-up\" data-aos-delay=\"200\" data-aos-offset=\"0\">\r\n\t<p>VIZU\u00c1LNA KONTROLA PANELOV<\/p>\r\n\t<\/div>\r\n\t\r\n\t<div class=\"krok_3\" data-aos=\"fade-up\" data-aos-delay=\"300\" data-aos-offset=\"0\">\r\n\t<p>KONTROLA NOSN\u00ddCH KON\u0160TRUKCI\u00cd<\/p>\r\n\t<\/div>\r\n\t\r\n\t<div class=\"krok_4\" data-aos=\"fade-up\" data-aos-delay=\"400\" data-aos-offset=\"0\">\r\n\t<p>OVL\u00c1DANIE ROZVODNE<\/p>\r\n\t<\/div>\r\n\t\r\n\t<div class=\"krok_5\" data-aos=\"fade-up\" data-aos-delay=\"500\" data-aos-offset=\"0\">\r\n\t<p>KONTROLA STRIEDA\u010cOV, ROZV\u00c1DZA\u010cOV, RE\u0164AZCOV<\/p>\r\n\t<\/div>\r\n\t\r\n\t<div class=\"krok_6\" data-aos=\"fade-up\" data-aos-delay=\"600\" data-aos-offset=\"0\">\r\n\t<p>KONTROLA <strong>EZS<\/strong> A <strong>CCTV<\/strong><\/p>\r\n\t<\/div>\r\n\t\r\n\t<div class=\"krok_7\" data-aos=\"fade-up\" data-aos-delay=\"700\" data-aos-offset=\"0\">\r\n\t<p>KONTROLA A \u00daDR\u017dBA STAVENISKA<\/p>\r\n\t<\/div>\r\n\t\r\n\t<div class=\"krok_8\" data-aos=\"fade-up\" data-aos-delay=\"800\" data-aos-offset=\"0\">\r\n\t<p>DROBN\u00c1 MECHANICK\u00c1 \u00daDR\u017dBA<\/p>\r\n\t<\/div>\r\n\t\r\n\t<div class=\"krok_9\" data-aos=\"fade-up\" data-aos-delay=\"900\" data-aos-offset=\"0\">\r\n\t<p>KONTROLA ELEKTRICK\u00ddCH VELI\u010c\u00cdN ZLU\u010cOVAC\u00cdCH ROZV\u00c1DZA\u010cOV<\/p>\r\n\t<\/div>\r\n\t\r\n\t<div class=\"krok_10\" data-aos=\"fade-up\" data-aos-delay=\"1000\" data-aos-offset=\"0\">\r\n\t<p>KONTROLA NAP\u00c1JAC\u00cdCH PR\u00cdPOJOK<\/p>\r\n\t<\/div>\r\n\r\n\t<div class=\"krok_11\" data-aos=\"fade-up\" data-aos-delay=\"1100\" data-aos-offset=\"0\">\r\n\t<p>OVL\u00c1DANIE TRANSFORM\u00c1TORA<\/p>\r\n\t<\/div>\r\n\t\r\n\t<div class=\"krok_12\" data-aos=\"fade-up\" data-aos-delay=\"1200\" data-aos-offset=\"0\">\r\n\t<p>\u00daDR\u017dBA ROZVODN\u00cd<\/p>\r\n\t<\/div>\r\n\t\r\n\t<div class=\"krok_13\" data-aos=\"fade-up\" data-aos-delay=\"1300\" data-aos-offset=\"0\">\r\n\t<p>\u00daDR\u017dBA ELEKTRICK\u00ddCH ZARIADEN\u00cd<\/p>\r\n\t<\/div>\r\n\t\r\n\t<div class=\"krok_14\" data-aos=\"fade-up\" data-aos-delay=\"1400\" data-aos-offset=\"0\">\r\n\t<p>PREDP\u00cdSAN\u00c9 REV\u00cdZIE<\/p>\r\n\t<\/div>\r\n\t\r\n\t<div class=\"krok_15\" data-aos=\"fade-up\" data-aos-delay=\"1500\" data-aos-offset=\"0\">\r\n\t<p>REV\u00cdZIA HASIACICH PR\u00cdSTROJOV<\/p>\r\n\t<\/div>\r\n\t\r\n<\/div>\r\n\r\n<h2 data-aos=\"fade-up\" data-aos-delay=\"1 00\" data-aos-offset=\"0\">Kombinujeme na\u0161e sk\u00fasenosti s modern\u00fdmi technol\u00f3giami<\/h2>\r\n\r\n<div class=\"technologie\">\r\n\r\n\t<div class=\"monitoring\" data-aos=\"fade-up\" data-aos-delay=\"100\" data-aos-offset=\"0\">\r\n\t<h3>MONITOROVANIE Z\u00c1VODU A POD\u00c1VANIE SPR\u00c1V<\/h3>\r\n\t<iframe loading=\"lazy\" width=\"560\" height=\"315\" src=\"https:\/\/www.youtube.com\/embed\/oveeDBjIswU?si=0Qx6MGPBkALOedcj\" title=\"YouTube video player\" frameborder=\"0\" allow=\"accelerometer; autoplay; clipboard-write; encrypted-media; gyroscope; picture-in-picture; web-share\" referrerpolicy=\"strict-origin-when-cross-origin\" allowfullscreen><\/iframe>\r\n\t<p><strong>On-line monitorovanie 7 dn\u00ed v t\u00fd\u017edni po\u010das samotn\u00e9ho osvetlenia panelov<\/strong> je alfou a omegou celej slu\u017eby.\r\n  V\u00fdhodou n\u00e1\u0161ho monitorovacieho centra je okam\u017eit\u00fd preh\u013ead o stave va\u0161ej fotovoltickej elektr\u00e1rne. V\u010faka tomu sme schopn\u00ed okam\u017eite reagova\u0165 a chr\u00e1ni\u0165 va\u0161e invest\u00edcie. V r\u00e1mci monitorovania sledujeme prev\u00e1dzku elektr\u00e1rne aj vizu\u00e1lnu kontrolu lokality elektr\u00e1rne.\r\n\t\r\n\t<strong>Spr\u00e1vy o prev\u00e1dzke z\u00e1vodu sa pod\u00e1vaj\u00fa denne.<\/strong>\r\n  Spr\u00e1vy s\u00fa zalo\u017een\u00e9 na \u00fadajoch o v\u00fdrobe z\u00e1vodu, v\u00fdvoji po\u010dasia v oblasti alebo potenci\u00e1lnych poruch\u00e1ch a ich rie\u0161en\u00ed.<\/p>\r\n\t<\/div>\r\n\t\r\n\t<div class=\"kontrola1\" data-aos=\"fade-up\" data-aos-delay=\"100\" data-aos-offset=\"0\">\r\n\t<h3>KONTROLA STAVIEB<\/h3>\r\n\t<p>Nedostato\u010dn\u00e1 kontrola kon\u0161truk\u010dn\u00fdch \u010dast\u00ed m\u00f4\u017ee sp\u00f4sobi\u0165 po\u0161kodenie panelov a dokonca cel\u00fdch kon\u0161trukci\u00ed. Na obr\u00e1zkoch m\u00f4\u017eete vidie\u0165, \u010do dok\u00e1\u017ee tak\u00fdto siln\u00fd vietor.\r\n\t<strong>Majite\u013ea to st\u00e1lo takmer 625 tis\u00edc. K\u010d\/ 27,5 tis. EUR<\/strong><\/p>\r\n\t<\/div>\r\n\t\r\n\t<div class=\"kontrola2\" data-aos=\"fade-up\" data-aos-delay=\"100\" data-aos-offset=\"0\">\r\n\t<h3>KONTROLA ELEKTRICKY NAM\u00c1HAN\u00ddCH SPOJOV<\/h3>\r\n\t<p>V pr\u00edpade nedostato\u010dnej kontroly elektricky nam\u00e1han\u00fdch spojov hroz\u00ed nebezpe\u010denstvo zni\u010denia zlu\u010dovacieho rozv\u00e1dza\u010da. Vo v\u00e4\u010d\u0161ine pr\u00edpadov d\u00f4jde k po\u017eiaru\r\n  vo vn\u00fatri rozv\u00e1dza\u010da a zni\u010dte ho. Na obr\u00e1zku m\u00f4\u017eete vidie\u0165 tepelne zni\u010den\u00fa izol\u00e1ciu v d\u00f4sledku vysok\u00e9ho prechodov\u00e9ho odporu.  <strong>Bez v\u010dasn\u00e9ho z\u00e1sahu m\u00f4\u017ee d\u00f4js\u0165 k po\u0161kodeniu cel\u00e9ho zariadenia.<\/strong><\/p>\r\n\t<\/div>\r\n\t\r\n\t<div class=\"termovizia\" data-aos=\"fade-up\" data-aos-delay=\"100\" data-aos-offset=\"0\">\r\n\t<h3>TERMOVIZE<\/h3>\r\n\t<p>Len zdrav\u00e9 panely m\u00f4\u017eu spr\u00e1vne fungova\u0165. Na optimaliz\u00e1ciu v\u00fdkonu a vyh\u013ead\u00e1vanie ch\u00fdb v paneloch pou\u017e\u00edvame termov\u00edziu.\r\n  Tieto chyby sp\u00f4soben\u00e9 zl\u00fdm po\u010das\u00edm v\u00e4\u010d\u0161inou <strong>nie s\u00fa vizu\u00e1lne ve\u013emi vidite\u013en\u00e9, ale maj\u00fa ve\u013ek\u00fd vplyv na v\u00fdkon.<\/strong><\/p>\r\n\t<\/div>\r\n\r\n<\/div>\r\n\r\n<div class=\"kontaktovat\" data-aos=\"fade-up\" data-aos-delay=\"100\" data-aos-offset=\"0\">\r\n\r\n<h2>Nepla\u0165te za to, \u010do nepotrebujete. Vytvor\u00edme pre v\u00e1s individu\u00e1lny pl\u00e1n slu\u017eieb<\/h2>\r\n<p>Kontaktujte n\u00e1s alebo n\u00e1m zanechajte svoje kontaktn\u00e9 \u00fadaje. Zodpovieme v\u00e1m v\u0161etky ot\u00e1zky, vypo\u010d\u00edtame \u00faspory a prediskutujeme mo\u017enosti realiz\u00e1cie.<\/p>\r\n\r\n<a class=\"btn\" href=\"\/kontakt\">Kontakt<\/a>\r\n\r\n<\/div>\r\n\r\n<h2 data-aos=\"fade-up\" data-aos-delay=\"100\" data-aos-offset=\"0\">Chcete ma\u0165 prakticky \u017eiadne starosti s fotovoltaikou? Vyu\u017eite na\u0161e pr\u00e9miov\u00e9 slu\u017eby<\/h2>\r\n\r\n<div class=\"servis\">\r\n<h3>ZABEZPE\u010c\u00cdME PRE V\u00c1S<\/h3>\r\n<p data-aos=\"fade-up\" data-aos-delay=\"100\" data-aos-offset=\"0\"><strong>KOMUNIK\u00c1CIA S DOD\u00c1VATE\u013dMI TECHNOL\u00d3GI\u00cd  <\/strong>\r\nDod\u00e1vame potrebn\u00e9 diely na n\u00fadzov\u00e9 opravy, optim\u00e1lnu prev\u00e1dzku a minimaliz\u00e1ciu prestojov zariadenia.<\/p>\r\n<p data-aos=\"fade-up\" data-aos-delay=\"200\" data-aos-offset=\"0\"><strong>KOMUNIK\u00c1CIA S POIS\u0164OV\u0147OU  <\/strong>\r\nzabezpe\u010dujeme komunik\u00e1ciu s pois\u0165ov\u0148ou v pr\u00edpade poistnej udalosti, vr\u00e1tane doru\u010denia potrebnej dokument\u00e1cie na jej vybavenie<\/p>\r\n<p data-aos=\"fade-up\" data-aos-delay=\"300\" data-aos-offset=\"0\"><strong>KOMUNIK\u00c1CIA S BEZPE\u010cNOSTNOU SLU\u017dBOU<\/strong>\r\nzabezpe\u010dujeme spolupr\u00e1cu s bezpe\u010dnostnou slu\u017ebou v pr\u00edpade bezpe\u010dnostn\u00fdch incidentov.<\/p>\r\n<p data-aos=\"fade-up\" data-aos-delay=\"400\" data-aos-offset=\"0\"><strong>AKTUALIZ\u00c1CIA PREV\u00c1DZKOVEJ DOKUMENT\u00c1CIE<\/strong><\/p>\r\n<p data-aos=\"fade-up\" data-aos-delay=\"500\" data-aos-offset=\"0\"><strong>VEDENIE PODROBN\u00ddCH Z\u00c1ZNAMOV O V\u0160ETK\u00ddCH INCIDENTOCH.<\/strong><\/p>\r\n<p data-aos=\"fade-up\" data-aos-delay=\"600\" data-aos-offset=\"0\"><strong>VEDENIE SERVISN\u00c9HO DENN\u00cdKA<\/strong><\/p>\r\n<\/div>\r\n\r\n\r\n<div id=\"popup\" class=\"embed\">\r\n\t<div id=\"objednat\" data-aos=\"fade-up\" data-aos-delay=\"100\" data-aos-offset=\"0\">\r\n\t<h2>Kontaktujte n\u00e1s alebo n\u00e1m zanechajte svoje kontaktn\u00e9 \u00fadaje. Zodpovieme v\u00e1m v\u0161etky ot\u00e1zky, vypo\u010d\u00edtame \u00faspory a prediskutujeme mo\u017enosti realiz\u00e1cie.<\/h2>\r\n\t\r\n\t\t\n<div class=\"wpcf7 no-js\" id=\"wpcf7-f2606-o1\" lang=\"sk-SK\" dir=\"ltr\">\n<div class=\"screen-reader-response\"><p role=\"status\" aria-live=\"polite\" aria-atomic=\"true\"><\/p> <ul><\/ul><\/div>\n<form action=\"\/sk\/wp-json\/wp\/v2\/pages\/344#wpcf7-f2606-o1\" method=\"post\" class=\"wpcf7-form init\" aria-label=\"Contact form\" novalidate=\"novalidate\" data-status=\"init\">\n<div style=\"display: none;\">\n<input type=\"hidden\" name=\"_wpcf7\" value=\"2606\" \/>\n<input type=\"hidden\" name=\"_wpcf7_version\" value=\"5.7.3\" \/>\n<input type=\"hidden\" name=\"_wpcf7_locale\" value=\"sk_SK\" \/>\n<input type=\"hidden\" name=\"_wpcf7_unit_tag\" value=\"wpcf7-f2606-o1\" \/>\n<input type=\"hidden\" name=\"_wpcf7_container_post\" value=\"0\" \/>\n<input type=\"hidden\" name=\"_wpcf7_posted_data_hash\" value=\"\" \/>\n<input type=\"hidden\" name=\"_wpcf7cf_hidden_group_fields\" value=\"[]\" \/>\n<input type=\"hidden\" name=\"_wpcf7cf_hidden_groups\" value=\"[]\" \/>\n<input type=\"hidden\" name=\"_wpcf7cf_visible_groups\" value=\"[]\" \/>\n<input type=\"hidden\" name=\"_wpcf7cf_repeaters\" value=\"[]\" \/>\n<input type=\"hidden\" name=\"_wpcf7cf_steps\" value=\"{}\" \/>\n<input type=\"hidden\" name=\"_wpcf7cf_options\" value=\"{&quot;form_id&quot;:2606,&quot;conditions&quot;:[],&quot;settings&quot;:{&quot;animation&quot;:&quot;yes&quot;,&quot;animation_intime&quot;:200,&quot;animation_outtime&quot;:200,&quot;conditions_ui&quot;:&quot;normal&quot;,&quot;notice_dismissed&quot;:false}}\" \/>\n<input type=\"hidden\" name=\"_wpcf7_recaptcha_response\" value=\"\" \/>\n<\/div>\n<p><label> Va\u0161e meno <span class=\"wpcf7-form-control-wrap\" data-name=\"your-name\"><input size=\"40\" class=\"wpcf7-form-control wpcf7-text wpcf7-validates-as-required\" aria-required=\"true\" aria-invalid=\"false\" value=\"\" type=\"text\" name=\"your-name\" \/><\/span> <\/label>\n<\/p>\n<p><label> V\u00e1\u0161 e-mail <span class=\"wpcf7-form-control-wrap\" data-name=\"your-email\"><input size=\"40\" class=\"wpcf7-form-control wpcf7-text wpcf7-email wpcf7-validates-as-required wpcf7-validates-as-email\" aria-required=\"true\" aria-invalid=\"false\" value=\"\" type=\"email\" name=\"your-email\" \/><\/span> <\/label><br \/>\n<label> V\u00e1\u0161 telef\u00f3n <span class=\"wpcf7-form-control-wrap\" data-name=\"tel-491\"><input size=\"40\" class=\"wpcf7-form-control wpcf7-text wpcf7-tel wpcf7-validates-as-tel\" aria-invalid=\"false\" value=\"\" type=\"tel\" name=\"tel-491\" \/><\/span> <\/label>\n<\/p>\n<p><label> Va\u0161a spr\u00e1va (nepovinn\u00e9) <span class=\"wpcf7-form-control-wrap\" data-name=\"your-message\"><textarea cols=\"40\" rows=\"10\" class=\"wpcf7-form-control wpcf7-textarea\" aria-invalid=\"false\" name=\"your-message\"><\/textarea><\/span> <\/label>\n<\/p>\n<p><input class=\"wpcf7-form-control has-spinner wpcf7-submit\" type=\"submit\" value=\"Odosla\u0165 na adresu\" \/>\n<\/p><div class=\"wpcf7-response-output\" aria-hidden=\"true\"><\/div>\n<\/form>\n<\/div>\n\r\n\t<\/div>\r\n<\/div>\r\n","protected":false},"excerpt":{"rendered":"Zabezpe\u010d\u00edme prev\u00e1dzku va\u0161ej fotovoltaiky 24 hod\u00edn denne \u010ci u\u017e ide o park, podnik alebo dom\u00e1cnos\u0165, servis a spr\u00e1vna \u00fadr\u017eba s\u00fa najd\u00f4le\u017eitej\u0161ie pre prev\u00e1dzku, \u017eivotnos\u0165 a \u00fa\u010dinnos\u0165 fotovoltick\u00e9ho syst\u00e9mu. M\u00e1m z\u00e1jem Ako chr\u00e1nime va\u0161u invest\u00edciu? N\u00e1\u0161 d\u00f4kladn\u00fd servis zah\u0155\u0148a t\u00fdchto 15 jasn\u00fdch krokov FYZICK\u00c1 KONTROLA FVE VIZU\u00c1LNA KONTROLA PANELOV KONTROLA NOSN\u00ddCH KON\u0160TRUKCI\u00cd OVL\u00c1DANIE ROZVODNE KONTROLA STRIEDA\u010cOV,&hellip; <a class=\"more-link\" href=\"https:\/\/pvserviceplus.cz\/sk\/servis-a-udrzba-fotovoltiky\/\">Pokra\u010dova\u0165 v \u010d\u00edtan\u00ed <span class=\"screen-reader-text\">Servis a \u00fadr\u017eba fotovoltaick\u00fdch zariaden\u00ed<\/span><\/a>","protected":false},"author":1,"featured_media":0,"parent":0,"menu_order":0,"comment_status":"closed","ping_status":"closed","template":"","meta":{"inline_featured_image":false,"footnotes":""},"class_list":["post-344","page","type-page","status-publish","hentry","entry"],"yoast_head":"<!-- This site is optimized with the Yoast SEO plugin v19.12 - https:\/\/yoast.com\/wordpress\/plugins\/seo\/ -->\n<title>Servis a \u00fadr\u017eba fotovoltaiky | PV SERVICE PLUS<\/title>\n<meta name=\"description\" content=\"\u010ci u\u017e ide o park, podnik alebo dom\u00e1cnos\u0165, servis a spr\u00e1vna \u00fadr\u017eba s\u00fa najd\u00f4le\u017eitej\u0161ie pre prev\u00e1dzku, \u017eivotnos\u0165 a \u00fa\u010dinnos\u0165 fotovoltaickej elektr\u00e1rne.\" \/>\n<meta name=\"robots\" content=\"index, follow, max-snippet:-1, max-image-preview:large, max-video-preview:-1\" \/>\n<link rel=\"canonical\" href=\"https:\/\/pvserviceplus.cz\/sk\/servis-a-udrzba-fotovoltiky\/\" \/>\n<meta property=\"og:locale\" content=\"sk_SK\" \/>\n<meta property=\"og:type\" content=\"article\" \/>\n<meta property=\"og:title\" content=\"Servis a \u00fadr\u017eba fotovoltaiky | PV SERVICE PLUS\" \/>\n<meta property=\"og:description\" content=\"\u010ci u\u017e ide o park, podnik alebo dom\u00e1cnos\u0165, servis a spr\u00e1vna \u00fadr\u017eba s\u00fa najd\u00f4le\u017eitej\u0161ie pre prev\u00e1dzku, \u017eivotnos\u0165 a \u00fa\u010dinnos\u0165 fotovoltaickej elektr\u00e1rne.\" \/>\n<meta property=\"og:url\" content=\"https:\/\/pvserviceplus.cz\/sk\/servis-a-udrzba-fotovoltiky\/\" \/>\n<meta property=\"og:site_name\" content=\"PV SERVICE PLUS\" \/>\n<meta property=\"article:publisher\" content=\"https:\/\/www.facebook.com\/PVServicePlussro\/\" \/>\n<meta property=\"article:modified_time\" content=\"2025-10-06T16:48:22+00:00\" \/>\n<meta name=\"twitter:card\" content=\"summary_large_image\" \/>\n<meta name=\"twitter:label1\" content=\"Predpokladan\u00fd \u010das \u010d\u00edtania\" \/>\n\t<meta name=\"twitter:data1\" content=\"3 min\u00faty\" \/>\n<script type=\"application\/ld+json\" class=\"yoast-schema-graph\">{\"@context\":\"https:\/\/schema.org\",\"@graph\":[{\"@type\":\"WebPage\",\"@id\":\"https:\/\/pvserviceplus.cz\/sk\/servis-a-udrzba-fotovoltiky\/\",\"url\":\"https:\/\/pvserviceplus.cz\/sk\/servis-a-udrzba-fotovoltiky\/\",\"name\":\"Servis a \u00fadr\u017eba fotovoltaiky | PV SERVICE PLUS\",\"isPartOf\":{\"@id\":\"https:\/\/pvserviceplus.cz\/#website\"},\"datePublished\":\"2021-10-02T16:18:12+00:00\",\"dateModified\":\"2025-10-06T16:48:22+00:00\",\"description\":\"\u010ci u\u017e ide o park, podnik alebo dom\u00e1cnos\u0165, servis a spr\u00e1vna \u00fadr\u017eba s\u00fa najd\u00f4le\u017eitej\u0161ie pre prev\u00e1dzku, \u017eivotnos\u0165 a \u00fa\u010dinnos\u0165 fotovoltaickej elektr\u00e1rne.\",\"breadcrumb\":{\"@id\":\"https:\/\/pvserviceplus.cz\/sk\/servis-a-udrzba-fotovoltiky\/#breadcrumb\"},\"inLanguage\":\"sk-SK\",\"potentialAction\":[{\"@type\":\"ReadAction\",\"target\":[\"https:\/\/pvserviceplus.cz\/sk\/servis-a-udrzba-fotovoltiky\/\"]}]},{\"@type\":\"BreadcrumbList\",\"@id\":\"https:\/\/pvserviceplus.cz\/sk\/servis-a-udrzba-fotovoltiky\/#breadcrumb\",\"itemListElement\":[{\"@type\":\"ListItem\",\"position\":1,\"name\":\"Dom\u016f\",\"item\":\"https:\/\/pvserviceplus.cz\/\"},{\"@type\":\"ListItem\",\"position\":2,\"name\":\"Servis a \u00fadr\u017eba fotovoltaick\u00fdch zariaden\u00ed\"}]},{\"@type\":\"WebSite\",\"@id\":\"https:\/\/pvserviceplus.cz\/#website\",\"url\":\"https:\/\/pvserviceplus.cz\/\",\"name\":\"PV SERVICE PLUS\",\"description\":\"Stav\u00edme fotovoltaick\u00e9 elektr\u00e1rny na kl\u00ed\u010d pro dom\u00e1cnosti i pro firmy\",\"publisher\":{\"@id\":\"https:\/\/pvserviceplus.cz\/#organization\"},\"potentialAction\":[{\"@type\":\"SearchAction\",\"target\":{\"@type\":\"EntryPoint\",\"urlTemplate\":\"https:\/\/pvserviceplus.cz\/?s={search_term_string}\"},\"query-input\":\"required name=search_term_string\"}],\"inLanguage\":\"sk-SK\"},{\"@type\":\"Organization\",\"@id\":\"https:\/\/pvserviceplus.cz\/#organization\",\"name\":\"PV SERVICE PLUS\",\"url\":\"https:\/\/pvserviceplus.cz\/\",\"logo\":{\"@type\":\"ImageObject\",\"inLanguage\":\"sk-SK\",\"@id\":\"https:\/\/pvserviceplus.cz\/#\/schema\/logo\/image\/\",\"url\":\"https:\/\/pvserviceplus.cz\/wp-content\/uploads\/2021\/10\/logo.svg\",\"contentUrl\":\"https:\/\/pvserviceplus.cz\/wp-content\/uploads\/2021\/10\/logo.svg\",\"width\":\"1024\",\"height\":\"1024\",\"caption\":\"PV SERVICE PLUS\"},\"image\":{\"@id\":\"https:\/\/pvserviceplus.cz\/#\/schema\/logo\/image\/\"},\"sameAs\":[\"https:\/\/www.facebook.com\/PVServicePlussro\/\"]}]}<\/script>\n<!-- \/ Yoast SEO plugin. -->","yoast_head_json":{"title":"Servis a \u00fadr\u017eba fotovoltaiky | PV SERVICE PLUS","description":"\u010ci u\u017e ide o park, podnik alebo dom\u00e1cnos\u0165, servis a spr\u00e1vna \u00fadr\u017eba s\u00fa najd\u00f4le\u017eitej\u0161ie pre prev\u00e1dzku, \u017eivotnos\u0165 a \u00fa\u010dinnos\u0165 fotovoltaickej elektr\u00e1rne.","robots":{"index":"index","follow":"follow","max-snippet":"max-snippet:-1","max-image-preview":"max-image-preview:large","max-video-preview":"max-video-preview:-1"},"canonical":"https:\/\/pvserviceplus.cz\/sk\/servis-a-udrzba-fotovoltiky\/","og_locale":"sk_SK","og_type":"article","og_title":"Servis a \u00fadr\u017eba fotovoltaiky | PV SERVICE PLUS","og_description":"\u010ci u\u017e ide o park, podnik alebo dom\u00e1cnos\u0165, servis a spr\u00e1vna \u00fadr\u017eba s\u00fa najd\u00f4le\u017eitej\u0161ie pre prev\u00e1dzku, \u017eivotnos\u0165 a \u00fa\u010dinnos\u0165 fotovoltaickej elektr\u00e1rne.","og_url":"https:\/\/pvserviceplus.cz\/sk\/servis-a-udrzba-fotovoltiky\/","og_site_name":"PV SERVICE PLUS","article_publisher":"https:\/\/www.facebook.com\/PVServicePlussro\/","article_modified_time":"2025-10-06T16:48:22+00:00","twitter_card":"summary_large_image","twitter_misc":{"Predpokladan\u00fd \u010das \u010d\u00edtania":"3 min\u00faty"},"schema":{"@context":"https:\/\/schema.org","@graph":[{"@type":"WebPage","@id":"https:\/\/pvserviceplus.cz\/sk\/servis-a-udrzba-fotovoltiky\/","url":"https:\/\/pvserviceplus.cz\/sk\/servis-a-udrzba-fotovoltiky\/","name":"Servis a \u00fadr\u017eba fotovoltaiky | PV SERVICE PLUS","isPartOf":{"@id":"https:\/\/pvserviceplus.cz\/#website"},"datePublished":"2021-10-02T16:18:12+00:00","dateModified":"2025-10-06T16:48:22+00:00","description":"\u010ci u\u017e ide o park, podnik alebo dom\u00e1cnos\u0165, servis a spr\u00e1vna \u00fadr\u017eba s\u00fa najd\u00f4le\u017eitej\u0161ie pre prev\u00e1dzku, \u017eivotnos\u0165 a \u00fa\u010dinnos\u0165 fotovoltaickej elektr\u00e1rne.","breadcrumb":{"@id":"https:\/\/pvserviceplus.cz\/sk\/servis-a-udrzba-fotovoltiky\/#breadcrumb"},"inLanguage":"sk-SK","potentialAction":[{"@type":"ReadAction","target":["https:\/\/pvserviceplus.cz\/sk\/servis-a-udrzba-fotovoltiky\/"]}]},{"@type":"BreadcrumbList","@id":"https:\/\/pvserviceplus.cz\/sk\/servis-a-udrzba-fotovoltiky\/#breadcrumb","itemListElement":[{"@type":"ListItem","position":1,"name":"Dom\u016f","item":"https:\/\/pvserviceplus.cz\/"},{"@type":"ListItem","position":2,"name":"Servis a \u00fadr\u017eba fotovoltaick\u00fdch zariaden\u00ed"}]},{"@type":"WebSite","@id":"https:\/\/pvserviceplus.cz\/#website","url":"https:\/\/pvserviceplus.cz\/","name":"PV SERVICE PLUS","description":"Stav\u00edme fotovoltaick\u00e9 elektr\u00e1rny na kl\u00ed\u010d pro dom\u00e1cnosti i pro firmy","publisher":{"@id":"https:\/\/pvserviceplus.cz\/#organization"},"potentialAction":[{"@type":"SearchAction","target":{"@type":"EntryPoint","urlTemplate":"https:\/\/pvserviceplus.cz\/?s={search_term_string}"},"query-input":"required name=search_term_string"}],"inLanguage":"sk-SK"},{"@type":"Organization","@id":"https:\/\/pvserviceplus.cz\/#organization","name":"PV SERVICE PLUS","url":"https:\/\/pvserviceplus.cz\/","logo":{"@type":"ImageObject","inLanguage":"sk-SK","@id":"https:\/\/pvserviceplus.cz\/#\/schema\/logo\/image\/","url":"https:\/\/pvserviceplus.cz\/wp-content\/uploads\/2021\/10\/logo.svg","contentUrl":"https:\/\/pvserviceplus.cz\/wp-content\/uploads\/2021\/10\/logo.svg","width":"1024","height":"1024","caption":"PV SERVICE PLUS"},"image":{"@id":"https:\/\/pvserviceplus.cz\/#\/schema\/logo\/image\/"},"sameAs":["https:\/\/www.facebook.com\/PVServicePlussro\/"]}]}},"_links":{"self":[{"href":"https:\/\/pvserviceplus.cz\/sk\/wp-json\/wp\/v2\/pages\/344","targetHints":{"allow":["GET"]}}],"collection":[{"href":"https:\/\/pvserviceplus.cz\/sk\/wp-json\/wp\/v2\/pages"}],"about":[{"href":"https:\/\/pvserviceplus.cz\/sk\/wp-json\/wp\/v2\/types\/page"}],"author":[{"embeddable":true,"href":"https:\/\/pvserviceplus.cz\/sk\/wp-json\/wp\/v2\/users\/1"}],"replies":[{"embeddable":true,"href":"https:\/\/pvserviceplus.cz\/sk\/wp-json\/wp\/v2\/comments?post=344"}],"version-history":[{"count":14,"href":"https:\/\/pvserviceplus.cz\/sk\/wp-json\/wp\/v2\/pages\/344\/revisions"}],"predecessor-version":[{"id":3270,"href":"https:\/\/pvserviceplus.cz\/sk\/wp-json\/wp\/v2\/pages\/344\/revisions\/3270"}],"wp:attachment":[{"href":"https:\/\/pvserviceplus.cz\/sk\/wp-json\/wp\/v2\/media?parent=344"}],"curies":[{"name":"wp","href":"https:\/\/api.w.org\/{rel}","templated":true}]}}