{"id":334,"date":"2021-09-30T21:20:56","date_gmt":"2021-09-30T19:20:56","guid":{"rendered":"https:\/\/pvserviceplus.cz\/?page_id=334"},"modified":"2026-01-14T08:17:16","modified_gmt":"2026-01-14T07:17:16","slug":"kontakt","status":"publish","type":"page","link":"https:\/\/pvserviceplus.cz\/sk\/kontakt\/","title":{"rendered":"Kontakt"},"content":{"rendered":"<div id=\"about-us-banner\" class=\"kontakt\" style=\"\">\r\n\r\n<div class=\"content\">\r\n<h1 style=\"color:#F38622\">Kontakt<\/h1>\r\n\r\n<p>K\u013eudne sa na n\u00e1s obr\u00e1\u0165te \u2014 radi v\u00e1m v\u0161etko vysvetl\u00edme a porad\u00edme.  \r\nM\u00e1te ot\u00e1zky k ponuke, cene alebo technick\u00e9mu rie\u0161eniu? Nap\u00ed\u0161te n\u00e1m cez formul\u00e1r, e-mail alebo zavolajte. Odpoved\u00e1me zvy\u010dajne e\u0161te v ten ist\u00fd pracovn\u00fd de\u0148 a navrhneme rie\u0161enie presne pre v\u00e1s.<\/p>\r\n\r\n<i class=\"scroll-cue\" aria-label=\"Scroll down\"><\/i>\r\n<\/div>\r\n\r\n\r\n<\/div>\r\n\r\n\r\n<div id=\"udaje\" data-aos=\"fade-left\" data-aos-delay=\"0\" data-aos-offset=\"0\">\r\n\r\n  <div>\r\n    <h2>FVE do 49 kWp (rodinn\u00e9 domy, bytov\u00e9 domy at\u010f.)<\/h2>\r\n\r\n    <strong>Blanka Koutn\u00e1<\/strong>\r\n    <em>obchodn\u00e1 z\u00e1stupky\u0148a<\/em>\r\n    <a href=\"tel:+420727826311\">+420 727 826 311<\/a>\r\n    <a href=\"mailto:koutna@pvsplus.cz\">koutna@pvsplus.cz<\/a>\r\n\r\n    <strong>Hrubo\u0161ov\u00e1 Jitka<\/strong>\r\n    <em>ved\u00faca obchodn\u00e9ho oddelenia<\/em>\r\n    <a href=\"tel:+420737701798\">+420 737 701 798<\/a>\r\n    <a href=\"mailto:hrubosova@pvsplus.cz\">hrubosova@pvsplus.cz<\/a>\r\n\r\n    <strong>Drahom\u00edra \u0160ev\u010d\u00edkov\u00e1<\/strong>\r\n    <em>technick\u00e1 referentka<\/em>\r\n    <a href=\"tel:+420601258172\">+420 601 258 172<\/a>\r\n    <a href=\"mailto:sevcikova@pvsplus.cz\">sevcikova@pvsplus.cz<\/a>\r\n  <\/div>\r\n\r\n  <div>\r\n    <h2>FVE od 50 kWp (firemn\u00e9 in\u0161tal\u00e1cie, pozemn\u00e9 in\u0161tal\u00e1cie)<\/h2>\r\n\r\n    <strong>Hrubo\u0161ov\u00e1 Jitka<\/strong>\r\n    <em>ved\u00faca obchodn\u00e9ho oddelenia<\/em>\r\n    <a href=\"tel:+420737701798\">+420 737 701 798<\/a>\r\n    <a href=\"mailto:hrubosova@pvsplus.cz\">hrubosova@pvsplus.cz<\/a>\r\n\r\n    <strong>Roman Hrubo\u0161<\/strong>\r\n    <em>obchodn\u00fd riadite\u013e<\/em>\r\n    <a href=\"tel:+420602723113\">+420 602 723 113<\/a>\r\n    <a href=\"mailto:hrubos@pvsplus.cz\">hrubos@pvsplus.cz<\/a>\r\n  <\/div>\r\n\r\n  <div>\r\n    <h2>BESS (BSAE) \u2013 bat\u00e9riov\u00e9 \u00falo\u017eisko<\/h2>\r\n\r\n    <strong>Ing. Eduard Michna<\/strong>\r\n    <em>technick\u00fd riadite\u013e<\/em>\r\n    <a href=\"tel:+420727955140\">+420 727 955 140<\/a>\r\n    <a href=\"mailto:michna@pvsplus.cz\">michna@pvsplus.cz<\/a>\r\n\r\n    <strong>Radovan Hl\u00f4\u0161ka<\/strong>\r\n    <em>v\u00fdkonn\u00fd riadite\u013e<\/em>\r\n    <a href=\"tel:+420724185353\">+420 724 185 353<\/a>\r\n    <a href=\"mailto:hloska@pvsplus.cz\">hloska@pvsplus.cz<\/a>\r\n\r\n    <strong>Roman Hrubo\u0161<\/strong>\r\n    <em>obchodn\u00fd riadite\u013e<\/em>\r\n    <a href=\"tel:+420602723113\">+420 602 723 113<\/a>\r\n    <a href=\"mailto:hrubos@pvsplus.cz\">hrubos@pvsplus.cz<\/a>\r\n  <\/div>\r\n\r\n  <div>\r\n    <h2>Servis a realiz\u00e1cia<\/h2>\r\n\r\n    <strong>Hotline \u2013 servis \/ poruchy<\/strong>\r\n    <a href=\"tel:+420725402431\">+420 725 402 431<\/a>\r\n\r\n    <strong>Ren\u00e9 V\u00fdborn\u00fd<\/strong>\r\n    <em>koordin\u00e1tor realiz\u00e1cie<\/em>\r\n    <a href=\"tel:+420601196210\">+420 601 196 210<\/a>\r\n    <a href=\"mailto:vyborny@pvsplus.cz\">vyborny@pvsplus.cz<\/a>\r\n\r\n    <strong>Ing. L\u00e1skov\u00e1 Zuzana<\/strong>\r\n    <em>asistentka vedenia<\/em>\r\n    <a href=\"tel:+420606785173\">+420 606 785 173<\/a>\r\n    <a href=\"mailto:laskova@pvsplus.cz\">laskova@pvsplus.cz<\/a>\r\n\r\n    <strong>Michal Mr\u00e1ka<\/strong>\r\n    <em>ved\u00faci servisu a realiz\u00e1ci\u00ed<\/em>\r\n    <a href=\"tel:+420720974060\">+420 720 974 060<\/a>\r\n    <a href=\"mailto:mraka@pvsplus.cz\">mraka@pvsplus.cz<\/a>\r\n  <\/div>\r\n\r\n  <div>\r\n    <h2>Faktura\u010dn\u00e9 \u00fadaje<\/h2>\r\n    PV SERVICE PLUS s.r.o.<br>\r\n    Bratislavsk\u00e1 1\/6<br>\r\n    695 01 Hodon\u00edn<br>\r\n    \u010cesk\u00e1 republika<br><br>\r\n    I\u010c: 03293734<br>\r\n    DI\u010c: CZ03293734<br>\r\n\r\n    <h2>Faktur\u00e1cia<\/h2>\r\n    <a href=\"mailto:fakturace@pvsplus.cz\">fakturace@pvsplus.cz<\/a>\r\n  <\/div>\r\n\r\n<\/div>\r\n\r\n\r\n<div class=\"c-form\" data-aos=\"fade-left\" data-aos-delay=\"200\"  data-aos-offset=\"0\">\r\n\r\n\r\n<iframe src=\"https:\/\/www.google.com\/maps\/embed?pb=!1m18!1m12!1m3!1d568.9866065670111!2d17.5736638574402!3d48.362997763089766!2m3!1f0!2f0!3f0!3m2!1i1024!2i768!4f13.1!3m3!1m2!1s0x476ca0713b888809%3A0x9592969aeb7a4502!2sCoburgova%2082%2C%20917%2002%20Trnava!5e0!3m2!1ssk!2ssk!4v1650615893816!5m2!1ssk!2ssk\" width=\"600\" height=\"450\" style=\"border:0;\" allowfullscreen=\"\" loading=\"lazy\" referrerpolicy=\"no-referrer-when-downgrade\"><\/iframe>\r\n\r\n<\/div>\r\n\r\n\r\n<div id=\"popup\" class=\"embed\">\r\n\t<div id=\"objednat\" data-aos=\"fade-up\" data-aos-delay=\"100\"  data-aos-offset=\"0\">\r\n\t<h2>Kontaktujte n\u00e1s alebo n\u00e1m zanechajte kontakt. Nez\u00e1v\u00e4zne odpovieme na v\u0161etky va\u0161e ot\u00e1zky, navrhneme rie\u0161enia a prediskutujeme mo\u017enosti realiz\u00e1cie.<\/h2>\r\n\t\r\n\t\t\n<div class=\"wpcf7 no-js\" id=\"wpcf7-f324-o1\" lang=\"sk-SK\" dir=\"ltr\">\n<div class=\"screen-reader-response\"><p role=\"status\" aria-live=\"polite\" aria-atomic=\"true\"><\/p> <ul><\/ul><\/div>\n<form action=\"\/sk\/wp-json\/wp\/v2\/pages\/334#wpcf7-f324-o1\" method=\"post\" class=\"wpcf7-form init wpcf7-acceptance-as-validation\" aria-label=\"Contact form\" novalidate=\"novalidate\" data-status=\"init\">\n<div style=\"display: none;\">\n<input type=\"hidden\" name=\"_wpcf7\" value=\"324\" \/>\n<input type=\"hidden\" name=\"_wpcf7_version\" value=\"5.7.3\" \/>\n<input type=\"hidden\" name=\"_wpcf7_locale\" value=\"sk_SK\" \/>\n<input type=\"hidden\" name=\"_wpcf7_unit_tag\" value=\"wpcf7-f324-o1\" \/>\n<input type=\"hidden\" name=\"_wpcf7_container_post\" value=\"0\" \/>\n<input type=\"hidden\" name=\"_wpcf7_posted_data_hash\" value=\"\" \/>\n<input type=\"hidden\" name=\"_wpcf7cf_hidden_group_fields\" value=\"[]\" \/>\n<input type=\"hidden\" name=\"_wpcf7cf_hidden_groups\" value=\"[]\" \/>\n<input type=\"hidden\" name=\"_wpcf7cf_visible_groups\" value=\"[]\" \/>\n<input type=\"hidden\" name=\"_wpcf7cf_repeaters\" value=\"[]\" \/>\n<input type=\"hidden\" name=\"_wpcf7cf_steps\" value=\"{}\" \/>\n<input type=\"hidden\" name=\"_wpcf7cf_options\" value=\"{&quot;form_id&quot;:324,&quot;conditions&quot;:[],&quot;settings&quot;:{&quot;animation&quot;:&quot;yes&quot;,&quot;animation_intime&quot;:200,&quot;animation_outtime&quot;:200,&quot;conditions_ui&quot;:&quot;normal&quot;,&quot;notice_dismissed&quot;:false}}\" \/>\n<input type=\"hidden\" name=\"_wpcf7_recaptcha_response\" value=\"\" \/>\n<\/div>\n<p><label> Va\u0161e meno<br \/>\n<span class=\"wpcf7-form-control-wrap\" data-name=\"your-name\"><input size=\"40\" class=\"wpcf7-form-control wpcf7-text wpcf7-validates-as-required\" aria-required=\"true\" aria-invalid=\"false\" value=\"\" type=\"text\" name=\"your-name\" \/><\/span> <\/label>\n<\/p>\n<p><label> V\u00e1\u0161 email<br \/>\n<span class=\"wpcf7-form-control-wrap\" data-name=\"your-email\"><input size=\"40\" class=\"wpcf7-form-control wpcf7-text wpcf7-email wpcf7-validates-as-required wpcf7-validates-as-email\" aria-required=\"true\" aria-invalid=\"false\" value=\"\" type=\"email\" name=\"your-email\" \/><\/span> <\/label><br \/>\n<label> V\u00e1\u0161 telef\u00f3n<br \/>\n<span class=\"wpcf7-form-control-wrap\" data-name=\"tel-491\"><input size=\"40\" class=\"wpcf7-form-control wpcf7-text wpcf7-tel wpcf7-validates-as-required wpcf7-validates-as-tel\" aria-required=\"true\" aria-invalid=\"false\" value=\"\" type=\"tel\" name=\"tel-491\" \/><\/span> <\/label>\n<\/p>\n<p><label> Va\u0161a spr\u00e1va (volite\u013en\u00e9)<br \/>\n<span class=\"wpcf7-form-control-wrap\" data-name=\"your-message\"><textarea cols=\"40\" rows=\"10\" class=\"wpcf7-form-control wpcf7-textarea\" aria-invalid=\"false\" name=\"your-message\"><\/textarea><\/span> <\/label>\n<\/p>\n<p><span class=\"wpcf7-form-control-wrap\" data-name=\"acceptance-GDPR-ucely\"><span class=\"wpcf7-form-control wpcf7-acceptance\"><span class=\"wpcf7-list-item\"><label><input type=\"checkbox\" name=\"acceptance-GDPR-ucely\" value=\"1\" aria-invalid=\"false\" \/><span class=\"wpcf7-list-item-label\">Va\u0161e osobn\u00e9 \u00fadaje sprac\u00favame na \u00fa\u010del vybavenia po\u017eiadavky. Odoslan\u00edm formul\u00e1ra potvrdzujete, \u017ee ste si pre\u010d\u00edtali a porozumeli ste\u00a0<a href=\"https:\/\/pvserviceplus.cz\/sk\/zasady-ochrany-osobnych-udajov\/\">Z\u00e1sad\u00e1m ochrany osobn\u00fdch \u00fadajov<\/a><\/span><\/label><\/span><\/span><\/span>\n<\/p>\n<p><span class=\"wpcf7-form-control-wrap\" data-name=\"acceptance-marketingove-ucely\"><span class=\"wpcf7-form-control wpcf7-acceptance optional\"><span class=\"wpcf7-list-item\"><label><input type=\"checkbox\" name=\"acceptance-marketingove-ucely\" value=\"1\" aria-invalid=\"false\" \/><span class=\"wpcf7-list-item-label\">S\u00fahlas so sprac\u00favan\u00edm osobn\u00fdch \u00fadajov na marketingov\u00e9 \u00fa\u010dely. S\u00fahlas je potrebn\u00fd ak chcete ma\u0165 k dispoz\u00edcii v\u0161etky z\u00e1kazn\u00edcke inform\u00e1cie, ponuky a benefity. Aby\nste sa o mnoh\u00e9 z\u00a0nich nepripravili, odpor\u00fa\u010dame V\u00e1m potvrdi\u0165 V\u00e1\u0161 s\u00fahlas. Ak nesk\u00f4r us\u00fadite inak, svoj\ns\u00fahlas m\u00f4\u017eete kedyko\u013evek odvola\u0165. <a href=\"https:\/\/pvserviceplus.cz\/sk\/zasady-ochrany-osobnych-udajov\/\">Viac tu<\/a>.<\/span><\/label><\/span><\/span><\/span>\n<\/p>\n<p><input class=\"wpcf7-form-control has-spinner wpcf7-submit\" type=\"submit\" value=\"Odosla\u0165\" \/>\n<\/p><div class=\"wpcf7-response-output\" aria-hidden=\"true\"><\/div>\n<\/form>\n<\/div>\n\r\n\t<\/div>\r\n<\/div>\r\n","protected":false},"excerpt":{"rendered":"Kontakt K\u013eudne sa na n\u00e1s obr\u00e1\u0165te \u2014 radi v\u00e1m v\u0161etko vysvetl\u00edme a porad\u00edme. M\u00e1te ot\u00e1zky k ponuke, cene alebo technick\u00e9mu rie\u0161eniu? Nap\u00ed\u0161te n\u00e1m cez formul\u00e1r, e-mail alebo zavolajte. Odpoved\u00e1me zvy\u010dajne e\u0161te v ten ist\u00fd pracovn\u00fd de\u0148 a navrhneme rie\u0161enie presne pre v\u00e1s. FVE do 49 kWp (rodinn\u00e9 domy, bytov\u00e9 domy at\u010f.) Blanka Koutn\u00e1 obchodn\u00e1 z\u00e1stupky\u0148a&hellip; <a class=\"more-link\" href=\"https:\/\/pvserviceplus.cz\/sk\/kontakt\/\">Pokra\u010dova\u0165 v \u010d\u00edtan\u00ed <span class=\"screen-reader-text\">Kontakt<\/span><\/a>","protected":false},"author":1,"featured_media":0,"parent":0,"menu_order":0,"comment_status":"closed","ping_status":"closed","template":"","meta":{"inline_featured_image":false,"footnotes":""},"class_list":["post-334","page","type-page","status-publish","hentry","entry"],"yoast_head":"<!-- This site is optimized with the Yoast SEO plugin v19.12 - https:\/\/yoast.com\/wordpress\/plugins\/seo\/ -->\n<title>Kontakt | PV SERVICE PLUS<\/title>\n<meta name=\"robots\" content=\"index, follow, max-snippet:-1, max-image-preview:large, max-video-preview:-1\" \/>\n<link rel=\"canonical\" href=\"https:\/\/pvserviceplus.cz\/sk\/kontakt\/\" \/>\n<meta property=\"og:locale\" content=\"sk_SK\" \/>\n<meta property=\"og:type\" content=\"article\" \/>\n<meta property=\"og:title\" content=\"Kontakt | PV SERVICE PLUS\" \/>\n<meta property=\"og:description\" content=\"Kontakt K\u013eudne sa na n\u00e1s obr\u00e1\u0165te \u2014 radi v\u00e1m v\u0161etko vysvetl\u00edme a porad\u00edme. M\u00e1te ot\u00e1zky k ponuke, cene alebo technick\u00e9mu rie\u0161eniu? Nap\u00ed\u0161te n\u00e1m cez formul\u00e1r, e-mail alebo zavolajte. Odpoved\u00e1me zvy\u010dajne e\u0161te v ten ist\u00fd pracovn\u00fd de\u0148 a navrhneme rie\u0161enie presne pre v\u00e1s. FVE do 49 kWp (rodinn\u00e9 domy, bytov\u00e9 domy at\u010f.) Blanka Koutn\u00e1 obchodn\u00e1 z\u00e1stupky\u0148a&hellip; Pokra\u010dova\u0165 v \u010d\u00edtan\u00ed Kontakt\" \/>\n<meta property=\"og:url\" content=\"https:\/\/pvserviceplus.cz\/sk\/kontakt\/\" \/>\n<meta property=\"og:site_name\" content=\"PV SERVICE PLUS\" \/>\n<meta property=\"article:publisher\" content=\"https:\/\/www.facebook.com\/PVServicePlussro\/\" \/>\n<meta property=\"article:modified_time\" content=\"2026-01-14T07:17:16+00:00\" \/>\n<meta name=\"twitter:card\" content=\"summary_large_image\" \/>\n<meta name=\"twitter:label1\" content=\"Predpokladan\u00fd \u010das \u010d\u00edtania\" \/>\n\t<meta name=\"twitter:data1\" content=\"1 min\u00fata\" \/>\n<script type=\"application\/ld+json\" class=\"yoast-schema-graph\">{\"@context\":\"https:\/\/schema.org\",\"@graph\":[{\"@type\":\"WebPage\",\"@id\":\"https:\/\/pvserviceplus.cz\/sk\/kontakt\/\",\"url\":\"https:\/\/pvserviceplus.cz\/sk\/kontakt\/\",\"name\":\"Kontakt | PV SERVICE PLUS\",\"isPartOf\":{\"@id\":\"https:\/\/pvserviceplus.cz\/#website\"},\"datePublished\":\"2021-09-30T19:20:56+00:00\",\"dateModified\":\"2026-01-14T07:17:16+00:00\",\"breadcrumb\":{\"@id\":\"https:\/\/pvserviceplus.cz\/sk\/kontakt\/#breadcrumb\"},\"inLanguage\":\"sk-SK\",\"potentialAction\":[{\"@type\":\"ReadAction\",\"target\":[\"https:\/\/pvserviceplus.cz\/sk\/kontakt\/\"]}]},{\"@type\":\"BreadcrumbList\",\"@id\":\"https:\/\/pvserviceplus.cz\/sk\/kontakt\/#breadcrumb\",\"itemListElement\":[{\"@type\":\"ListItem\",\"position\":1,\"name\":\"Dom\u016f\",\"item\":\"https:\/\/pvserviceplus.cz\/\"},{\"@type\":\"ListItem\",\"position\":2,\"name\":\"Kontakt\"}]},{\"@type\":\"WebSite\",\"@id\":\"https:\/\/pvserviceplus.cz\/#website\",\"url\":\"https:\/\/pvserviceplus.cz\/\",\"name\":\"PV SERVICE PLUS\",\"description\":\"Stav\u00edme fotovoltaick\u00e9 elektr\u00e1rny na kl\u00ed\u010d pro dom\u00e1cnosti i pro firmy\",\"publisher\":{\"@id\":\"https:\/\/pvserviceplus.cz\/#organization\"},\"potentialAction\":[{\"@type\":\"SearchAction\",\"target\":{\"@type\":\"EntryPoint\",\"urlTemplate\":\"https:\/\/pvserviceplus.cz\/?s={search_term_string}\"},\"query-input\":\"required name=search_term_string\"}],\"inLanguage\":\"sk-SK\"},{\"@type\":\"Organization\",\"@id\":\"https:\/\/pvserviceplus.cz\/#organization\",\"name\":\"PV SERVICE PLUS\",\"url\":\"https:\/\/pvserviceplus.cz\/\",\"logo\":{\"@type\":\"ImageObject\",\"inLanguage\":\"sk-SK\",\"@id\":\"https:\/\/pvserviceplus.cz\/#\/schema\/logo\/image\/\",\"url\":\"https:\/\/pvserviceplus.cz\/wp-content\/uploads\/2021\/10\/logo.svg\",\"contentUrl\":\"https:\/\/pvserviceplus.cz\/wp-content\/uploads\/2021\/10\/logo.svg\",\"width\":\"1024\",\"height\":\"1024\",\"caption\":\"PV SERVICE PLUS\"},\"image\":{\"@id\":\"https:\/\/pvserviceplus.cz\/#\/schema\/logo\/image\/\"},\"sameAs\":[\"https:\/\/www.facebook.com\/PVServicePlussro\/\"]}]}<\/script>\n<!-- \/ Yoast SEO plugin. -->","yoast_head_json":{"title":"Kontakt | PV SERVICE PLUS","robots":{"index":"index","follow":"follow","max-snippet":"max-snippet:-1","max-image-preview":"max-image-preview:large","max-video-preview":"max-video-preview:-1"},"canonical":"https:\/\/pvserviceplus.cz\/sk\/kontakt\/","og_locale":"sk_SK","og_type":"article","og_title":"Kontakt | PV SERVICE PLUS","og_description":"Kontakt K\u013eudne sa na n\u00e1s obr\u00e1\u0165te \u2014 radi v\u00e1m v\u0161etko vysvetl\u00edme a porad\u00edme. M\u00e1te ot\u00e1zky k ponuke, cene alebo technick\u00e9mu rie\u0161eniu? Nap\u00ed\u0161te n\u00e1m cez formul\u00e1r, e-mail alebo zavolajte. Odpoved\u00e1me zvy\u010dajne e\u0161te v ten ist\u00fd pracovn\u00fd de\u0148 a navrhneme rie\u0161enie presne pre v\u00e1s. FVE do 49 kWp (rodinn\u00e9 domy, bytov\u00e9 domy at\u010f.) Blanka Koutn\u00e1 obchodn\u00e1 z\u00e1stupky\u0148a&hellip; Pokra\u010dova\u0165 v \u010d\u00edtan\u00ed Kontakt","og_url":"https:\/\/pvserviceplus.cz\/sk\/kontakt\/","og_site_name":"PV SERVICE PLUS","article_publisher":"https:\/\/www.facebook.com\/PVServicePlussro\/","article_modified_time":"2026-01-14T07:17:16+00:00","twitter_card":"summary_large_image","twitter_misc":{"Predpokladan\u00fd \u010das \u010d\u00edtania":"1 min\u00fata"},"schema":{"@context":"https:\/\/schema.org","@graph":[{"@type":"WebPage","@id":"https:\/\/pvserviceplus.cz\/sk\/kontakt\/","url":"https:\/\/pvserviceplus.cz\/sk\/kontakt\/","name":"Kontakt | PV SERVICE PLUS","isPartOf":{"@id":"https:\/\/pvserviceplus.cz\/#website"},"datePublished":"2021-09-30T19:20:56+00:00","dateModified":"2026-01-14T07:17:16+00:00","breadcrumb":{"@id":"https:\/\/pvserviceplus.cz\/sk\/kontakt\/#breadcrumb"},"inLanguage":"sk-SK","potentialAction":[{"@type":"ReadAction","target":["https:\/\/pvserviceplus.cz\/sk\/kontakt\/"]}]},{"@type":"BreadcrumbList","@id":"https:\/\/pvserviceplus.cz\/sk\/kontakt\/#breadcrumb","itemListElement":[{"@type":"ListItem","position":1,"name":"Dom\u016f","item":"https:\/\/pvserviceplus.cz\/"},{"@type":"ListItem","position":2,"name":"Kontakt"}]},{"@type":"WebSite","@id":"https:\/\/pvserviceplus.cz\/#website","url":"https:\/\/pvserviceplus.cz\/","name":"PV SERVICE PLUS","description":"Stav\u00edme fotovoltaick\u00e9 elektr\u00e1rny na kl\u00ed\u010d pro dom\u00e1cnosti i pro firmy","publisher":{"@id":"https:\/\/pvserviceplus.cz\/#organization"},"potentialAction":[{"@type":"SearchAction","target":{"@type":"EntryPoint","urlTemplate":"https:\/\/pvserviceplus.cz\/?s={search_term_string}"},"query-input":"required name=search_term_string"}],"inLanguage":"sk-SK"},{"@type":"Organization","@id":"https:\/\/pvserviceplus.cz\/#organization","name":"PV SERVICE PLUS","url":"https:\/\/pvserviceplus.cz\/","logo":{"@type":"ImageObject","inLanguage":"sk-SK","@id":"https:\/\/pvserviceplus.cz\/#\/schema\/logo\/image\/","url":"https:\/\/pvserviceplus.cz\/wp-content\/uploads\/2021\/10\/logo.svg","contentUrl":"https:\/\/pvserviceplus.cz\/wp-content\/uploads\/2021\/10\/logo.svg","width":"1024","height":"1024","caption":"PV SERVICE PLUS"},"image":{"@id":"https:\/\/pvserviceplus.cz\/#\/schema\/logo\/image\/"},"sameAs":["https:\/\/www.facebook.com\/PVServicePlussro\/"]}]}},"_links":{"self":[{"href":"https:\/\/pvserviceplus.cz\/sk\/wp-json\/wp\/v2\/pages\/334","targetHints":{"allow":["GET"]}}],"collection":[{"href":"https:\/\/pvserviceplus.cz\/sk\/wp-json\/wp\/v2\/pages"}],"about":[{"href":"https:\/\/pvserviceplus.cz\/sk\/wp-json\/wp\/v2\/types\/page"}],"author":[{"embeddable":true,"href":"https:\/\/pvserviceplus.cz\/sk\/wp-json\/wp\/v2\/users\/1"}],"replies":[{"embeddable":true,"href":"https:\/\/pvserviceplus.cz\/sk\/wp-json\/wp\/v2\/comments?post=334"}],"version-history":[{"count":44,"href":"https:\/\/pvserviceplus.cz\/sk\/wp-json\/wp\/v2\/pages\/334\/revisions"}],"predecessor-version":[{"id":3632,"href":"https:\/\/pvserviceplus.cz\/sk\/wp-json\/wp\/v2\/pages\/334\/revisions\/3632"}],"wp:attachment":[{"href":"https:\/\/pvserviceplus.cz\/sk\/wp-json\/wp\/v2\/media?parent=334"}],"curies":[{"name":"wp","href":"https:\/\/api.w.org\/{rel}","templated":true}]}}