{"id":330,"date":"2022-04-11T18:07:48","date_gmt":"2022-04-11T16:07:48","guid":{"rendered":"https:\/\/pvserviceplus.cz\/?page_id=330"},"modified":"2023-01-24T13:25:08","modified_gmt":"2023-01-24T12:25:08","slug":"inteligentne-ovladanie-domacnosti","status":"publish","type":"page","link":"https:\/\/pvserviceplus.cz\/sk\/inteligentne-ovladanie-domacnosti\/","title":{"rendered":"Inteligentn\u00e1 dom\u00e1cnos\u0165 Smart Home"},"content":{"rendered":"<div class=\"hero-video\">\r\n\t\t\r\n\t\t\t\t\t<div class=\"image-file\"><\/div>\r\n\t\t\t\t\t\t\t\t\r\n\t\t\t\t\t\t\t\r\n\t\t\t\t\t\t\t<video class=\"video\" preload=\"auto\" muted=\"\" autoplay=\"\" loop=\"\" playsinline=\"\" poster=\"\" data-aos=\"fade-in\">\r\n\t\t\t<source src=\"https:\/\/www.vhsi-energie.de\/wp-content\/uploads\/2020\/02\/energie2.mp4\" type=\"video\/mp4\">\r\n\t\t\t\t<source src=\"https:\/\/www.vhsi-energie.de\/wp-content\/uploads\/2020\/02\/energie2.mp4\" type=\"video\/webm\">\r\n\t\t\t\t<\/video>\r\n\t\t\t\t\r\n\t\t\t\t<div class=\"over-video\">\t\r\n\t\t\t\t\t<i class=\"l\"><\/i>\r\n\t\t\t\t\t<h1>\r\n\t\t\t\t\t\t<span data-aos=\"fade-left\" data-aos-delay=\"600\"  data-aos-offset=\"0\">INTELIGENTN\u00c9 OVL\u00c1DANIE DOM\u00c1CNOSTI<\/span>\r\n\t\t\t\t\t\t<span  data-aos=\"fade-right\" data-aos-delay=\"2200\"  data-aos-offset=\"0\">S na\u0161\u00edm syst\u00e9mom SMART HOME m\u00f4\u017eete v\u0161etko ovl\u00e1da\u0165 z jedn\u00e9ho miesta, jedn\u00fdm kliknut\u00edm a odkia\u013eko\u013evek <\/span>\r\n\t\t\t\t\t\t<span  data-aos=\"fade-in\" data-aos-delay=\"2900\"  data-aos-offset=\"0\">\r\n\t\t\t\t\t\t\t<a  href=\"#objednat\" class=\"btn\">M\u00e1m z\u00e1ujem<\/a>\r\n\t\t\t\t\t\t\r\n\t\t\t\t\t\t<\/span>\r\n\t\t\t\t\t\t\r\n\t\t\t\t\t<\/h1>\t\r\n\t\r\n\t\t\t\t\r\n\t\t\t\r\n\t\t\t\t<\/div>\r\n\t\t\r\n\t\t\r\n\t\t\r\n\t\t\r\n\t\t\t\t<\/div>\r\n\r\n\r\n\r\n\r\n<div id=\"smarthome\" data-aos=\"fade-up\" data-aos-delay=\"100\"  data-aos-offset=\"0\">\r\n<h2 data-aos=\"fade-up\" data-aos-delay=\"200\"  data-aos-offset=\"0\">INTELIGENTN\u00c9 RIE\u0160ENIA <\/h2>\r\n<strong data-aos=\"fade-up\" data-aos-delay=\"300\"  data-aos-offset=\"0\">Vytvorte si svoj vlastn\u00fd SMART HOME <\/strong>\r\n\r\n<p data-aos=\"fade-up\" data-aos-delay=\"400\"  data-aos-offset=\"0\">Spolo\u010dnos\u0165 PV SERVICE PLUS pon\u00faka inteligentn\u00e9 ovl\u00e1danie dom\u00e1cnosti, ktor\u00e9 v\u00e1m doma zaist\u00ed dokonal\u00fd komfort. Smart in\u0161tal\u00e1cia s inteligentnou riadiacou jednotkou v\u00e1m umo\u017en\u00ed maxim\u00e1lne pohodln\u00e9 a jednoduch\u00e9 ovl\u00e1danie \u0161tandardn\u00fdch prvkov vo va\u0161ej dom\u00e1cnosti pomocou inteligentn\u00e9ho ovl\u00e1da\u010da, tabletu alebo aplik\u00e1cie v telef\u00f3ne. <\/p>\r\n<p data-aos=\"fade-up\" data-aos-delay=\"500\"  data-aos-offset=\"0\">Stmievanie svetiel, optim\u00e1lne nastavenie \u017eal\u00fazi\u00ed, regul\u00e1cia teploty, nastavenie audio syst\u00e9mu alebo dokonca pripojenie kamerov\u00e9ho syst\u00e9mu &#8211; to v\u0161etko m\u00f4\u017eete ovl\u00e1da\u0165 z jedn\u00e9ho miesta a jedn\u00fdm kliknut\u00edm v\u010faka n\u00e1\u0161mu syst\u00e9mu SMART HOME.  <\/p>\r\n\r\n<\/div>\r\n\r\n\r\n<div class=\"row services\" id=\"inteligentni-reseni\" style=\"\">\r\n\r\n\t<div data-aos=\"fade-up\" data-aos-delay=\"100\"  data-aos-offset=\"0\">\r\n\t<h2>OSVETLENIE <\/h2>\r\n\t<i><\/i>\r\n<b>Sveteln\u00fa sc\u00e9nu u v\u00e1s doma si m\u00f4\u017eete nastavi\u0165 presne pod\u013ea svojich predst\u00e1v pre dan\u00fa pr\u00edle\u017eitos\u0165.<\/b> Stlmenie r\u00f4znych sveteln\u00fdch zdrojov vr\u00e1tane LED \u017eiaroviek a RGB p\u00e1sov na po\u017eadovan\u00fa \u00farove\u0148, nastavenie \u010dasov\u00e9ho oneskorenia zapnutia svetiel, nastavenie no\u010dn\u00e9ho re\u017eimu, vytvorenie sc\u00e9ny pre sledovanie telev\u00edzie alebo po\u010d\u00favanie hudby, automatick\u00e9 rozsvietenie svetiel aj po\u010das va\u0161ej nepr\u00edtomnosti &#8211; to v\u0161etko zvl\u00e1dne jedna inteligentn\u00e1 riadiaca jednotka.  \r\n\r\n\t<\/div>\r\n\t\r\n\t\r\n\t\r\n\t\r\n\t<div data-aos=\"fade-up\" data-aos-delay=\"200\"  data-aos-offset=\"0\">\r\n\t<h2>VYKUROVANIE <\/h2>\r\n\t<i><\/i>\r\n\t<b>Regulujte teplotu vo svojom dome presne tak, ako v\u00e1m to vyhovuje. Teplotu v ka\u017edej miestnosti si nastav\u00edte jedin\u00fdm tla\u010didlom alebo pomocou aplik\u00e1cie vo va\u0161om telef\u00f3ne.<\/b> R\u00fdchle a jednoduch\u00e9 nastavenie ide\u00e1lnej teploty vo va\u0161ej dom\u00e1cnosti. Syst\u00e9m regul\u00e1cie teploty v ka\u017edej miestnosti prin\u00e1\u0161a v\u00fdrazn\u00e9 \u00faspory energie.  \r\n\r\n\r\n\t<\/div>\r\n\t\r\n\t\r\n\t\r\n\t\r\n\r\n\t\r\n\t\r\n\t\r\n\t<div data-aos=\"fade-up\" data-aos-delay=\"300\"  data-aos-offset=\"0\">\r\n\t<h2>ALL OFF<\/h2>\r\n\t<i><\/i>\r\nVytvorte si pred span\u00edm spr\u00e1vnu atmosf\u00e9ru, ktor\u00e1 v\u00e1m poskytne pocit pokoja a pohody. Jedin\u00fdm tla\u010didlom vypnete v\u0161etky zariadenia, stlm\u00edte svetl\u00e1, zatiahnete \u017eal\u00fazie a prepnete svoj byt alebo dom do no\u010dn\u00e9ho re\u017eimu. Podobne m\u00f4\u017eete jedin\u00fdm tla\u010didlom uvies\u0165 svoj domov do stavu pokoja a pri odchode si zak\u00f3dova\u0165 dom.  \r\n\r\n\r\n\t<\/div>\r\n\t\r\n\t\r\n\t\r\n\t\r\n\t<div data-aos=\"fade-up\" data-aos-delay=\"400\"  data-aos-offset=\"0\">\r\n\t<h2>TIENENIE<\/h2>\r\n\t<i><\/i>\r\nRolety, \u017eal\u00fazie a mark\u00edzy m\u00f4\u017eete ovl\u00e1da\u0165 jednoducho a pohodlne pomocou jedn\u00e9ho dia\u013ekov\u00e9ho ovl\u00e1da\u010da alebo aplik\u00e1cie vo va\u0161om telef\u00f3ne. Automatick\u00fd syst\u00e9m riadenia, ktor\u00fd re\u0161pektuje va\u0161e potreby. Smart rie\u0161enia v podobe \u010dasov\u00e9ho ovl\u00e1dania v t\u00fd\u017edennom re\u017eime alebo automatick\u00e9ho ovl\u00e1dania \u017eal\u00fazi\u00ed pod\u013ea intenzity slne\u010dn\u00e9ho svetla.\r\n\r\n\t<\/div>\r\n\t\r\n\t\r\n\t\r\n\t<div data-aos=\"fade-up\" data-aos-delay=\"500\"  data-aos-offset=\"0\">\r\n\t<h2>BEZPE\u010cNOS\u0164<\/h2>\r\n\t<i><\/i>\r\nBezpe\u010dnos\u0165 v\u00e1\u0161ho domova je prvorad\u00e1. Pomocou smart elektroin\u0161tal\u00e1cie m\u00e1te mo\u017enos\u0165 pripoji\u0165 \u013eubovo\u013en\u00fd po\u010det kamier a sledova\u0165 ich na telef\u00f3ne, pri\u010dom ich m\u00f4\u017eete na telef\u00f3ne pomocou inteligentnej aplik\u00e1cie aj ovl\u00e1da\u0165.  \r\n\r\n\r\n\t<\/div>\r\n\t\r\n\t\r\n\t\r\n\t\r\n\t\t<div data-aos=\"fade-up\" data-aos-delay=\"600\"  data-aos-offset=\"0\">\r\n\t<h2>SPOTREBI\u010cE<\/h2>\r\n\t<i><\/i>\r\nPomocou inteligentnej elektroin\u0161tal\u00e1cie m\u00f4\u017eete zapn\u00fa\u0165 alebo vypn\u00fa\u0165 ak\u00fdko\u013evek spotrebi\u010d, ktor\u00fd je zapojen\u00fd do z\u00e1suvky.\r\n\r\n\t<\/div>\r\n\t\r\n\t\r\n\t\r\n\t<div data-aos=\"fade-up\" data-aos-delay=\"700\"  data-aos-offset=\"0\">\r\n\t<h2>AUDIO<\/h2>\r\n\t<i><\/i>\r\nDokonal\u00fd zvuk a prepojenie cel\u00e9ho audio syst\u00e9mu vo va\u0161ej dom\u00e1cnosti. Cel\u00fd priestor mo\u017eno rozdeli\u0165 na nieko\u013eko audio z\u00f3n a vytvori\u0165 tak t\u00fa spr\u00e1vnu atmosf\u00e9ru jednoduch\u00fdm dotykom na mobilnom telef\u00f3ne.\r\n\r\n\r\n\t<\/div>\r\n\t\r\n\t\r\n\t\r\n\r\n<\/div>\r\n\r\n\r\n\r\n\r\n\r\n<div id=\"popup\" class=\"embed\">\r\n  <div id=\"objednat\" data-aos=\"fade-up\" data-aos-delay=\"100\"  data-aos-offset=\"0\">\r\n  <h2>Kontaktujte n\u00e1s alebo n\u00e1m zanechajte na v\u00e1s kontakt. Nez\u00e1v\u00e4zne v\u00e1m odpovieme na v\u0161etky ot\u00e1zky, vypo\u010d\u00edtame \u00faspory a prediskutujeme mo\u017enosti realiz\u00e1cie. <\/h2>\r\n  \n<div class=\"wpcf7 no-js\" id=\"wpcf7-f327-o1\" lang=\"cs-CZ\" dir=\"ltr\">\n<div class=\"screen-reader-response\"><p role=\"status\" aria-live=\"polite\" aria-atomic=\"true\"><\/p> <ul><\/ul><\/div>\n<form action=\"\/sk\/wp-json\/wp\/v2\/pages\/330#wpcf7-f327-o1\" method=\"post\" class=\"wpcf7-form init wpcf7-acceptance-as-validation\" aria-label=\"Kontaktn\u00ed formul\u00e1\u0159\" novalidate=\"novalidate\" data-status=\"init\">\n<div style=\"display: none;\">\n<input type=\"hidden\" name=\"_wpcf7\" value=\"327\" \/>\n<input type=\"hidden\" name=\"_wpcf7_version\" value=\"5.7.3\" \/>\n<input type=\"hidden\" name=\"_wpcf7_locale\" value=\"cs_CZ\" \/>\n<input type=\"hidden\" name=\"_wpcf7_unit_tag\" value=\"wpcf7-f327-o1\" \/>\n<input type=\"hidden\" name=\"_wpcf7_container_post\" value=\"0\" \/>\n<input type=\"hidden\" name=\"_wpcf7_posted_data_hash\" value=\"\" \/>\n<input type=\"hidden\" name=\"_wpcf7cf_hidden_group_fields\" value=\"[]\" \/>\n<input type=\"hidden\" name=\"_wpcf7cf_hidden_groups\" value=\"[]\" \/>\n<input type=\"hidden\" name=\"_wpcf7cf_visible_groups\" value=\"[]\" \/>\n<input type=\"hidden\" name=\"_wpcf7cf_repeaters\" value=\"[]\" \/>\n<input type=\"hidden\" name=\"_wpcf7cf_steps\" value=\"{}\" \/>\n<input type=\"hidden\" name=\"_wpcf7cf_options\" value=\"{&quot;form_id&quot;:327,&quot;conditions&quot;:[{&quot;then_field&quot;:&quot;-1&quot;,&quot;and_rules&quot;:[{&quot;if_field&quot;:&quot;-1&quot;,&quot;operator&quot;:&quot;equals&quot;,&quot;if_value&quot;:&quot;FVE BASIC&quot;}]},{&quot;then_field&quot;:&quot;-1&quot;,&quot;and_rules&quot;:[{&quot;if_field&quot;:&quot;-1&quot;,&quot;operator&quot;:&quot;equals&quot;,&quot;if_value&quot;:&quot;FVE BASIC PLUS&quot;}]},{&quot;then_field&quot;:&quot;-1&quot;,&quot;and_rules&quot;:[{&quot;if_field&quot;:&quot;-1&quot;,&quot;operator&quot;:&quot;equals&quot;,&quot;if_value&quot;:&quot;FVE ADVANCED&quot;}]},{&quot;then_field&quot;:&quot;-1&quot;,&quot;and_rules&quot;:[{&quot;if_field&quot;:&quot;-1&quot;,&quot;operator&quot;:&quot;equals&quot;,&quot;if_value&quot;:&quot;FVE ADVANCED PLUS&quot;}]}],&quot;settings&quot;:{&quot;animation&quot;:&quot;yes&quot;,&quot;animation_intime&quot;:200,&quot;animation_outtime&quot;:200,&quot;conditions_ui&quot;:&quot;normal&quot;,&quot;notice_dismissed&quot;:false}}\" \/>\n<input type=\"hidden\" name=\"_wpcf7_recaptcha_response\" value=\"\" \/>\n<\/div>\n<p><label> Va\u0161e meno<br \/>\n<span class=\"wpcf7-form-control-wrap\" data-name=\"your-name\"><input size=\"40\" class=\"wpcf7-form-control wpcf7-text wpcf7-validates-as-required\" aria-required=\"true\" aria-invalid=\"false\" value=\"\" type=\"text\" name=\"your-name\" \/><\/span> <\/label>\n<\/p>\n<p><label> V\u00e1\u0161 email<br \/>\n<span class=\"wpcf7-form-control-wrap\" data-name=\"your-email\"><input size=\"40\" class=\"wpcf7-form-control wpcf7-text wpcf7-email wpcf7-validates-as-required wpcf7-validates-as-email\" aria-required=\"true\" aria-invalid=\"false\" value=\"\" type=\"email\" name=\"your-email\" \/><\/span> <\/label><br \/>\n<label> Va\u0161e telef\u00f3nne \u010d\u00edslo<br \/>\n<span class=\"wpcf7-form-control-wrap\" data-name=\"tel-491\"><input size=\"40\" class=\"wpcf7-form-control wpcf7-text wpcf7-tel wpcf7-validates-as-required wpcf7-validates-as-tel\" aria-required=\"true\" aria-invalid=\"false\" value=\"\" type=\"tel\" name=\"tel-491\" \/><\/span> <\/label>\n<\/p>\n<p><label> Va\u0161a spr\u00e1va (nepovinn\u00e9)<br \/>\n<span class=\"wpcf7-form-control-wrap\" data-name=\"your-message\"><textarea cols=\"40\" rows=\"10\" class=\"wpcf7-form-control wpcf7-textarea\" aria-invalid=\"false\" name=\"your-message\"><\/textarea><\/span> <\/label>\n<\/p>\n<p><span class=\"wpcf7-form-control-wrap\" data-name=\"acceptance-GDPR-ucely\"><span class=\"wpcf7-form-control wpcf7-acceptance\"><span class=\"wpcf7-list-item\"><label><input type=\"checkbox\" name=\"acceptance-GDPR-ucely\" value=\"1\" aria-invalid=\"false\" \/><span class=\"wpcf7-list-item-label\">Va\u0161e osobn\u00e9 \u00fadaje sprac\u00favame na \u00fa\u010del vybavenia po\u017eiadavky. Odoslan\u00edm formul\u00e1ra potvrdzujete, \u017ee ste si pre\u010d\u00edtali a porozumeli ste\u00a0<a href=\"https:\/\/pvserviceplus.cz\/sk\/zasady-ochrany-osobnych-udajov\/\">Z\u00e1sad\u00e1m ochrany osobn\u00fdch \u00fadajov<\/a><\/span><\/label><\/span><\/span><\/span>\n<\/p>\n<p><span class=\"wpcf7-form-control-wrap\" data-name=\"acceptance-marketingove-ucely\"><span class=\"wpcf7-form-control wpcf7-acceptance optional\"><span class=\"wpcf7-list-item\"><label><input type=\"checkbox\" name=\"acceptance-marketingove-ucely\" value=\"1\" aria-invalid=\"false\" \/><span class=\"wpcf7-list-item-label\">S\u00fahlas so sprac\u00favan\u00edm osobn\u00fdch \u00fadajov na marketingov\u00e9 \u00fa\u010dely. S\u00fahlas je potrebn\u00fd ak chcete ma\u0165 k dispoz\u00edcii v\u0161etky z\u00e1kazn\u00edcke inform\u00e1cie, ponuky a benefity. Aby\nste sa o mnoh\u00e9 z\u00a0nich nepripravili, odpor\u00fa\u010dame V\u00e1m potvrdi\u0165 V\u00e1\u0161 s\u00fahlas. Ak nesk\u00f4r us\u00fadite inak, svoj\ns\u00fahlas m\u00f4\u017eete kedyko\u013evek odvola\u0165. <a href=\"https:\/\/pvserviceplus.cz\/sk\/zasady-ochrany-osobnych-udajov\/\">Viac tu<\/a>.<\/span><\/label><\/span><\/span><\/span>\n<\/p>\n<p><input class=\"wpcf7-form-control has-spinner wpcf7-submit\" type=\"submit\" value=\"Odosla\u0165\" \/>\n<\/p><div class=\"wpcf7-response-output\" aria-hidden=\"true\"><\/div>\n<\/form>\n<\/div>\n\r\n  <\/div>\r\n<\/div>\r\n","protected":false},"excerpt":{"rendered":"INTELIGENTN\u00c9 OVL\u00c1DANIE DOM\u00c1CNOSTI S na\u0161\u00edm syst\u00e9mom SMART HOME m\u00f4\u017eete v\u0161etko ovl\u00e1da\u0165 z jedn\u00e9ho miesta, jedn\u00fdm kliknut\u00edm a odkia\u013eko\u013evek M\u00e1m z\u00e1ujem INTELIGENTN\u00c9 RIE\u0160ENIA Vytvorte si svoj vlastn\u00fd SMART HOME Spolo\u010dnos\u0165 PV SERVICE PLUS pon\u00faka inteligentn\u00e9 ovl\u00e1danie dom\u00e1cnosti, ktor\u00e9 v\u00e1m doma zaist\u00ed dokonal\u00fd komfort. Smart in\u0161tal\u00e1cia s inteligentnou riadiacou jednotkou v\u00e1m umo\u017en\u00ed maxim\u00e1lne pohodln\u00e9 a jednoduch\u00e9 ovl\u00e1danie&hellip; <a class=\"more-link\" href=\"https:\/\/pvserviceplus.cz\/sk\/inteligentne-ovladanie-domacnosti\/\">Pokra\u010dova\u0165 v \u010d\u00edtan\u00ed <span class=\"screen-reader-text\">Inteligentn\u00e1 dom\u00e1cnos\u0165 Smart Home<\/span><\/a>","protected":false},"author":1,"featured_media":0,"parent":0,"menu_order":0,"comment_status":"closed","ping_status":"closed","template":"","meta":{"inline_featured_image":false,"footnotes":""},"class_list":["post-330","page","type-page","status-publish","hentry","entry"],"yoast_head":"<!-- This site is optimized with the Yoast SEO plugin v19.12 - https:\/\/yoast.com\/wordpress\/plugins\/seo\/ -->\n<title>Inteligentn\u00e1 dom\u00e1cnos\u0165 | PV SERVICE PLUS<\/title>\n<meta name=\"description\" content=\"Vytvorte si vlastn\u00fd SMART HOME a inteligentn\u00e9 ovl\u00e1danie dom\u00e1cnosti od PV SERVICE PLUS a za\u017eite dokonal\u00fd dom\u00e1ci komfort.\" \/>\n<meta name=\"robots\" content=\"index, follow, max-snippet:-1, max-image-preview:large, max-video-preview:-1\" \/>\n<link rel=\"canonical\" href=\"https:\/\/pvserviceplus.cz\/sk\/inteligentne-ovladanie-domacnosti\/\" \/>\n<meta property=\"og:locale\" content=\"sk_SK\" \/>\n<meta property=\"og:type\" content=\"article\" \/>\n<meta property=\"og:title\" content=\"Inteligentn\u00e1 dom\u00e1cnos\u0165 | PV SERVICE PLUS\" \/>\n<meta property=\"og:description\" content=\"Vytvorte si vlastn\u00fd SMART HOME a inteligentn\u00e9 ovl\u00e1danie dom\u00e1cnosti od PV SERVICE PLUS a za\u017eite dokonal\u00fd dom\u00e1ci komfort.\" \/>\n<meta property=\"og:url\" content=\"https:\/\/pvserviceplus.cz\/sk\/inteligentne-ovladanie-domacnosti\/\" \/>\n<meta property=\"og:site_name\" content=\"PV SERVICE PLUS\" \/>\n<meta property=\"article:publisher\" content=\"https:\/\/www.facebook.com\/PVServicePlussro\/\" \/>\n<meta property=\"article:modified_time\" content=\"2023-01-24T12:25:08+00:00\" \/>\n<meta name=\"twitter:card\" content=\"summary_large_image\" \/>\n<meta name=\"twitter:label1\" content=\"Predpokladan\u00fd \u010das \u010d\u00edtania\" \/>\n\t<meta name=\"twitter:data1\" content=\"3 min\u00faty\" \/>\n<script type=\"application\/ld+json\" class=\"yoast-schema-graph\">{\"@context\":\"https:\/\/schema.org\",\"@graph\":[{\"@type\":\"WebPage\",\"@id\":\"https:\/\/pvserviceplus.cz\/sk\/inteligentne-ovladanie-domacnosti\/\",\"url\":\"https:\/\/pvserviceplus.cz\/sk\/inteligentne-ovladanie-domacnosti\/\",\"name\":\"Inteligentn\u00e1 dom\u00e1cnos\u0165 | PV SERVICE PLUS\",\"isPartOf\":{\"@id\":\"https:\/\/pvserviceplus.cz\/#website\"},\"datePublished\":\"2022-04-11T16:07:48+00:00\",\"dateModified\":\"2023-01-24T12:25:08+00:00\",\"description\":\"Vytvorte si vlastn\u00fd SMART HOME a inteligentn\u00e9 ovl\u00e1danie dom\u00e1cnosti od PV SERVICE PLUS a za\u017eite dokonal\u00fd dom\u00e1ci komfort.\",\"breadcrumb\":{\"@id\":\"https:\/\/pvserviceplus.cz\/sk\/inteligentne-ovladanie-domacnosti\/#breadcrumb\"},\"inLanguage\":\"sk-SK\",\"potentialAction\":[{\"@type\":\"ReadAction\",\"target\":[\"https:\/\/pvserviceplus.cz\/sk\/inteligentne-ovladanie-domacnosti\/\"]}]},{\"@type\":\"BreadcrumbList\",\"@id\":\"https:\/\/pvserviceplus.cz\/sk\/inteligentne-ovladanie-domacnosti\/#breadcrumb\",\"itemListElement\":[{\"@type\":\"ListItem\",\"position\":1,\"name\":\"Dom\u016f\",\"item\":\"https:\/\/pvserviceplus.cz\/\"},{\"@type\":\"ListItem\",\"position\":2,\"name\":\"Inteligentn\u00e1 dom\u00e1cnos\u0165 Smart Home\"}]},{\"@type\":\"WebSite\",\"@id\":\"https:\/\/pvserviceplus.cz\/#website\",\"url\":\"https:\/\/pvserviceplus.cz\/\",\"name\":\"PV SERVICE PLUS\",\"description\":\"Stav\u00edme fotovoltaick\u00e9 elektr\u00e1rny na kl\u00ed\u010d pro dom\u00e1cnosti i pro firmy\",\"publisher\":{\"@id\":\"https:\/\/pvserviceplus.cz\/#organization\"},\"potentialAction\":[{\"@type\":\"SearchAction\",\"target\":{\"@type\":\"EntryPoint\",\"urlTemplate\":\"https:\/\/pvserviceplus.cz\/?s={search_term_string}\"},\"query-input\":\"required name=search_term_string\"}],\"inLanguage\":\"sk-SK\"},{\"@type\":\"Organization\",\"@id\":\"https:\/\/pvserviceplus.cz\/#organization\",\"name\":\"PV SERVICE PLUS\",\"url\":\"https:\/\/pvserviceplus.cz\/\",\"logo\":{\"@type\":\"ImageObject\",\"inLanguage\":\"sk-SK\",\"@id\":\"https:\/\/pvserviceplus.cz\/#\/schema\/logo\/image\/\",\"url\":\"https:\/\/pvserviceplus.cz\/wp-content\/uploads\/2021\/10\/logo.svg\",\"contentUrl\":\"https:\/\/pvserviceplus.cz\/wp-content\/uploads\/2021\/10\/logo.svg\",\"width\":\"1024\",\"height\":\"1024\",\"caption\":\"PV SERVICE PLUS\"},\"image\":{\"@id\":\"https:\/\/pvserviceplus.cz\/#\/schema\/logo\/image\/\"},\"sameAs\":[\"https:\/\/www.facebook.com\/PVServicePlussro\/\"]}]}<\/script>\n<!-- \/ Yoast SEO plugin. -->","yoast_head_json":{"title":"Inteligentn\u00e1 dom\u00e1cnos\u0165 | PV SERVICE PLUS","description":"Vytvorte si vlastn\u00fd SMART HOME a inteligentn\u00e9 ovl\u00e1danie dom\u00e1cnosti od PV SERVICE PLUS a za\u017eite dokonal\u00fd dom\u00e1ci komfort.","robots":{"index":"index","follow":"follow","max-snippet":"max-snippet:-1","max-image-preview":"max-image-preview:large","max-video-preview":"max-video-preview:-1"},"canonical":"https:\/\/pvserviceplus.cz\/sk\/inteligentne-ovladanie-domacnosti\/","og_locale":"sk_SK","og_type":"article","og_title":"Inteligentn\u00e1 dom\u00e1cnos\u0165 | PV SERVICE PLUS","og_description":"Vytvorte si vlastn\u00fd SMART HOME a inteligentn\u00e9 ovl\u00e1danie dom\u00e1cnosti od PV SERVICE PLUS a za\u017eite dokonal\u00fd dom\u00e1ci komfort.","og_url":"https:\/\/pvserviceplus.cz\/sk\/inteligentne-ovladanie-domacnosti\/","og_site_name":"PV SERVICE PLUS","article_publisher":"https:\/\/www.facebook.com\/PVServicePlussro\/","article_modified_time":"2023-01-24T12:25:08+00:00","twitter_card":"summary_large_image","twitter_misc":{"Predpokladan\u00fd \u010das \u010d\u00edtania":"3 min\u00faty"},"schema":{"@context":"https:\/\/schema.org","@graph":[{"@type":"WebPage","@id":"https:\/\/pvserviceplus.cz\/sk\/inteligentne-ovladanie-domacnosti\/","url":"https:\/\/pvserviceplus.cz\/sk\/inteligentne-ovladanie-domacnosti\/","name":"Inteligentn\u00e1 dom\u00e1cnos\u0165 | PV SERVICE PLUS","isPartOf":{"@id":"https:\/\/pvserviceplus.cz\/#website"},"datePublished":"2022-04-11T16:07:48+00:00","dateModified":"2023-01-24T12:25:08+00:00","description":"Vytvorte si vlastn\u00fd SMART HOME a inteligentn\u00e9 ovl\u00e1danie dom\u00e1cnosti od PV SERVICE PLUS a za\u017eite dokonal\u00fd dom\u00e1ci komfort.","breadcrumb":{"@id":"https:\/\/pvserviceplus.cz\/sk\/inteligentne-ovladanie-domacnosti\/#breadcrumb"},"inLanguage":"sk-SK","potentialAction":[{"@type":"ReadAction","target":["https:\/\/pvserviceplus.cz\/sk\/inteligentne-ovladanie-domacnosti\/"]}]},{"@type":"BreadcrumbList","@id":"https:\/\/pvserviceplus.cz\/sk\/inteligentne-ovladanie-domacnosti\/#breadcrumb","itemListElement":[{"@type":"ListItem","position":1,"name":"Dom\u016f","item":"https:\/\/pvserviceplus.cz\/"},{"@type":"ListItem","position":2,"name":"Inteligentn\u00e1 dom\u00e1cnos\u0165 Smart Home"}]},{"@type":"WebSite","@id":"https:\/\/pvserviceplus.cz\/#website","url":"https:\/\/pvserviceplus.cz\/","name":"PV SERVICE PLUS","description":"Stav\u00edme fotovoltaick\u00e9 elektr\u00e1rny na kl\u00ed\u010d pro dom\u00e1cnosti i pro firmy","publisher":{"@id":"https:\/\/pvserviceplus.cz\/#organization"},"potentialAction":[{"@type":"SearchAction","target":{"@type":"EntryPoint","urlTemplate":"https:\/\/pvserviceplus.cz\/?s={search_term_string}"},"query-input":"required name=search_term_string"}],"inLanguage":"sk-SK"},{"@type":"Organization","@id":"https:\/\/pvserviceplus.cz\/#organization","name":"PV SERVICE PLUS","url":"https:\/\/pvserviceplus.cz\/","logo":{"@type":"ImageObject","inLanguage":"sk-SK","@id":"https:\/\/pvserviceplus.cz\/#\/schema\/logo\/image\/","url":"https:\/\/pvserviceplus.cz\/wp-content\/uploads\/2021\/10\/logo.svg","contentUrl":"https:\/\/pvserviceplus.cz\/wp-content\/uploads\/2021\/10\/logo.svg","width":"1024","height":"1024","caption":"PV SERVICE PLUS"},"image":{"@id":"https:\/\/pvserviceplus.cz\/#\/schema\/logo\/image\/"},"sameAs":["https:\/\/www.facebook.com\/PVServicePlussro\/"]}]}},"_links":{"self":[{"href":"https:\/\/pvserviceplus.cz\/sk\/wp-json\/wp\/v2\/pages\/330","targetHints":{"allow":["GET"]}}],"collection":[{"href":"https:\/\/pvserviceplus.cz\/sk\/wp-json\/wp\/v2\/pages"}],"about":[{"href":"https:\/\/pvserviceplus.cz\/sk\/wp-json\/wp\/v2\/types\/page"}],"author":[{"embeddable":true,"href":"https:\/\/pvserviceplus.cz\/sk\/wp-json\/wp\/v2\/users\/1"}],"replies":[{"embeddable":true,"href":"https:\/\/pvserviceplus.cz\/sk\/wp-json\/wp\/v2\/comments?post=330"}],"version-history":[{"count":4,"href":"https:\/\/pvserviceplus.cz\/sk\/wp-json\/wp\/v2\/pages\/330\/revisions"}],"predecessor-version":[{"id":652,"href":"https:\/\/pvserviceplus.cz\/sk\/wp-json\/wp\/v2\/pages\/330\/revisions\/652"}],"wp:attachment":[{"href":"https:\/\/pvserviceplus.cz\/sk\/wp-json\/wp\/v2\/media?parent=330"}],"curies":[{"name":"wp","href":"https:\/\/api.w.org\/{rel}","templated":true}]}}