{"id":317,"date":"2021-10-27T18:23:47","date_gmt":"2021-10-27T16:23:47","guid":{"rendered":"https:\/\/pvserviceplus.cz\/?page_id=317"},"modified":"2025-10-06T18:52:27","modified_gmt":"2025-10-06T16:52:27","slug":"caste-otazky","status":"publish","type":"page","link":"https:\/\/pvserviceplus.cz\/sk\/caste-otazky\/","title":{"rendered":"\u010cast\u00e9 ot\u00e1zky"},"content":{"rendered":"<div id=\"about-us-banner\" class=\"caste-dotazy\" style=\"\">\r\n\r\n<div class=\"content\">\r\n<h1 style=\"\">\u010casto kladen\u00e9 ot\u00e1zky<\/h1>\r\n\r\n<p>Tu n\u00e1jdete odpovede na naj\u010dastej\u0161ie ot\u00e1zky. Ak nen\u00e1jdete, \u010do h\u013ead\u00e1te, nap\u00ed\u0161te n\u00e1m \u2014 radi v\u00e1m porad\u00edme a v\u0161etko vysvetl\u00edme.<\/p>\r\n\r\n<i class=\"scroll-cue\" aria-label=\"Scroll down\"><\/i>\r\n<\/div>\r\n\r\n\r\n<\/div>\r\n\r\n\r\n\r\n<h1 class=\"page-header\" data-aos=\"fade-in\" data-aos-delay=\"100\"  data-aos-offset=\"0\">\u010cast\u00e9 ot\u00e1zky<\/h1>\r\n\r\n\r\n<div style=\"\" id=\"faq\" class=\"otazky\" data-aos=\"fade-in\" data-aos-delay=\"600\"  data-aos-offset=\"0\">\t\r\n\t\t\r\n\t\r\n\r\n\t\t\r\n\t\t\r\n\t\t<div class=\"faq\">\r\n\t\t\t\t<div class=\"q\">  \r\n\t\t\t\t\t<strong>1. AKO DLHO TRV\u00c1 PROCES REALIZ\u00c1CIE ELEKTR\u00c1RNE?<\/strong>\r\n\t\t\t\t\t\r\n\t\t\t\t\t<span>\r\n\t\t\t\t\t<p>Celkov\u00fa d\u013a\u017eku procesu ovplyv\u0148uje najm\u00e4 vybavovanie administrat\u00edvy, ktor\u00e9 sa pohybuje v rozsahu nieko\u013ek\u00fdch t\u00fd\u017ed\u0148ov a\u017e mesiacov. Po\u010das cel\u00e9ho procesu v\u00e1s v\u0161ak budeme informova\u0165, na \u010dom aktu\u00e1lne pracujeme. Samotn\u00e1 in\u0161tal\u00e1cia elektr\u00e1rne je ve\u013emi r\u00fdchla a jednoduch\u00e1. Trv\u00e1 pribli\u017ene od 2 do 5 dn\u00ed, v\u017edy vo vopred dohodnutom term\u00edne.  <\/p>\t\t\t\t\t\r\n\t\t\t\t\t<\/span>\r\n\t\t\t\t<\/div>\r\n\t\t<\/div>\r\n\t\t\r\n\t\t\r\n\t\t\r\n\t\t\r\n\r\n\r\n\r\n\t\t<div class=\"faq\">\r\n\t\t\t\t<div class=\"q\">  \r\n\t\t\t\t\t<strong>2. AK\u00c1 JE \u017dIVOTNOS\u0164 PANELOV? AKO DLHO BUDE ELEKTR\u00c1RE\u0147 PRE M\u0147A VYR\u00c1BA\u0164?<\/strong>\r\n\t\t\t\t\t\r\n\t\t\t\t\t<span>\r\n\t\t\t\t\t<p>Na nami dod\u00e1van\u00e9 fotovoltick\u00e9 panely sa vz\u0165ahuje 25-ro\u010dn\u00e1 z\u00e1ruka na garantovan\u00fd v\u00fdkon, ktor\u00fd by nemal klesn\u00fa\u0165 pod 80 %. Samotn\u00fd fotovoltick\u00fd panel v\u0161ak vydr\u017e\u00ed ove\u013ea dlh\u0161ie. \u017divotnos\u0165 elektr\u00e1rne je teda pribli\u017ene 30 rokov.  <\/p>\t\t\t\t\t\r\n\t\t\t\t\t<\/span>\r\n\t\t\t\t<\/div>\r\n\t\t<\/div>\r\n\t\t\r\n\t\t\r\n\t\t\r\n\t\t<div class=\"faq\">\r\n\t\t\t\t<div class=\"q\">  \r\n\t\t\t\t\t<strong>3. S\u00da PANELY ODOLN\u00c9 VO\u010cI NEPRIAZNIV\u00ddM PODMIENKAM?<\/strong>\r\n\t\t\t\t\t\r\n\t\t\t\t\t<span>\r\n\t\t\t\t\t<p>Fotovoltick\u00e9 panely s\u00fa samozrejme vyroben\u00e9 a testovan\u00e9 tak, aby odolali nepriazniv\u00fdm poveternostn\u00fdm podmienkam, ako s\u00fa napr\u00edklad kr\u00fapy. FVE panely s\u00fa preto vybaven\u00e9 \u0161peci\u00e1lnym tvrden\u00fdm sklom. Je v\u0161ak mo\u017en\u00e9 poisti\u0165 nielen po\u0161kodenie panelov, ale aj \u010fal\u0161ie rizik\u00e1 spojen\u00e9 s prev\u00e1dzkou fotovoltickej elektr\u00e1rne. Patria sem napr. \u0161kody sp\u00f4soben\u00e9 v\u00edchricou, po\u017eiarom, bleskom, kr\u00e1de\u017eou at\u010f.  \r\n<\/p>\t\t\t\t\t\r\n\t\t\t\t\t<\/span>\r\n\t\t\t\t<\/div>\r\n\t\t<\/div>\r\n\t\t\r\n\t\t\r\n\t\t<div class=\"faq\">\r\n\t\t\t\t<div class=\"q\">  \r\n\t\t\t\t\t<strong>4. MUSIA SA PANELY NEJAK UDR\u017dIAVA\u0164?<\/strong>\r\n\t\t\t\t\t\r\n\t\t\t\t\t<span>\r\n\t\t\t\t\t<p>\r\n\r\nFotovoltick\u00e9 panely s\u00fa prirodzene um\u00fdvan\u00e9 da\u017e\u010fom, tak\u017ee nie je potrebn\u00e9 ich \u0161peci\u00e1lne \u010distenie. Pri dlhodobej pra\u0161nosti s\u00fa v\u00fdrobn\u00e9 straty len minim\u00e1lne. Podobne aj v zime sa vo v\u00e4\u010d\u0161ine pr\u00edpadov sneh na paneloch neudr\u017e\u00ed ve\u013emi dlho, preto\u017ee ich povrch je hladk\u00fd, a tak sa sneh \u013eahko zo\u0161mykne. Ak s\u00fa v\u0161ak panely nain\u0161talovan\u00e9 na plocho, str\u00e1caj\u00fa svoju samo\u010distiacu schopnos\u0165 a je potrebn\u00e9 ich pod\u013ea potreby udr\u017eiava\u0165.\r\n<\/p>\t\t\t\t\t\r\n\t\t\t\t\t<\/span>\r\n\t\t\t\t<\/div>\r\n\t\t<\/div>\r\n\t\t\r\n\t\t\r\n\t\t<div class=\"faq\">\r\n\t\t\t\t<div class=\"q\">  \r\n\t\t\t\t\t<strong>5. JE BEZPE\u010cN\u00c9 IN\u0160TALOVA\u0164 PANELY NA STRECHU?<\/strong>\r\n\t\t\t\t\t\r\n\t\t\t\t\t<span>\r\n\t\t\t\t\t<p>\r\n\r\nV s\u00fa\u010dasnosti je mo\u017en\u00e9 in\u0161talova\u0165 fotovoltick\u00fa elektr\u00e1re\u0148 bezpe\u010dne na v\u0161etky typy stre\u0161n\u00fdch kryt\u00edn. Panely je mo\u017en\u00e9 in\u0161talova\u0165 aj na \u0161ikm\u00e9 a ploch\u00e9 strechy. V z\u00e1vislosti od typu strechy alebo stre\u0161nej krytiny sa vyber\u00e1 \u0161peci\u00e1lny upev\u0148ovac\u00ed syst\u00e9m. Panely na \u0161ikm\u00fdch strech\u00e1ch sa naj\u010dastej\u0161ie kotvia do stre\u0161n\u00fdch tr\u00e1mov.  \r\n<\/p>\t\t\t\t\t\r\n\t\t\t\t\t<\/span>\r\n\t\t\t\t<\/div>\r\n\t\t<\/div>\r\n\t\t\r\n\t\t\r\n\t\t\t<div class=\"faq\">\r\n\t\t\t\t<div class=\"q\">  \r\n\t\t\t\t\t<strong>6. AKO SA VOL\u00cd OPTIM\u00c1LNY V\u00ddKON ELEKTR\u00c1RNE? AK\u00dd VPLYV M\u00c1 ORIENT\u00c1CIA STRECHY?<\/strong>\r\n\t\t\t\t\t\r\n\t\t\t\t\t<span>\r\n\t\t\t\t\t<p>\r\n\r\nV\u00fdber vhodn\u00e9ho v\u00fdkonu fotovoltickej elektr\u00e1rne ovplyv\u0148uje nieko\u013eko faktorov. Najd\u00f4le\u017eitej\u0161ie s\u00fa technick\u00e9 mo\u017enosti strechy a v\u00fd\u0161ka spotreby energie v dom\u00e1cnosti. Ide\u00e1lna orient\u00e1cia strechy je samozrejme juh, ale aj pri miernej odch\u00fdlke na v\u00fdchod alebo z\u00e1pad s\u00fa straty energie len minim\u00e1lne. Ak je spotreba energie v dom\u00e1cnosti vy\u0161\u0161ia, odpor\u00fa\u010da sa pou\u017ei\u0165 akumul\u00e1ciu energie do bat\u00e9ri\u00ed so \u017eivotnos\u0165ou viac ako 6 000 nabit\u00ed.  \r\n<\/p>\t\t\t\t\t\r\n\t\t\t\t\t<\/span>\r\n\t\t\t\t<\/div>\r\n\t\t<\/div>\r\n\t\t\r\n\t\t\r\n\t\t\r\n\t\t\r\n\t\t\r\n\t\t\t<div class=\"faq\">\r\n\t\t\t\t<div class=\"q\">  \r\n\t\t\t\t\t<strong>\r\n\r\n7. \u010cO SA STANE S ELEKTR\u00c1R\u0147OU V PR\u00cdPADE V\u00ddPADKU SIETE?<\/strong>\r\n\t\t\t\t\t\r\n\t\t\t\t\t<span>\r\n\t\t\t\t\t<p>\r\n\r\n Fotovoltick\u00e1 elektr\u00e1re\u0148 akumuluje vyroben\u00fa energiu bu\u010f na ohrev teplej vody, alebo sa prebyto\u010dn\u00e1 energia d\u00e1 uskladni\u0165 v bat\u00e9ri\u00e1ch. Ak je elektr\u00e1re\u0148 v prev\u00e1dzke a jej energia sa vyu\u017e\u00edva, potom s\u00fa oba syst\u00e9my nez\u00e1visl\u00e9 od elektrickej energie z distribu\u010dnej s\u00fastavy a funguj\u00fa aj po\u010das v\u00fdpadku siete. V pr\u00edpade syst\u00e9mu, ktor\u00fd vyu\u017e\u00edva bat\u00e9rie, je mo\u017en\u00e9 fungova\u0165 aj v pr\u00edpade v\u00fdpadku siete po ur\u010dit\u00fd \u010das, k\u00fdm sa bat\u00e9rie vy\u010derpaj\u00fa.  \r\n<\/p>\t\t\t\t\t\r\n\t\t\t\t\t<\/span>\r\n\t\t\t\t<\/div>\r\n\t\t<\/div>\r\n\r\n\r\n\t\t\r\n\t\t\r\n\t\t\r\n\t\t\t<div class=\"faq\">\r\n\t\t\t\t<div class=\"q\">  \r\n\t\t\t\t\t<strong>8. MUS\u00cdM VYMENI\u0164 SVOJ EXISTUJ\u00daCI BOJLER PRI AKUMUL\u00c1CII ENERGIE DO VODY?<\/strong>\r\n\t\t\t\t\t\r\n\t\t\t\t\t<span>\r\n\t\t\t\t\t<p>\r\n\r\n\r\nPri in\u0161tal\u00e1cii FVE s akumul\u00e1ciou energie do vody nie je vo v\u00e4\u010d\u0161ine pr\u00edpadov potrebn\u00e9 meni\u0165 existuj\u00faci z\u00e1sobn\u00edk teplej vody. Mal by to v\u0161ak by\u0165 elektrick\u00fd alebo kombinovan\u00fd bojler. D\u00f4le\u017eit\u00fd je aj objem bojlera.   <\/p>\t\t\t\t\t\r\n\t\t\t\t\t<\/span>\r\n\t\t\t\t<\/div>\r\n\t\t<\/div>\r\n\r\n\r\n\r\n\r\n\r\n\r\n\t<div class=\"faq\">\r\n\t\t\t\t<div class=\"q\">  \r\n\t\t\t\t\t<strong>\r\n\r\n9. \u010cO JE HYBRIDN\u00c1 FOTOVOLTICK\u00c1 ELEKTR\u00c1RE\u0147?<\/strong>\r\n\t\t\t\t\t\r\n\t\t\t\t\t<span>\r\n\t\t\t\t\t<p>\r\n\r\n\r\nHybridn\u00fd fotovoltick\u00fd syst\u00e9m vyu\u017e\u00edva vy\u0161\u0161ie uveden\u00e9 akumul\u00e1cie energie do bat\u00e9ri\u00ed. Pozost\u00e1va teda z fotovoltick\u00fdch panelov a meni\u010da, ktor\u00fd vyroben\u00fa elektrinu premie\u0148a na elektrinu vhodn\u00fa na spotrebu. Nespotrebovan\u00e1 energia sa uklad\u00e1 do bat\u00e9riov\u00e9ho \u00falo\u017eiska, ktor\u00e9 obsahuje \u0161pi\u010dkov\u00e9 g\u00e9lov\u00e9 bat\u00e9rie, ktor\u00e9 vydr\u017eia a\u017e 6 000 nabit\u00ed. Pri realiz\u00e1ci\u00e1ch FVE pou\u017e\u00edvame naj\u010dastej\u0161ie trojf\u00e1zov\u00e9 hybridn\u00e9 meni\u010de nap\u00e4tia GoodWe a v\u00fdkonn\u00e9 vysokonap\u00e4\u0165ov\u00e9 modul\u00e1rne bat\u00e9rie Pylontech, s ktor\u00fdmi m\u00e1me najlep\u0161ie sk\u00fasenosti.\r\n<\/p>\t\t\t\t\t\r\n\t\t\t\t\t<\/span>\r\n\t\t\t\t<\/div>\r\n\t\t<\/div>\r\n\t\t\r\n\r\n\r\n\r\n\r\n\r\n\r\n\t<div class=\"faq\">\r\n\t\t\t\t<div class=\"q\">  \r\n\t\t\t\t\t<strong>10. Ak\u00fd je rozdiel medzi fotovoltickou elektr\u00e1r\u0148ou a\u00a0sol\u00e1rnymi panelmi?<\/strong>\r\n\t\t\t\t\t\r\n\t\t\t\t\t<span>\r\n\t\t\t\t\t<p>Fotovoltick\u00e1 elektr\u00e1re\u0148 vyr\u00e1ba elektrinu, ktorej zdroj je slne\u010dn\u00e9 \u017eiarenie dopadaj\u00face na fve panely,\r\numiestnen\u00e9 na streche budovy.<br><br>\r\nSol\u00e1rne panely nevyr\u00e1baj\u00fa elektrinu, sl\u00fa\u017eia len na ohrev vody. <\/p>\t\t\t\t\t\r\n\t\t\t\t\t<\/span>\r\n\t\t\t\t<\/div>\r\n\t\t<\/div>\r\n\t\t\r\n\t\t\r\n\t\t\t<div class=\"faq\">\r\n\t\t\t\t<div class=\"q\">  \r\n\t\t\t\t\t<strong>11. Na \u010do sl\u00fa\u017ei fotovoltika?<\/strong>\r\n\t\t\t\t\t\r\n\t\t\t\t\t<span>\r\n\t\t\t\t\t<p>Fotovoltika je syst\u00e9m stre\u0161n\u00fdch panelov, ktor\u00e9 za pomoci slne\u010dn\u00e9ho \u017eiarenia vyr\u00e1ba elektrick\u00fa\r\nenergiu. Vyroben\u00e1 energia bu\u010f okam\u017eite funguje ako zdroj pre fungovanie dom\u00e1cnosti alebo sa\r\nuklad\u00e1 do bat\u00e9rie a\u00a0pou\u017e\u00edva sa nesk\u00f4r, ke\u010f slnko nesvieti.<\/p>\t\t\t\t\t\r\n\t\t\t\t\t<\/span>\r\n\t\t\t\t<\/div>\r\n\t\t<\/div>\r\n\t\t\r\n\t\t\r\n\t\t\r\n\t\t\t<div class=\"faq\">\r\n\t\t\t\t<div class=\"q\">  \r\n\t\t\t\t\t<strong>12. \u010co znamen\u00e1 fotovoltika na k\u013e\u00fa\u010d?<\/strong>\r\n\t\t\t\t\t\r\n\t\t\t\t\t<span>\r\n\t\t\t\t\t<p>Fotovoltika na k\u013e\u00fa\u010d je kompletn\u00e9 zabezpe\u010denie cel\u00e9ho syst\u00e9mu od samotn\u00e9ho materi\u00e1lu\r\na\u00a0komponentov, po mont\u00e1\u017e a\u00a0jej sfunk\u010dnenie.<\/p>\t\t\t\t\t\r\n\t\t\t\t\t<\/span>\r\n\t\t\t\t<\/div>\r\n\t\t<\/div>\r\n\t\t\r\n\t\t\r\n\t\t\t<div class=\"faq\">\r\n\t\t\t\t<div class=\"q\">  \r\n\t\t\t\t\t<strong>13. Ako funguj\u00fa fotovoltick\u00e9 panely?<\/strong>\r\n\t\t\t\t\t\r\n\t\t\t\t\t<span>\r\n\t\t\t\t\t<p>Vyr\u00e1baj\u00fa jednosmern\u00fd pr\u00fad, v\u00a0z\u00e1vislosti od intezity a\u00a0uhlu osvetlenia \u2013 slne\u010dn\u00e9ho \u017eiarenia.<\/p>\t\t\t\t\t\r\n\t\t\t\t\t<\/span>\r\n\t\t\t\t<\/div>\r\n\t\t<\/div>\r\n\t\t\r\n\t\t\r\n\t\t\r\n\t\t\t<div class=\"faq\">\r\n\t\t\t\t<div class=\"q\">  \r\n\t\t\t\t\t<strong>14. \u010co potrebujem, ak\u00e9 parametre, na ur\u010denie ceny za fotovoltiku na k\u013e\u00fa\u010d?<\/strong>\r\n\t\t\t\t\t\r\n\t\t\t\t\t<span>\r\n\t\t\t\t\t<p>Na vyhotovenie cenovej ponuky je potrebn\u00e9 uvies\u0165 ve\u013ekos\u0165 in\u0161tal\u00e1cie, vo\u013ebu sie\u0165ov\u00e9ho alebo\r\nhybridn\u00e9ho strieda\u010da, druh a\u00a0ve\u013ekos\u0165 bat\u00e9riov\u00e9ho \u00falo\u017eiska, typ strechy a \u00fazemie distrib\u00facie.\r\nNajvhodnej\u0161\u00ed n\u00e1vrh rie\u0161enia v\u00e1m radi vyhotov\u00edme po odoslan\u00ed detailnej\u0161ieho dotazn\u00edka: preklik na\r\ndotazn\u00edk<\/p>\t\t\t\t\t\r\n\t\t\t\t\t<\/span>\r\n\t\t\t\t<\/div>\r\n\t\t<\/div>\r\n\r\n\r\n\t\t\r\n<\/div>\r\n\r\n<br><br><br>","protected":false},"excerpt":{"rendered":"\u010casto kladen\u00e9 ot\u00e1zky Tu n\u00e1jdete odpovede na naj\u010dastej\u0161ie ot\u00e1zky. Ak nen\u00e1jdete, \u010do h\u013ead\u00e1te, nap\u00ed\u0161te n\u00e1m \u2014 radi v\u00e1m porad\u00edme a v\u0161etko vysvetl\u00edme. \u010cast\u00e9 ot\u00e1zky 1. AKO DLHO TRV\u00c1 PROCES REALIZ\u00c1CIE ELEKTR\u00c1RNE? Celkov\u00fa d\u013a\u017eku procesu ovplyv\u0148uje najm\u00e4 vybavovanie administrat\u00edvy, ktor\u00e9 sa pohybuje v rozsahu nieko\u013ek\u00fdch t\u00fd\u017ed\u0148ov a\u017e mesiacov. Po\u010das cel\u00e9ho procesu v\u00e1s v\u0161ak budeme informova\u0165, na&hellip; <a class=\"more-link\" href=\"https:\/\/pvserviceplus.cz\/sk\/caste-otazky\/\">Pokra\u010dova\u0165 v \u010d\u00edtan\u00ed <span class=\"screen-reader-text\">\u010cast\u00e9 ot\u00e1zky<\/span><\/a>","protected":false},"author":1,"featured_media":0,"parent":0,"menu_order":0,"comment_status":"closed","ping_status":"closed","template":"","meta":{"inline_featured_image":false,"footnotes":""},"class_list":["post-317","page","type-page","status-publish","hentry","entry"],"yoast_head":"<!-- This site is optimized with the Yoast SEO plugin v19.12 - https:\/\/yoast.com\/wordpress\/plugins\/seo\/ -->\n<title>\u010casto kladen\u00e9 ot\u00e1zky | PV SERVICE PLUS<\/title>\n<meta name=\"description\" content=\"\u010casto kladen\u00e9 ot\u00e1zky a na\u0161e odpovede na ot\u00e1zky o sol\u00e1rnych paneloch a fotovoltaick\u00fdch elektr\u00e1r\u0148ach pre dom\u00e1cnosti a podniky.\" \/>\n<meta name=\"robots\" content=\"index, follow, max-snippet:-1, max-image-preview:large, max-video-preview:-1\" \/>\n<link rel=\"canonical\" href=\"https:\/\/pvserviceplus.cz\/sk\/caste-otazky\/\" \/>\n<meta property=\"og:locale\" content=\"sk_SK\" \/>\n<meta property=\"og:type\" content=\"article\" \/>\n<meta property=\"og:title\" content=\"\u010casto kladen\u00e9 ot\u00e1zky | PV SERVICE PLUS\" \/>\n<meta property=\"og:description\" content=\"\u010casto kladen\u00e9 ot\u00e1zky a na\u0161e odpovede na ot\u00e1zky o sol\u00e1rnych paneloch a fotovoltaick\u00fdch elektr\u00e1r\u0148ach pre dom\u00e1cnosti a podniky.\" \/>\n<meta property=\"og:url\" content=\"https:\/\/pvserviceplus.cz\/sk\/caste-otazky\/\" \/>\n<meta property=\"og:site_name\" content=\"PV SERVICE PLUS\" \/>\n<meta property=\"article:publisher\" content=\"https:\/\/www.facebook.com\/PVServicePlussro\/\" \/>\n<meta property=\"article:modified_time\" content=\"2025-10-06T16:52:27+00:00\" \/>\n<meta name=\"twitter:card\" content=\"summary_large_image\" \/>\n<meta name=\"twitter:label1\" content=\"Predpokladan\u00fd \u010das \u010d\u00edtania\" \/>\n\t<meta name=\"twitter:data1\" content=\"4 min\u00faty\" \/>\n<script type=\"application\/ld+json\" class=\"yoast-schema-graph\">{\"@context\":\"https:\/\/schema.org\",\"@graph\":[{\"@type\":\"WebPage\",\"@id\":\"https:\/\/pvserviceplus.cz\/sk\/caste-otazky\/\",\"url\":\"https:\/\/pvserviceplus.cz\/sk\/caste-otazky\/\",\"name\":\"\u010casto kladen\u00e9 ot\u00e1zky | PV SERVICE PLUS\",\"isPartOf\":{\"@id\":\"https:\/\/pvserviceplus.cz\/#website\"},\"datePublished\":\"2021-10-27T16:23:47+00:00\",\"dateModified\":\"2025-10-06T16:52:27+00:00\",\"description\":\"\u010casto kladen\u00e9 ot\u00e1zky a na\u0161e odpovede na ot\u00e1zky o sol\u00e1rnych paneloch a fotovoltaick\u00fdch elektr\u00e1r\u0148ach pre dom\u00e1cnosti a podniky.\",\"breadcrumb\":{\"@id\":\"https:\/\/pvserviceplus.cz\/sk\/caste-otazky\/#breadcrumb\"},\"inLanguage\":\"sk-SK\",\"potentialAction\":[{\"@type\":\"ReadAction\",\"target\":[\"https:\/\/pvserviceplus.cz\/sk\/caste-otazky\/\"]}]},{\"@type\":\"BreadcrumbList\",\"@id\":\"https:\/\/pvserviceplus.cz\/sk\/caste-otazky\/#breadcrumb\",\"itemListElement\":[{\"@type\":\"ListItem\",\"position\":1,\"name\":\"Dom\u016f\",\"item\":\"https:\/\/pvserviceplus.cz\/\"},{\"@type\":\"ListItem\",\"position\":2,\"name\":\"\u010cast\u00e9 ot\u00e1zky\"}]},{\"@type\":\"WebSite\",\"@id\":\"https:\/\/pvserviceplus.cz\/#website\",\"url\":\"https:\/\/pvserviceplus.cz\/\",\"name\":\"PV SERVICE PLUS\",\"description\":\"Stav\u00edme fotovoltaick\u00e9 elektr\u00e1rny na kl\u00ed\u010d pro dom\u00e1cnosti i pro firmy\",\"publisher\":{\"@id\":\"https:\/\/pvserviceplus.cz\/#organization\"},\"potentialAction\":[{\"@type\":\"SearchAction\",\"target\":{\"@type\":\"EntryPoint\",\"urlTemplate\":\"https:\/\/pvserviceplus.cz\/?s={search_term_string}\"},\"query-input\":\"required name=search_term_string\"}],\"inLanguage\":\"sk-SK\"},{\"@type\":\"Organization\",\"@id\":\"https:\/\/pvserviceplus.cz\/#organization\",\"name\":\"PV SERVICE PLUS\",\"url\":\"https:\/\/pvserviceplus.cz\/\",\"logo\":{\"@type\":\"ImageObject\",\"inLanguage\":\"sk-SK\",\"@id\":\"https:\/\/pvserviceplus.cz\/#\/schema\/logo\/image\/\",\"url\":\"https:\/\/pvserviceplus.cz\/wp-content\/uploads\/2021\/10\/logo.svg\",\"contentUrl\":\"https:\/\/pvserviceplus.cz\/wp-content\/uploads\/2021\/10\/logo.svg\",\"width\":\"1024\",\"height\":\"1024\",\"caption\":\"PV SERVICE PLUS\"},\"image\":{\"@id\":\"https:\/\/pvserviceplus.cz\/#\/schema\/logo\/image\/\"},\"sameAs\":[\"https:\/\/www.facebook.com\/PVServicePlussro\/\"]}]}<\/script>\n<!-- \/ Yoast SEO plugin. -->","yoast_head_json":{"title":"\u010casto kladen\u00e9 ot\u00e1zky | PV SERVICE PLUS","description":"\u010casto kladen\u00e9 ot\u00e1zky a na\u0161e odpovede na ot\u00e1zky o sol\u00e1rnych paneloch a fotovoltaick\u00fdch elektr\u00e1r\u0148ach pre dom\u00e1cnosti a podniky.","robots":{"index":"index","follow":"follow","max-snippet":"max-snippet:-1","max-image-preview":"max-image-preview:large","max-video-preview":"max-video-preview:-1"},"canonical":"https:\/\/pvserviceplus.cz\/sk\/caste-otazky\/","og_locale":"sk_SK","og_type":"article","og_title":"\u010casto kladen\u00e9 ot\u00e1zky | PV SERVICE PLUS","og_description":"\u010casto kladen\u00e9 ot\u00e1zky a na\u0161e odpovede na ot\u00e1zky o sol\u00e1rnych paneloch a fotovoltaick\u00fdch elektr\u00e1r\u0148ach pre dom\u00e1cnosti a podniky.","og_url":"https:\/\/pvserviceplus.cz\/sk\/caste-otazky\/","og_site_name":"PV SERVICE PLUS","article_publisher":"https:\/\/www.facebook.com\/PVServicePlussro\/","article_modified_time":"2025-10-06T16:52:27+00:00","twitter_card":"summary_large_image","twitter_misc":{"Predpokladan\u00fd \u010das \u010d\u00edtania":"4 min\u00faty"},"schema":{"@context":"https:\/\/schema.org","@graph":[{"@type":"WebPage","@id":"https:\/\/pvserviceplus.cz\/sk\/caste-otazky\/","url":"https:\/\/pvserviceplus.cz\/sk\/caste-otazky\/","name":"\u010casto kladen\u00e9 ot\u00e1zky | PV SERVICE PLUS","isPartOf":{"@id":"https:\/\/pvserviceplus.cz\/#website"},"datePublished":"2021-10-27T16:23:47+00:00","dateModified":"2025-10-06T16:52:27+00:00","description":"\u010casto kladen\u00e9 ot\u00e1zky a na\u0161e odpovede na ot\u00e1zky o sol\u00e1rnych paneloch a fotovoltaick\u00fdch elektr\u00e1r\u0148ach pre dom\u00e1cnosti a podniky.","breadcrumb":{"@id":"https:\/\/pvserviceplus.cz\/sk\/caste-otazky\/#breadcrumb"},"inLanguage":"sk-SK","potentialAction":[{"@type":"ReadAction","target":["https:\/\/pvserviceplus.cz\/sk\/caste-otazky\/"]}]},{"@type":"BreadcrumbList","@id":"https:\/\/pvserviceplus.cz\/sk\/caste-otazky\/#breadcrumb","itemListElement":[{"@type":"ListItem","position":1,"name":"Dom\u016f","item":"https:\/\/pvserviceplus.cz\/"},{"@type":"ListItem","position":2,"name":"\u010cast\u00e9 ot\u00e1zky"}]},{"@type":"WebSite","@id":"https:\/\/pvserviceplus.cz\/#website","url":"https:\/\/pvserviceplus.cz\/","name":"PV SERVICE PLUS","description":"Stav\u00edme fotovoltaick\u00e9 elektr\u00e1rny na kl\u00ed\u010d pro dom\u00e1cnosti i pro firmy","publisher":{"@id":"https:\/\/pvserviceplus.cz\/#organization"},"potentialAction":[{"@type":"SearchAction","target":{"@type":"EntryPoint","urlTemplate":"https:\/\/pvserviceplus.cz\/?s={search_term_string}"},"query-input":"required name=search_term_string"}],"inLanguage":"sk-SK"},{"@type":"Organization","@id":"https:\/\/pvserviceplus.cz\/#organization","name":"PV SERVICE PLUS","url":"https:\/\/pvserviceplus.cz\/","logo":{"@type":"ImageObject","inLanguage":"sk-SK","@id":"https:\/\/pvserviceplus.cz\/#\/schema\/logo\/image\/","url":"https:\/\/pvserviceplus.cz\/wp-content\/uploads\/2021\/10\/logo.svg","contentUrl":"https:\/\/pvserviceplus.cz\/wp-content\/uploads\/2021\/10\/logo.svg","width":"1024","height":"1024","caption":"PV SERVICE PLUS"},"image":{"@id":"https:\/\/pvserviceplus.cz\/#\/schema\/logo\/image\/"},"sameAs":["https:\/\/www.facebook.com\/PVServicePlussro\/"]}]}},"_links":{"self":[{"href":"https:\/\/pvserviceplus.cz\/sk\/wp-json\/wp\/v2\/pages\/317","targetHints":{"allow":["GET"]}}],"collection":[{"href":"https:\/\/pvserviceplus.cz\/sk\/wp-json\/wp\/v2\/pages"}],"about":[{"href":"https:\/\/pvserviceplus.cz\/sk\/wp-json\/wp\/v2\/types\/page"}],"author":[{"embeddable":true,"href":"https:\/\/pvserviceplus.cz\/sk\/wp-json\/wp\/v2\/users\/1"}],"replies":[{"embeddable":true,"href":"https:\/\/pvserviceplus.cz\/sk\/wp-json\/wp\/v2\/comments?post=317"}],"version-history":[{"count":11,"href":"https:\/\/pvserviceplus.cz\/sk\/wp-json\/wp\/v2\/pages\/317\/revisions"}],"predecessor-version":[{"id":3272,"href":"https:\/\/pvserviceplus.cz\/sk\/wp-json\/wp\/v2\/pages\/317\/revisions\/3272"}],"wp:attachment":[{"href":"https:\/\/pvserviceplus.cz\/sk\/wp-json\/wp\/v2\/media?parent=317"}],"curies":[{"name":"wp","href":"https:\/\/api.w.org\/{rel}","templated":true}]}}