{"id":1995,"date":"2024-04-04T13:00:50","date_gmt":"2024-04-04T11:00:50","guid":{"rendered":"https:\/\/pvserviceplus.cz\/realizace\/"},"modified":"2024-04-04T13:03:28","modified_gmt":"2024-04-04T11:03:28","slug":"realizacie","status":"publish","type":"page","link":"https:\/\/pvserviceplus.cz\/sk\/realizacie\/","title":{"rendered":"Realiz\u00e1cie"},"content":{"rendered":"","protected":false},"excerpt":{"rendered":"","protected":false},"author":1,"featured_media":0,"parent":0,"menu_order":0,"comment_status":"closed","ping_status":"closed","template":"realizace.php","meta":{"inline_featured_image":false,"footnotes":""},"class_list":["post-1995","page","type-page","status-publish","hentry","entry"],"yoast_head":"<!-- This site is optimized with the Yoast SEO plugin v19.12 - https:\/\/yoast.com\/wordpress\/plugins\/seo\/ -->\n<title>Realiz\u00e1cie | PV SERVICE PLUS<\/title>\n<meta name=\"robots\" content=\"index, follow, max-snippet:-1, max-image-preview:large, max-video-preview:-1\" \/>\n<link rel=\"canonical\" href=\"https:\/\/pvserviceplus.cz\/sk\/realizacie\/\" \/>\n<meta property=\"og:locale\" content=\"sk_SK\" \/>\n<meta property=\"og:type\" content=\"article\" \/>\n<meta property=\"og:title\" content=\"Realiz\u00e1cie | PV SERVICE PLUS\" \/>\n<meta property=\"og:url\" content=\"https:\/\/pvserviceplus.cz\/sk\/realizacie\/\" \/>\n<meta property=\"og:site_name\" content=\"PV SERVICE PLUS\" \/>\n<meta property=\"article:publisher\" content=\"https:\/\/www.facebook.com\/PVServicePlussro\/\" \/>\n<meta property=\"article:modified_time\" content=\"2024-04-04T11:03:28+00:00\" \/>\n<meta name=\"twitter:card\" content=\"summary_large_image\" \/>\n<script type=\"application\/ld+json\" class=\"yoast-schema-graph\">{\"@context\":\"https:\/\/schema.org\",\"@graph\":[{\"@type\":\"WebPage\",\"@id\":\"https:\/\/pvserviceplus.cz\/sk\/realizacie\/\",\"url\":\"https:\/\/pvserviceplus.cz\/sk\/realizacie\/\",\"name\":\"Realiz\u00e1cie | PV SERVICE PLUS\",\"isPartOf\":{\"@id\":\"https:\/\/pvserviceplus.cz\/#website\"},\"datePublished\":\"2024-04-04T11:00:50+00:00\",\"dateModified\":\"2024-04-04T11:03:28+00:00\",\"breadcrumb\":{\"@id\":\"https:\/\/pvserviceplus.cz\/sk\/realizacie\/#breadcrumb\"},\"inLanguage\":\"sk-SK\",\"potentialAction\":[{\"@type\":\"ReadAction\",\"target\":[\"https:\/\/pvserviceplus.cz\/sk\/realizacie\/\"]}]},{\"@type\":\"BreadcrumbList\",\"@id\":\"https:\/\/pvserviceplus.cz\/sk\/realizacie\/#breadcrumb\",\"itemListElement\":[{\"@type\":\"ListItem\",\"position\":1,\"name\":\"Dom\u016f\",\"item\":\"https:\/\/pvserviceplus.cz\/\"},{\"@type\":\"ListItem\",\"position\":2,\"name\":\"Realiz\u00e1cie\"}]},{\"@type\":\"WebSite\",\"@id\":\"https:\/\/pvserviceplus.cz\/#website\",\"url\":\"https:\/\/pvserviceplus.cz\/\",\"name\":\"PV SERVICE PLUS\",\"description\":\"Stav\u00edme fotovoltaick\u00e9 elektr\u00e1rny na kl\u00ed\u010d pro dom\u00e1cnosti i pro firmy\",\"publisher\":{\"@id\":\"https:\/\/pvserviceplus.cz\/#organization\"},\"potentialAction\":[{\"@type\":\"SearchAction\",\"target\":{\"@type\":\"EntryPoint\",\"urlTemplate\":\"https:\/\/pvserviceplus.cz\/?s={search_term_string}\"},\"query-input\":\"required name=search_term_string\"}],\"inLanguage\":\"sk-SK\"},{\"@type\":\"Organization\",\"@id\":\"https:\/\/pvserviceplus.cz\/#organization\",\"name\":\"PV SERVICE PLUS\",\"url\":\"https:\/\/pvserviceplus.cz\/\",\"logo\":{\"@type\":\"ImageObject\",\"inLanguage\":\"sk-SK\",\"@id\":\"https:\/\/pvserviceplus.cz\/#\/schema\/logo\/image\/\",\"url\":\"https:\/\/pvserviceplus.cz\/wp-content\/uploads\/2021\/10\/logo.svg\",\"contentUrl\":\"https:\/\/pvserviceplus.cz\/wp-content\/uploads\/2021\/10\/logo.svg\",\"width\":\"1024\",\"height\":\"1024\",\"caption\":\"PV SERVICE PLUS\"},\"image\":{\"@id\":\"https:\/\/pvserviceplus.cz\/#\/schema\/logo\/image\/\"},\"sameAs\":[\"https:\/\/www.facebook.com\/PVServicePlussro\/\"]}]}<\/script>\n<!-- \/ Yoast SEO plugin. -->","yoast_head_json":{"title":"Realiz\u00e1cie | PV SERVICE PLUS","robots":{"index":"index","follow":"follow","max-snippet":"max-snippet:-1","max-image-preview":"max-image-preview:large","max-video-preview":"max-video-preview:-1"},"canonical":"https:\/\/pvserviceplus.cz\/sk\/realizacie\/","og_locale":"sk_SK","og_type":"article","og_title":"Realiz\u00e1cie | PV SERVICE PLUS","og_url":"https:\/\/pvserviceplus.cz\/sk\/realizacie\/","og_site_name":"PV SERVICE PLUS","article_publisher":"https:\/\/www.facebook.com\/PVServicePlussro\/","article_modified_time":"2024-04-04T11:03:28+00:00","twitter_card":"summary_large_image","schema":{"@context":"https:\/\/schema.org","@graph":[{"@type":"WebPage","@id":"https:\/\/pvserviceplus.cz\/sk\/realizacie\/","url":"https:\/\/pvserviceplus.cz\/sk\/realizacie\/","name":"Realiz\u00e1cie | PV SERVICE PLUS","isPartOf":{"@id":"https:\/\/pvserviceplus.cz\/#website"},"datePublished":"2024-04-04T11:00:50+00:00","dateModified":"2024-04-04T11:03:28+00:00","breadcrumb":{"@id":"https:\/\/pvserviceplus.cz\/sk\/realizacie\/#breadcrumb"},"inLanguage":"sk-SK","potentialAction":[{"@type":"ReadAction","target":["https:\/\/pvserviceplus.cz\/sk\/realizacie\/"]}]},{"@type":"BreadcrumbList","@id":"https:\/\/pvserviceplus.cz\/sk\/realizacie\/#breadcrumb","itemListElement":[{"@type":"ListItem","position":1,"name":"Dom\u016f","item":"https:\/\/pvserviceplus.cz\/"},{"@type":"ListItem","position":2,"name":"Realiz\u00e1cie"}]},{"@type":"WebSite","@id":"https:\/\/pvserviceplus.cz\/#website","url":"https:\/\/pvserviceplus.cz\/","name":"PV SERVICE PLUS","description":"Stav\u00edme fotovoltaick\u00e9 elektr\u00e1rny na kl\u00ed\u010d pro dom\u00e1cnosti i pro firmy","publisher":{"@id":"https:\/\/pvserviceplus.cz\/#organization"},"potentialAction":[{"@type":"SearchAction","target":{"@type":"EntryPoint","urlTemplate":"https:\/\/pvserviceplus.cz\/?s={search_term_string}"},"query-input":"required name=search_term_string"}],"inLanguage":"sk-SK"},{"@type":"Organization","@id":"https:\/\/pvserviceplus.cz\/#organization","name":"PV SERVICE PLUS","url":"https:\/\/pvserviceplus.cz\/","logo":{"@type":"ImageObject","inLanguage":"sk-SK","@id":"https:\/\/pvserviceplus.cz\/#\/schema\/logo\/image\/","url":"https:\/\/pvserviceplus.cz\/wp-content\/uploads\/2021\/10\/logo.svg","contentUrl":"https:\/\/pvserviceplus.cz\/wp-content\/uploads\/2021\/10\/logo.svg","width":"1024","height":"1024","caption":"PV SERVICE PLUS"},"image":{"@id":"https:\/\/pvserviceplus.cz\/#\/schema\/logo\/image\/"},"sameAs":["https:\/\/www.facebook.com\/PVServicePlussro\/"]}]}},"_links":{"self":[{"href":"https:\/\/pvserviceplus.cz\/sk\/wp-json\/wp\/v2\/pages\/1995","targetHints":{"allow":["GET"]}}],"collection":[{"href":"https:\/\/pvserviceplus.cz\/sk\/wp-json\/wp\/v2\/pages"}],"about":[{"href":"https:\/\/pvserviceplus.cz\/sk\/wp-json\/wp\/v2\/types\/page"}],"author":[{"embeddable":true,"href":"https:\/\/pvserviceplus.cz\/sk\/wp-json\/wp\/v2\/users\/1"}],"replies":[{"embeddable":true,"href":"https:\/\/pvserviceplus.cz\/sk\/wp-json\/wp\/v2\/comments?post=1995"}],"version-history":[{"count":1,"href":"https:\/\/pvserviceplus.cz\/sk\/wp-json\/wp\/v2\/pages\/1995\/revisions"}],"predecessor-version":[{"id":1996,"href":"https:\/\/pvserviceplus.cz\/sk\/wp-json\/wp\/v2\/pages\/1995\/revisions\/1996"}],"wp:attachment":[{"href":"https:\/\/pvserviceplus.cz\/sk\/wp-json\/wp\/v2\/media?parent=1995"}],"curies":[{"name":"wp","href":"https:\/\/api.w.org\/{rel}","templated":true}]}}