{"id":1470,"date":"2023-09-13T11:24:38","date_gmt":"2023-09-13T09:24:38","guid":{"rendered":"https:\/\/pvserviceplus.cz\/fotovoltika-pro-samospravy\/"},"modified":"2025-10-06T18:41:55","modified_gmt":"2025-10-06T16:41:55","slug":"fotovoltika-pre-samospravy","status":"publish","type":"page","link":"https:\/\/pvserviceplus.cz\/sk\/fotovoltika-pre-samospravy\/","title":{"rendered":"FOTOVOLTIKA PRE SAMOSPR\u00c1VY"},"content":{"rendered":"<style>.entry-header {display:none}<\/style>\r\n<div id=\"about-us-banner\" class=\"samospravy\" style=\"\">\r\n\r\n<div class=\"content\">\r\n<h1 style=\"\">FOTOVOLTIKA PRE SAMOSPR\u00c1VY<\/h1>\r\n\r\n<p>\r\nIn\u0161tal\u00e1ciou fotovoltickej elektr\u00e1rne zn\u00ed\u017eite n\u00e1klady na elektrick\u00fa energiu na budov\u00e1ch a z\u00e1rove\u0148 zn\u00ed\u017eite svoju z\u00e1vislos\u0165 na dod\u00e1vate\u013eoch elektriny. U\u0161etren\u00e9 peniaze tak m\u00f4\u017eete vyu\u017ei\u0165 na \u010fal\u0161\u00ed rozvoj svojej obce \u010di mesta.<\/p>\r\n<i class=\"scroll-cue\" aria-label=\"Scroll down\"><\/i>\r\n<\/div>\r\n\r\n\r\n<\/div>\r\n\r\n<div id=\"modul\">\r\n\r\n\r\n<h2>Fotovoltick\u00e9 elektr\u00e1rne s\u00fa ide\u00e1lnym rie\u0161en\u00edm ako zn\u00ed\u017ei\u0165 n\u00e1klady za spotrebovan\u00fa elektrinu.<\/h2> \r\n<p style=\"text-align:center\">U\u0161etren\u00e9 peniaze tak m\u00f4\u017eete vyu\u017ei\u0165 na \u010fal\u0161\u00ed rozvoj svojej obce \u010di mesta.<\/p>\r\n\r\n<h2>In\u0161tal\u00e1ciou fotovoltickej elektr\u00e1rne zn\u00ed\u017eite n\u00e1klady na elektrick\u00fa energiu na budov\u00e1ch a z\u00e1rove\u0148 zn\u00ed\u017eite svoju z\u00e1vislos\u0165 na dod\u00e1vate\u013eoch elektriny.<\/h2>\r\n\r\n<b class=\"orange\">Pre\u010do zvoli\u0165 fotovoltiku pre svoje mesto \u010di obec?<\/b>\r\n<ul>\r\n\r\n\t<li>trvalo zn\u00ed\u017eite platby za spotrebovan\u00fa elektrick\u00fa energiu<\/li>\r\n\r\n\t<li>poist\u00edte sa pred zvy\u0161ovan\u00edm cien elektriny do bud\u00facnosti<\/li>\r\n\r\n\t<li>podpor\u00edte udr\u017eate\u013enos\u0165, zv\u00fd\u0161i sa imid\u017e va\u0161ej obce \u010di mesta a akt\u00edvne sa podie\u013eate na zlep\u0161en\u00ed \u017eivotn\u00e9ho prostredia<\/li>\r\n\r\n\t<li>z\u00edskate zna\u010dn\u00fa mieru nez\u00e1vislosti a r\u00fdchlu n\u00e1vratnos\u0165 invest\u00edcie<\/li>\r\n\r\n\t<li>m\u00f4\u017eete vyu\u017ei\u0165 mo\u017enos\u0165 dot\u00e1ci\u00ed<\/li>\r\n<\/ul>\r\n\r\n\r\n\r\n<p><b>Pon\u00fakame v\u00e1m fotovoltick\u00fd syst\u00e9m na mieru a na k\u013e\u00fa\u010d, pre va\u0161u obec \u010di mesto. S na\u0161ou pomocou u\u0161etr\u00edte nemal\u00e9 n\u00e1klady na energi\u00e1ch.<\/b><\/p>\r\n\r\n\r\n\r\n\r\n\r\n\r\n\r\n\r\n\r\n\r\n\r\n\r\n\r\n\r\n\r\n\r\n\r\n<\/div>\r\n\r\n\r\n<div id=\"kontakt-formular\">\r\n<strong>\r\nM\u00e1te z\u00e1ujem o FVE pre Va\u0161u obec \u010di mesto?<\/strong>\r\nKontaktujte n\u00e1s.\r\n<div id=\"popup\" class=\"embed\">\r\n\t<div id=\"objednat\" data-aos=\"fade-up\" data-aos-delay=\"100\"  data-aos-offset=\"0\">\r\n\t<h2 id=\"kontaktujte-nas\">\r\n\t<\/h2>\r\n\t\r\n\t\t\n<div class=\"wpcf7 no-js\" id=\"wpcf7-f692-o1\" lang=\"sk-SK\" dir=\"ltr\">\n<div class=\"screen-reader-response\"><p role=\"status\" aria-live=\"polite\" aria-atomic=\"true\"><\/p> <ul><\/ul><\/div>\n<form action=\"\/sk\/wp-json\/wp\/v2\/pages\/1470#wpcf7-f692-o1\" method=\"post\" class=\"wpcf7-form init wpcf7-acceptance-as-validation\" aria-label=\"Contact form\" novalidate=\"novalidate\" data-status=\"init\">\n<div style=\"display: none;\">\n<input type=\"hidden\" name=\"_wpcf7\" value=\"692\" \/>\n<input type=\"hidden\" name=\"_wpcf7_version\" value=\"5.7.3\" \/>\n<input type=\"hidden\" name=\"_wpcf7_locale\" value=\"sk_SK\" \/>\n<input type=\"hidden\" name=\"_wpcf7_unit_tag\" value=\"wpcf7-f692-o1\" \/>\n<input type=\"hidden\" name=\"_wpcf7_container_post\" value=\"0\" \/>\n<input type=\"hidden\" name=\"_wpcf7_posted_data_hash\" value=\"\" \/>\n<input type=\"hidden\" name=\"_wpcf7cf_hidden_group_fields\" value=\"[]\" \/>\n<input type=\"hidden\" name=\"_wpcf7cf_hidden_groups\" value=\"[]\" \/>\n<input type=\"hidden\" name=\"_wpcf7cf_visible_groups\" value=\"[]\" \/>\n<input type=\"hidden\" name=\"_wpcf7cf_repeaters\" value=\"[]\" \/>\n<input type=\"hidden\" name=\"_wpcf7cf_steps\" value=\"{}\" \/>\n<input type=\"hidden\" name=\"_wpcf7cf_options\" value=\"{&quot;form_id&quot;:692,&quot;conditions&quot;:[{&quot;then_field&quot;:&quot;-1&quot;,&quot;and_rules&quot;:[{&quot;if_field&quot;:&quot;-1&quot;,&quot;operator&quot;:&quot;equals&quot;,&quot;if_value&quot;:&quot;FVE BASIC&quot;}]},{&quot;then_field&quot;:&quot;-1&quot;,&quot;and_rules&quot;:[{&quot;if_field&quot;:&quot;-1&quot;,&quot;operator&quot;:&quot;equals&quot;,&quot;if_value&quot;:&quot;FVE BASIC PLUS&quot;}]},{&quot;then_field&quot;:&quot;-1&quot;,&quot;and_rules&quot;:[{&quot;if_field&quot;:&quot;-1&quot;,&quot;operator&quot;:&quot;equals&quot;,&quot;if_value&quot;:&quot;FVE ADVANCED&quot;}]},{&quot;then_field&quot;:&quot;-1&quot;,&quot;and_rules&quot;:[{&quot;if_field&quot;:&quot;-1&quot;,&quot;operator&quot;:&quot;equals&quot;,&quot;if_value&quot;:&quot;FVE ADVANCED PLUS&quot;}]}],&quot;settings&quot;:{&quot;animation&quot;:&quot;yes&quot;,&quot;animation_intime&quot;:200,&quot;animation_outtime&quot;:200,&quot;conditions_ui&quot;:&quot;normal&quot;,&quot;notice_dismissed&quot;:false}}\" \/>\n<input type=\"hidden\" name=\"_wpcf7_recaptcha_response\" value=\"\" \/>\n<\/div>\n<p><label> Va\u0161e meno<br \/>\n<span class=\"wpcf7-form-control-wrap\" data-name=\"your-name\"><input size=\"40\" class=\"wpcf7-form-control wpcf7-text wpcf7-validates-as-required\" aria-required=\"true\" aria-invalid=\"false\" value=\"\" type=\"text\" name=\"your-name\" \/><\/span> <\/label>\n<\/p>\n<p><label> V\u00e1\u0161 email<br \/>\n<span class=\"wpcf7-form-control-wrap\" data-name=\"your-email\"><input size=\"40\" class=\"wpcf7-form-control wpcf7-text wpcf7-email wpcf7-validates-as-required wpcf7-validates-as-email\" aria-required=\"true\" aria-invalid=\"false\" value=\"\" type=\"email\" name=\"your-email\" \/><\/span> <\/label><br \/>\n<label> Va\u0161e telef\u00f3nne \u010d\u00edslo<br \/>\n<span class=\"wpcf7-form-control-wrap\" data-name=\"tel-491\"><input size=\"40\" class=\"wpcf7-form-control wpcf7-text wpcf7-tel wpcf7-validates-as-required wpcf7-validates-as-tel\" aria-required=\"true\" aria-invalid=\"false\" value=\"\" type=\"tel\" name=\"tel-491\" \/><\/span> <\/label>\n<\/p>\n<p><label> Va\u0161a spr\u00e1va (nepovinn\u00e9)<br \/>\n<span class=\"wpcf7-form-control-wrap\" data-name=\"your-message\"><textarea cols=\"40\" rows=\"10\" class=\"wpcf7-form-control wpcf7-textarea\" aria-invalid=\"false\" name=\"your-message\"><\/textarea><\/span> <\/label>\n<\/p>\n<p><span class=\"wpcf7-form-control-wrap\" data-name=\"acceptance-GDPR-ucely\"><span class=\"wpcf7-form-control wpcf7-acceptance\"><span class=\"wpcf7-list-item\"><label><input type=\"checkbox\" name=\"acceptance-GDPR-ucely\" value=\"1\" aria-invalid=\"false\" \/><span class=\"wpcf7-list-item-label\">Va\u0161e osobn\u00e9 \u00fadaje sprac\u00favame na \u00fa\u010del vybavenia po\u017eiadavky. Odoslan\u00edm formul\u00e1ra potvrdzujete, \u017ee ste si pre\u010d\u00edtali a porozumeli ste\u00a0<a href=\"https:\/\/pvserviceplus.cz\/sk\/zasady-ochrany-osobnych-udajov\/\">Z\u00e1sad\u00e1m ochrany osobn\u00fdch \u00fadajov<\/a><\/span><\/label><\/span><\/span><\/span>\n<\/p>\n<p><span class=\"wpcf7-form-control-wrap\" data-name=\"acceptance-marketingove-ucely\"><span class=\"wpcf7-form-control wpcf7-acceptance optional\"><span class=\"wpcf7-list-item\"><label><input type=\"checkbox\" name=\"acceptance-marketingove-ucely\" value=\"1\" aria-invalid=\"false\" \/><span class=\"wpcf7-list-item-label\">S\u00fahlas so sprac\u00favan\u00edm osobn\u00fdch \u00fadajov na marketingov\u00e9 \u00fa\u010dely. S\u00fahlas je potrebn\u00fd ak chcete ma\u0165 k dispoz\u00edcii v\u0161etky z\u00e1kazn\u00edcke inform\u00e1cie, ponuky a benefity. Aby\nste sa o mnoh\u00e9 z\u00a0nich nepripravili, odpor\u00fa\u010dame V\u00e1m potvrdi\u0165 V\u00e1\u0161 s\u00fahlas. Ak nesk\u00f4r us\u00fadite inak, svoj\ns\u00fahlas m\u00f4\u017eete kedyko\u013evek odvola\u0165. <a href=\"https:\/\/pvserviceplus.cz\/sk\/zasady-ochrany-osobnych-udajov\/\">Viac tu<\/a>.<\/span><\/label><\/span><\/span><\/span>\n<\/p>\n<p><input class=\"wpcf7-form-control has-spinner wpcf7-submit\" type=\"submit\" value=\"Odosla\u0165\" \/>\n<\/p><div class=\"wpcf7-response-output\" aria-hidden=\"true\"><\/div>\n<\/form>\n<\/div>\n\r\n\t\t\r\n\t\t<p class=\"uf\">vypl\u0148te formul\u00e1r alebo n\u00e1m zavolajte na <a href=\"tel:+421 947 918 390\">+421 947 918 390<\/a><\/p>\r\n\t\t\r\n\t<\/div>\r\n<\/div>\r\n<\/div>\r\n","protected":false},"excerpt":{"rendered":"FOTOVOLTIKA PRE SAMOSPR\u00c1VY In\u0161tal\u00e1ciou fotovoltickej elektr\u00e1rne zn\u00ed\u017eite n\u00e1klady na elektrick\u00fa energiu na budov\u00e1ch a z\u00e1rove\u0148 zn\u00ed\u017eite svoju z\u00e1vislos\u0165 na dod\u00e1vate\u013eoch elektriny. U\u0161etren\u00e9 peniaze tak m\u00f4\u017eete vyu\u017ei\u0165 na \u010fal\u0161\u00ed rozvoj svojej obce \u010di mesta. Fotovoltick\u00e9 elektr\u00e1rne s\u00fa ide\u00e1lnym rie\u0161en\u00edm ako zn\u00ed\u017ei\u0165 n\u00e1klady za spotrebovan\u00fa elektrinu. U\u0161etren\u00e9 peniaze tak m\u00f4\u017eete vyu\u017ei\u0165 na \u010fal\u0161\u00ed rozvoj svojej obce \u010di&hellip; <a class=\"more-link\" href=\"https:\/\/pvserviceplus.cz\/sk\/fotovoltika-pre-samospravy\/\">Pokra\u010dova\u0165 v \u010d\u00edtan\u00ed <span class=\"screen-reader-text\">FOTOVOLTIKA PRE SAMOSPR\u00c1VY<\/span><\/a>","protected":false},"author":1,"featured_media":1292,"parent":0,"menu_order":0,"comment_status":"closed","ping_status":"closed","template":"","meta":{"inline_featured_image":false,"footnotes":""},"class_list":["post-1470","page","type-page","status-publish","has-post-thumbnail","hentry","entry"],"yoast_head":"<!-- This site is optimized with the Yoast SEO plugin v19.12 - https:\/\/yoast.com\/wordpress\/plugins\/seo\/ -->\n<title>FOTOVOLTIKA PRE SAMOSPR\u00c1VY | PV SERVICE PLUS<\/title>\n<meta name=\"robots\" content=\"index, follow, max-snippet:-1, max-image-preview:large, max-video-preview:-1\" \/>\n<link rel=\"canonical\" href=\"https:\/\/pvserviceplus.cz\/sk\/fotovoltika-pre-samospravy\/\" \/>\n<meta property=\"og:locale\" content=\"sk_SK\" \/>\n<meta property=\"og:type\" content=\"article\" \/>\n<meta property=\"og:title\" content=\"FOTOVOLTIKA PRE SAMOSPR\u00c1VY | PV SERVICE PLUS\" \/>\n<meta property=\"og:description\" content=\"FOTOVOLTIKA PRE SAMOSPR\u00c1VY In\u0161tal\u00e1ciou fotovoltickej elektr\u00e1rne zn\u00ed\u017eite n\u00e1klady na elektrick\u00fa energiu na budov\u00e1ch a z\u00e1rove\u0148 zn\u00ed\u017eite svoju z\u00e1vislos\u0165 na dod\u00e1vate\u013eoch elektriny. U\u0161etren\u00e9 peniaze tak m\u00f4\u017eete vyu\u017ei\u0165 na \u010fal\u0161\u00ed rozvoj svojej obce \u010di mesta. Fotovoltick\u00e9 elektr\u00e1rne s\u00fa ide\u00e1lnym rie\u0161en\u00edm ako zn\u00ed\u017ei\u0165 n\u00e1klady za spotrebovan\u00fa elektrinu. U\u0161etren\u00e9 peniaze tak m\u00f4\u017eete vyu\u017ei\u0165 na \u010fal\u0161\u00ed rozvoj svojej obce \u010di&hellip; Pokra\u010dova\u0165 v \u010d\u00edtan\u00ed FOTOVOLTIKA PRE SAMOSPR\u00c1VY\" \/>\n<meta property=\"og:url\" content=\"https:\/\/pvserviceplus.cz\/sk\/fotovoltika-pre-samospravy\/\" \/>\n<meta property=\"og:site_name\" content=\"PV SERVICE PLUS\" \/>\n<meta property=\"article:publisher\" content=\"https:\/\/www.facebook.com\/PVServicePlussro\/\" \/>\n<meta property=\"article:modified_time\" content=\"2025-10-06T16:41:55+00:00\" \/>\n<meta property=\"og:image\" content=\"https:\/\/pvserviceplus.cz\/wp-content\/uploads\/2023\/08\/samospravy-fotovoltika-pvsplus-1.jpg\" \/>\n\t<meta property=\"og:image:width\" content=\"1700\" \/>\n\t<meta property=\"og:image:height\" content=\"1260\" \/>\n\t<meta property=\"og:image:type\" content=\"image\/jpeg\" \/>\n<meta name=\"twitter:card\" content=\"summary_large_image\" \/>\n<meta name=\"twitter:label1\" content=\"Predpokladan\u00fd \u010das \u010d\u00edtania\" \/>\n\t<meta name=\"twitter:data1\" content=\"1 min\u00fata\" \/>\n<script type=\"application\/ld+json\" class=\"yoast-schema-graph\">{\"@context\":\"https:\/\/schema.org\",\"@graph\":[{\"@type\":\"WebPage\",\"@id\":\"https:\/\/pvserviceplus.cz\/sk\/fotovoltika-pre-samospravy\/\",\"url\":\"https:\/\/pvserviceplus.cz\/sk\/fotovoltika-pre-samospravy\/\",\"name\":\"FOTOVOLTIKA PRE SAMOSPR\u00c1VY | PV SERVICE PLUS\",\"isPartOf\":{\"@id\":\"https:\/\/pvserviceplus.cz\/#website\"},\"datePublished\":\"2023-09-13T09:24:38+00:00\",\"dateModified\":\"2025-10-06T16:41:55+00:00\",\"breadcrumb\":{\"@id\":\"https:\/\/pvserviceplus.cz\/sk\/fotovoltika-pre-samospravy\/#breadcrumb\"},\"inLanguage\":\"sk-SK\",\"potentialAction\":[{\"@type\":\"ReadAction\",\"target\":[\"https:\/\/pvserviceplus.cz\/sk\/fotovoltika-pre-samospravy\/\"]}]},{\"@type\":\"BreadcrumbList\",\"@id\":\"https:\/\/pvserviceplus.cz\/sk\/fotovoltika-pre-samospravy\/#breadcrumb\",\"itemListElement\":[{\"@type\":\"ListItem\",\"position\":1,\"name\":\"Dom\u016f\",\"item\":\"https:\/\/pvserviceplus.cz\/\"},{\"@type\":\"ListItem\",\"position\":2,\"name\":\"FOTOVOLTIKA PRE SAMOSPR\u00c1VY\"}]},{\"@type\":\"WebSite\",\"@id\":\"https:\/\/pvserviceplus.cz\/#website\",\"url\":\"https:\/\/pvserviceplus.cz\/\",\"name\":\"PV SERVICE PLUS\",\"description\":\"Stav\u00edme fotovoltaick\u00e9 elektr\u00e1rny na kl\u00ed\u010d pro dom\u00e1cnosti i pro firmy\",\"publisher\":{\"@id\":\"https:\/\/pvserviceplus.cz\/#organization\"},\"potentialAction\":[{\"@type\":\"SearchAction\",\"target\":{\"@type\":\"EntryPoint\",\"urlTemplate\":\"https:\/\/pvserviceplus.cz\/?s={search_term_string}\"},\"query-input\":\"required name=search_term_string\"}],\"inLanguage\":\"sk-SK\"},{\"@type\":\"Organization\",\"@id\":\"https:\/\/pvserviceplus.cz\/#organization\",\"name\":\"PV SERVICE PLUS\",\"url\":\"https:\/\/pvserviceplus.cz\/\",\"logo\":{\"@type\":\"ImageObject\",\"inLanguage\":\"sk-SK\",\"@id\":\"https:\/\/pvserviceplus.cz\/#\/schema\/logo\/image\/\",\"url\":\"https:\/\/pvserviceplus.cz\/wp-content\/uploads\/2021\/10\/logo.svg\",\"contentUrl\":\"https:\/\/pvserviceplus.cz\/wp-content\/uploads\/2021\/10\/logo.svg\",\"width\":\"1024\",\"height\":\"1024\",\"caption\":\"PV SERVICE PLUS\"},\"image\":{\"@id\":\"https:\/\/pvserviceplus.cz\/#\/schema\/logo\/image\/\"},\"sameAs\":[\"https:\/\/www.facebook.com\/PVServicePlussro\/\"]}]}<\/script>\n<!-- \/ Yoast SEO plugin. -->","yoast_head_json":{"title":"FOTOVOLTIKA PRE SAMOSPR\u00c1VY | PV SERVICE PLUS","robots":{"index":"index","follow":"follow","max-snippet":"max-snippet:-1","max-image-preview":"max-image-preview:large","max-video-preview":"max-video-preview:-1"},"canonical":"https:\/\/pvserviceplus.cz\/sk\/fotovoltika-pre-samospravy\/","og_locale":"sk_SK","og_type":"article","og_title":"FOTOVOLTIKA PRE SAMOSPR\u00c1VY | PV SERVICE PLUS","og_description":"FOTOVOLTIKA PRE SAMOSPR\u00c1VY In\u0161tal\u00e1ciou fotovoltickej elektr\u00e1rne zn\u00ed\u017eite n\u00e1klady na elektrick\u00fa energiu na budov\u00e1ch a z\u00e1rove\u0148 zn\u00ed\u017eite svoju z\u00e1vislos\u0165 na dod\u00e1vate\u013eoch elektriny. U\u0161etren\u00e9 peniaze tak m\u00f4\u017eete vyu\u017ei\u0165 na \u010fal\u0161\u00ed rozvoj svojej obce \u010di mesta. Fotovoltick\u00e9 elektr\u00e1rne s\u00fa ide\u00e1lnym rie\u0161en\u00edm ako zn\u00ed\u017ei\u0165 n\u00e1klady za spotrebovan\u00fa elektrinu. U\u0161etren\u00e9 peniaze tak m\u00f4\u017eete vyu\u017ei\u0165 na \u010fal\u0161\u00ed rozvoj svojej obce \u010di&hellip; Pokra\u010dova\u0165 v \u010d\u00edtan\u00ed FOTOVOLTIKA PRE SAMOSPR\u00c1VY","og_url":"https:\/\/pvserviceplus.cz\/sk\/fotovoltika-pre-samospravy\/","og_site_name":"PV SERVICE PLUS","article_publisher":"https:\/\/www.facebook.com\/PVServicePlussro\/","article_modified_time":"2025-10-06T16:41:55+00:00","og_image":[{"width":1700,"height":1260,"url":"https:\/\/pvserviceplus.cz\/wp-content\/uploads\/2023\/08\/samospravy-fotovoltika-pvsplus-1.jpg","type":"image\/jpeg"}],"twitter_card":"summary_large_image","twitter_misc":{"Predpokladan\u00fd \u010das \u010d\u00edtania":"1 min\u00fata"},"schema":{"@context":"https:\/\/schema.org","@graph":[{"@type":"WebPage","@id":"https:\/\/pvserviceplus.cz\/sk\/fotovoltika-pre-samospravy\/","url":"https:\/\/pvserviceplus.cz\/sk\/fotovoltika-pre-samospravy\/","name":"FOTOVOLTIKA PRE SAMOSPR\u00c1VY | PV SERVICE PLUS","isPartOf":{"@id":"https:\/\/pvserviceplus.cz\/#website"},"datePublished":"2023-09-13T09:24:38+00:00","dateModified":"2025-10-06T16:41:55+00:00","breadcrumb":{"@id":"https:\/\/pvserviceplus.cz\/sk\/fotovoltika-pre-samospravy\/#breadcrumb"},"inLanguage":"sk-SK","potentialAction":[{"@type":"ReadAction","target":["https:\/\/pvserviceplus.cz\/sk\/fotovoltika-pre-samospravy\/"]}]},{"@type":"BreadcrumbList","@id":"https:\/\/pvserviceplus.cz\/sk\/fotovoltika-pre-samospravy\/#breadcrumb","itemListElement":[{"@type":"ListItem","position":1,"name":"Dom\u016f","item":"https:\/\/pvserviceplus.cz\/"},{"@type":"ListItem","position":2,"name":"FOTOVOLTIKA PRE SAMOSPR\u00c1VY"}]},{"@type":"WebSite","@id":"https:\/\/pvserviceplus.cz\/#website","url":"https:\/\/pvserviceplus.cz\/","name":"PV SERVICE PLUS","description":"Stav\u00edme fotovoltaick\u00e9 elektr\u00e1rny na kl\u00ed\u010d pro dom\u00e1cnosti i pro firmy","publisher":{"@id":"https:\/\/pvserviceplus.cz\/#organization"},"potentialAction":[{"@type":"SearchAction","target":{"@type":"EntryPoint","urlTemplate":"https:\/\/pvserviceplus.cz\/?s={search_term_string}"},"query-input":"required name=search_term_string"}],"inLanguage":"sk-SK"},{"@type":"Organization","@id":"https:\/\/pvserviceplus.cz\/#organization","name":"PV SERVICE PLUS","url":"https:\/\/pvserviceplus.cz\/","logo":{"@type":"ImageObject","inLanguage":"sk-SK","@id":"https:\/\/pvserviceplus.cz\/#\/schema\/logo\/image\/","url":"https:\/\/pvserviceplus.cz\/wp-content\/uploads\/2021\/10\/logo.svg","contentUrl":"https:\/\/pvserviceplus.cz\/wp-content\/uploads\/2021\/10\/logo.svg","width":"1024","height":"1024","caption":"PV SERVICE PLUS"},"image":{"@id":"https:\/\/pvserviceplus.cz\/#\/schema\/logo\/image\/"},"sameAs":["https:\/\/www.facebook.com\/PVServicePlussro\/"]}]}},"_links":{"self":[{"href":"https:\/\/pvserviceplus.cz\/sk\/wp-json\/wp\/v2\/pages\/1470","targetHints":{"allow":["GET"]}}],"collection":[{"href":"https:\/\/pvserviceplus.cz\/sk\/wp-json\/wp\/v2\/pages"}],"about":[{"href":"https:\/\/pvserviceplus.cz\/sk\/wp-json\/wp\/v2\/types\/page"}],"author":[{"embeddable":true,"href":"https:\/\/pvserviceplus.cz\/sk\/wp-json\/wp\/v2\/users\/1"}],"replies":[{"embeddable":true,"href":"https:\/\/pvserviceplus.cz\/sk\/wp-json\/wp\/v2\/comments?post=1470"}],"version-history":[{"count":8,"href":"https:\/\/pvserviceplus.cz\/sk\/wp-json\/wp\/v2\/pages\/1470\/revisions"}],"predecessor-version":[{"id":3258,"href":"https:\/\/pvserviceplus.cz\/sk\/wp-json\/wp\/v2\/pages\/1470\/revisions\/3258"}],"wp:featuredmedia":[{"embeddable":true,"href":"https:\/\/pvserviceplus.cz\/sk\/wp-json\/wp\/v2\/media\/1292"}],"wp:attachment":[{"href":"https:\/\/pvserviceplus.cz\/sk\/wp-json\/wp\/v2\/media?parent=1470"}],"curies":[{"name":"wp","href":"https:\/\/api.w.org\/{rel}","templated":true}]}}