{"id":3545,"date":"2025-11-06T19:05:29","date_gmt":"2025-11-06T18:05:29","guid":{"rendered":"https:\/\/pvserviceplus.cz\/?page_id=3545"},"modified":"2025-11-14T14:51:34","modified_gmt":"2025-11-14T13:51:34","slug":"example-of-our-energy-management-ems","status":"publish","type":"page","link":"https:\/\/pvserviceplus.cz\/en\/example-of-our-energy-management-ems\/","title":{"rendered":"Example of our Energy Management EMS"},"content":{"rendered":"<style>\r\n#main .entry-content {background-color:black}\r\n<\/style>\r\n<div id=\"about-us-banner\" class=\"EMS\">\r\n  <div class=\"content\">\r\n    <a target=\"_blank\" href=\"https:\/\/dns.loxonecloud.com\/504F94A2E760\" class=\"loxone\">\r\n      <img decoding=\"async\" src=\"https:\/\/pvserviceplus.cz\/wp-content\/uploads\/2025\/11\/loxone-1.png\">\r\n    <\/a>\r\n    <h1 style=\"color:#F38622\">Example of our <br>Energy Management EMS<\/h1>\r\n    <p>\r\n      Do you want to see how energy control works in a real house or company? We have prepared online access to our EMS system, where you can view production, consumption, and the behavior of individual devices in real time.\r\n    <\/p>\r\n    <a class=\"btn\" href=\"#objednat\">Get demo access<\/a>\r\n    <i class=\"scroll-cue\" aria-label=\"Scroll down\"><\/i>\r\n  <\/div>\r\n<\/div>\r\n\r\n<div class=\"obsh\">\r\n<section>\r\n  <h2>Example of our Energy Management EMS<\/h2>\r\n<\/section>\r\n\r\n<div id=\"popup\" class=\"embed no-picture\" data-aos=\"fade-up\" data-aos-delay=\"100\" data-aos-offset=\"0\">\r\n  <div id=\"objednat\" style=\"text-align:center; margin-bottom:20px;\" data-aos=\"fade-up\" data-aos-delay=\"100\" data-aos-offset=\"0\">\r\n    <h2>Access: <br><br>\r\n      <small>Username: marketing <br>\r\n      Password: Marketing2025<\/small>\r\n    <\/h2>\r\n    <a href=\"https:\/\/dns.loxonecloud.com\/504F94A2E760\" target=\"_blank\" class=\"btn\">Demo access<\/a>\r\n  <\/div>\r\n<\/div>\r\n\r\n<section>\r\n  <p>\r\n    Do you want to see how energy control works in a real house or company? We have prepared online access to our EMS system, where you can view production, consumption, and the behavior of individual devices in real time.<br><br>\r\n\r\n    After logging in, you will see a complete overview of energy flows, statistics, graphs, and detailed control logs. This demo version serves as a preview for customers who are considering installing our solution and want to verify how the system works in real life.<br><br>\r\n  <\/p>\r\n\r\n  <h2>Video + screenshots<\/h2>\r\n  <div style=\"width: 750px;\" class=\"wp-video\"><video class=\"wp-video-shortcode\" id=\"video-3545-1\" width=\"750\" height=\"457\" preload=\"metadata\" controls=\"controls\"><source type=\"video\/mp4\" src=\"https:\/\/pvserviceplus.cz\/wp-content\/uploads\/2025\/11\/EMS-pvserviceplus-video-o.mp4?_=1\" \/><a href=\"https:\/\/pvserviceplus.cz\/wp-content\/uploads\/2025\/11\/EMS-pvserviceplus-video-o.mp4\">https:\/\/pvserviceplus.cz\/wp-content\/uploads\/2025\/11\/EMS-pvserviceplus-video-o.mp4<\/a><\/video><\/div>\r\n  <div id='gallery-1' class='gallery galleryid-3545 gallery-columns-3 gallery-size-thumbnail'><figure class='gallery-item'>\n\t\t\t<div class='gallery-icon landscape'>\n\t\t\t\t<a href='https:\/\/pvserviceplus.cz\/wp-content\/uploads\/2025\/11\/pvservice-plus-ems-screen-1.jpg' title=\"\" data-rl_title=\"\" class=\"rl-gallery-link\" data-rl_caption=\"\" data-rel=\"lightbox-gallery-1\"><img loading=\"lazy\" decoding=\"async\" width=\"950\" height=\"665\" src=\"https:\/\/pvserviceplus.cz\/wp-content\/uploads\/2025\/11\/pvservice-plus-ems-screen-1-950x665.jpg\" class=\"attachment-thumbnail size-thumbnail\" alt=\"\" srcset=\"https:\/\/pvserviceplus.cz\/wp-content\/uploads\/2025\/11\/pvservice-plus-ems-screen-1-950x665.jpg 950w, https:\/\/pvserviceplus.cz\/wp-content\/uploads\/2025\/11\/pvservice-plus-ems-screen-1-300x209.jpg 300w\" sizes=\"auto, (max-width: 950px) 100vw, 950px\" style=\"width:100%;height:69.56%;max-width:956px;\" \/><\/a>\n\t\t\t<\/div><\/figure><figure class='gallery-item'>\n\t\t\t<div class='gallery-icon landscape'>\n\t\t\t\t<a href='https:\/\/pvserviceplus.cz\/wp-content\/uploads\/2025\/11\/pvservice-plus-ems-screen-2.jpg' title=\"\" data-rl_title=\"\" class=\"rl-gallery-link\" data-rl_caption=\"\" data-rel=\"lightbox-gallery-1\"><img loading=\"lazy\" decoding=\"async\" width=\"708\" height=\"567\" src=\"https:\/\/pvserviceplus.cz\/wp-content\/uploads\/2025\/11\/pvservice-plus-ems-screen-2.jpg\" class=\"attachment-thumbnail size-thumbnail\" alt=\"\" srcset=\"https:\/\/pvserviceplus.cz\/wp-content\/uploads\/2025\/11\/pvservice-plus-ems-screen-2.jpg 708w, https:\/\/pvserviceplus.cz\/wp-content\/uploads\/2025\/11\/pvservice-plus-ems-screen-2-300x240.jpg 300w\" sizes=\"auto, (max-width: 708px) 100vw, 708px\" style=\"width:100%;height:80.08%;max-width:708px;\" \/><\/a>\n\t\t\t<\/div><\/figure><figure class='gallery-item'>\n\t\t\t<div class='gallery-icon landscape'>\n\t\t\t\t<a href='https:\/\/pvserviceplus.cz\/wp-content\/uploads\/2025\/11\/pvservice-plus-ems-screen-3.jpg' title=\"\" data-rl_title=\"\" class=\"rl-gallery-link\" data-rl_caption=\"\" data-rel=\"lightbox-gallery-1\"><img loading=\"lazy\" decoding=\"async\" width=\"708\" height=\"567\" src=\"https:\/\/pvserviceplus.cz\/wp-content\/uploads\/2025\/11\/pvservice-plus-ems-screen-3.jpg\" class=\"attachment-thumbnail size-thumbnail\" alt=\"\" srcset=\"https:\/\/pvserviceplus.cz\/wp-content\/uploads\/2025\/11\/pvservice-plus-ems-screen-3.jpg 708w, https:\/\/pvserviceplus.cz\/wp-content\/uploads\/2025\/11\/pvservice-plus-ems-screen-3-300x240.jpg 300w\" sizes=\"auto, (max-width: 708px) 100vw, 708px\" style=\"width:100%;height:80.08%;max-width:708px;\" \/><\/a>\n\t\t\t<\/div><\/figure><figure class='gallery-item'>\n\t\t\t<div class='gallery-icon landscape'>\n\t\t\t\t<a href='https:\/\/pvserviceplus.cz\/wp-content\/uploads\/2025\/11\/pvservice-plus-ems-screen-4.jpg' title=\"\" data-rl_title=\"\" class=\"rl-gallery-link\" data-rl_caption=\"\" data-rel=\"lightbox-gallery-1\"><img loading=\"lazy\" decoding=\"async\" width=\"708\" height=\"567\" src=\"https:\/\/pvserviceplus.cz\/wp-content\/uploads\/2025\/11\/pvservice-plus-ems-screen-4.jpg\" class=\"attachment-thumbnail size-thumbnail\" alt=\"\" srcset=\"https:\/\/pvserviceplus.cz\/wp-content\/uploads\/2025\/11\/pvservice-plus-ems-screen-4.jpg 708w, https:\/\/pvserviceplus.cz\/wp-content\/uploads\/2025\/11\/pvservice-plus-ems-screen-4-300x240.jpg 300w\" sizes=\"auto, (max-width: 708px) 100vw, 708px\" style=\"width:100%;height:80.08%;max-width:708px;\" \/><\/a>\n\t\t\t<\/div><\/figure><figure class='gallery-item'>\n\t\t\t<div class='gallery-icon landscape'>\n\t\t\t\t<a href='https:\/\/pvserviceplus.cz\/wp-content\/uploads\/2025\/11\/pvservice-plus-ems-screen-5.jpg' title=\"\" data-rl_title=\"\" class=\"rl-gallery-link\" data-rl_caption=\"\" data-rel=\"lightbox-gallery-1\"><img loading=\"lazy\" decoding=\"async\" width=\"709\" height=\"709\" src=\"https:\/\/pvserviceplus.cz\/wp-content\/uploads\/2025\/11\/pvservice-plus-ems-screen-5.jpg\" class=\"attachment-thumbnail size-thumbnail\" alt=\"\" srcset=\"https:\/\/pvserviceplus.cz\/wp-content\/uploads\/2025\/11\/pvservice-plus-ems-screen-5.jpg 709w, https:\/\/pvserviceplus.cz\/wp-content\/uploads\/2025\/11\/pvservice-plus-ems-screen-5-300x300.jpg 300w\" sizes=\"auto, (max-width: 709px) 100vw, 709px\" style=\"width:100%;height:100%;max-width:709px;\" \/><\/a>\n\t\t\t<\/div><\/figure><figure class='gallery-item'>\n\t\t\t<div class='gallery-icon landscape'>\n\t\t\t\t<a href='https:\/\/pvserviceplus.cz\/wp-content\/uploads\/2025\/11\/pvservice-plus-ems-screen-6.jpg' title=\"\" data-rl_title=\"\" class=\"rl-gallery-link\" data-rl_caption=\"\" data-rel=\"lightbox-gallery-1\"><img loading=\"lazy\" decoding=\"async\" width=\"741\" height=\"715\" src=\"https:\/\/pvserviceplus.cz\/wp-content\/uploads\/2025\/11\/pvservice-plus-ems-screen-6.jpg\" class=\"attachment-thumbnail size-thumbnail\" alt=\"\" srcset=\"https:\/\/pvserviceplus.cz\/wp-content\/uploads\/2025\/11\/pvservice-plus-ems-screen-6.jpg 741w, https:\/\/pvserviceplus.cz\/wp-content\/uploads\/2025\/11\/pvservice-plus-ems-screen-6-300x289.jpg 300w\" sizes=\"auto, (max-width: 741px) 100vw, 741px\" style=\"width:100%;height:96.49%;max-width:741px;\" \/><\/a>\n\t\t\t<\/div><\/figure>\n\t\t<\/div>\n\r\n<\/section>\r\n<\/div>\r\n\r\n<div id=\"popup\" class=\"embed no-picture\" data-aos=\"fade-up\" data-aos-delay=\"100\" data-aos-offset=\"0\">\r\n  <div id=\"objednat2\" data-aos=\"fade-up\" data-aos-delay=\"100\" data-aos-offset=\"0\">\r\n    <h2>Access: <br><br>\r\n      <small>Username: marketing <br>\r\n      Password: Marketing2025<\/small>\r\n    <\/h2>\r\n    <a href=\"https:\/\/dns.loxonecloud.com\/504F94A2E760\" target=\"_blank\" class=\"btn\">Demo access<\/a>\r\n  <\/div>\r\n<\/div>\r\n","protected":false},"excerpt":{"rendered":"Example of our Energy Management EMS Do you want to see how energy control works in a real house or company? We have prepared online access to our EMS system, where you can view production, consumption, and the behavior of individual devices in real time. Get demo access Example of our Energy Management EMS Access:&hellip; <a class=\"more-link\" href=\"https:\/\/pvserviceplus.cz\/en\/example-of-our-energy-management-ems\/\">Continue reading <span class=\"screen-reader-text\">Example of our Energy Management EMS<\/span><\/a>","protected":false},"author":1,"featured_media":0,"parent":0,"menu_order":0,"comment_status":"closed","ping_status":"closed","template":"","meta":{"inline_featured_image":false,"footnotes":""},"class_list":["post-3545","page","type-page","status-publish","hentry","entry"],"yoast_head":"<!-- This site is optimized with the Yoast SEO plugin v19.12 - https:\/\/yoast.com\/wordpress\/plugins\/seo\/ -->\n<title>Example of our Energy Management EMS | PV SERVICE PLUS<\/title>\n<meta name=\"robots\" content=\"index, follow, max-snippet:-1, max-image-preview:large, max-video-preview:-1\" \/>\n<link rel=\"canonical\" href=\"https:\/\/pvserviceplus.cz\/en\/example-of-our-energy-management-ems\/\" \/>\n<meta property=\"og:locale\" content=\"en_US\" \/>\n<meta property=\"og:type\" content=\"article\" \/>\n<meta property=\"og:title\" content=\"Example of our Energy Management EMS | PV SERVICE PLUS\" \/>\n<meta property=\"og:description\" content=\"Example of our Energy Management EMS Do you want to see how energy control works in a real house or company? We have prepared online access to our EMS system, where you can view production, consumption, and the behavior of individual devices in real time. Get demo access Example of our Energy Management EMS Access:&hellip; Continue reading Example of our Energy Management EMS\" \/>\n<meta property=\"og:url\" content=\"https:\/\/pvserviceplus.cz\/en\/example-of-our-energy-management-ems\/\" \/>\n<meta property=\"og:site_name\" content=\"PV SERVICE PLUS\" \/>\n<meta property=\"article:publisher\" content=\"https:\/\/www.facebook.com\/PVServicePlussro\/\" \/>\n<meta property=\"article:modified_time\" content=\"2025-11-14T13:51:34+00:00\" \/>\n<meta property=\"og:image\" content=\"https:\/\/pvserviceplus.cz\/wp-content\/uploads\/2025\/11\/loxone-1.png\" \/>\n<meta name=\"twitter:card\" content=\"summary_large_image\" \/>\n<script type=\"application\/ld+json\" class=\"yoast-schema-graph\">{\"@context\":\"https:\/\/schema.org\",\"@graph\":[{\"@type\":\"WebPage\",\"@id\":\"https:\/\/pvserviceplus.cz\/en\/example-of-our-energy-management-ems\/\",\"url\":\"https:\/\/pvserviceplus.cz\/en\/example-of-our-energy-management-ems\/\",\"name\":\"Example of our Energy Management EMS | PV SERVICE PLUS\",\"isPartOf\":{\"@id\":\"https:\/\/pvserviceplus.cz\/#website\"},\"datePublished\":\"2025-11-06T18:05:29+00:00\",\"dateModified\":\"2025-11-14T13:51:34+00:00\",\"breadcrumb\":{\"@id\":\"https:\/\/pvserviceplus.cz\/en\/example-of-our-energy-management-ems\/#breadcrumb\"},\"inLanguage\":\"en-US\",\"potentialAction\":[{\"@type\":\"ReadAction\",\"target\":[\"https:\/\/pvserviceplus.cz\/en\/example-of-our-energy-management-ems\/\"]}]},{\"@type\":\"BreadcrumbList\",\"@id\":\"https:\/\/pvserviceplus.cz\/en\/example-of-our-energy-management-ems\/#breadcrumb\",\"itemListElement\":[{\"@type\":\"ListItem\",\"position\":1,\"name\":\"Dom\u016f\",\"item\":\"https:\/\/pvserviceplus.cz\/\"},{\"@type\":\"ListItem\",\"position\":2,\"name\":\"Example of our Energy Management EMS\"}]},{\"@type\":\"WebSite\",\"@id\":\"https:\/\/pvserviceplus.cz\/#website\",\"url\":\"https:\/\/pvserviceplus.cz\/\",\"name\":\"PV SERVICE PLUS\",\"description\":\"Stav\u00edme fotovoltaick\u00e9 elektr\u00e1rny na kl\u00ed\u010d pro dom\u00e1cnosti i pro firmy\",\"publisher\":{\"@id\":\"https:\/\/pvserviceplus.cz\/#organization\"},\"potentialAction\":[{\"@type\":\"SearchAction\",\"target\":{\"@type\":\"EntryPoint\",\"urlTemplate\":\"https:\/\/pvserviceplus.cz\/?s={search_term_string}\"},\"query-input\":\"required name=search_term_string\"}],\"inLanguage\":\"en-US\"},{\"@type\":\"Organization\",\"@id\":\"https:\/\/pvserviceplus.cz\/#organization\",\"name\":\"PV SERVICE PLUS\",\"url\":\"https:\/\/pvserviceplus.cz\/\",\"logo\":{\"@type\":\"ImageObject\",\"inLanguage\":\"en-US\",\"@id\":\"https:\/\/pvserviceplus.cz\/#\/schema\/logo\/image\/\",\"url\":\"https:\/\/pvserviceplus.cz\/wp-content\/uploads\/2021\/10\/logo.svg\",\"contentUrl\":\"https:\/\/pvserviceplus.cz\/wp-content\/uploads\/2021\/10\/logo.svg\",\"width\":\"1024\",\"height\":\"1024\",\"caption\":\"PV SERVICE PLUS\"},\"image\":{\"@id\":\"https:\/\/pvserviceplus.cz\/#\/schema\/logo\/image\/\"},\"sameAs\":[\"https:\/\/www.facebook.com\/PVServicePlussro\/\"]}]}<\/script>\n<!-- \/ Yoast SEO plugin. -->","yoast_head_json":{"title":"Example of our Energy Management EMS | PV SERVICE PLUS","robots":{"index":"index","follow":"follow","max-snippet":"max-snippet:-1","max-image-preview":"max-image-preview:large","max-video-preview":"max-video-preview:-1"},"canonical":"https:\/\/pvserviceplus.cz\/en\/example-of-our-energy-management-ems\/","og_locale":"en_US","og_type":"article","og_title":"Example of our Energy Management EMS | PV SERVICE PLUS","og_description":"Example of our Energy Management EMS Do you want to see how energy control works in a real house or company? We have prepared online access to our EMS system, where you can view production, consumption, and the behavior of individual devices in real time. Get demo access Example of our Energy Management EMS Access:&hellip; Continue reading Example of our Energy Management EMS","og_url":"https:\/\/pvserviceplus.cz\/en\/example-of-our-energy-management-ems\/","og_site_name":"PV SERVICE PLUS","article_publisher":"https:\/\/www.facebook.com\/PVServicePlussro\/","article_modified_time":"2025-11-14T13:51:34+00:00","og_image":[{"url":"https:\/\/pvserviceplus.cz\/wp-content\/uploads\/2025\/11\/loxone-1.png"}],"twitter_card":"summary_large_image","schema":{"@context":"https:\/\/schema.org","@graph":[{"@type":"WebPage","@id":"https:\/\/pvserviceplus.cz\/en\/example-of-our-energy-management-ems\/","url":"https:\/\/pvserviceplus.cz\/en\/example-of-our-energy-management-ems\/","name":"Example of our Energy Management EMS | PV SERVICE PLUS","isPartOf":{"@id":"https:\/\/pvserviceplus.cz\/#website"},"datePublished":"2025-11-06T18:05:29+00:00","dateModified":"2025-11-14T13:51:34+00:00","breadcrumb":{"@id":"https:\/\/pvserviceplus.cz\/en\/example-of-our-energy-management-ems\/#breadcrumb"},"inLanguage":"en-US","potentialAction":[{"@type":"ReadAction","target":["https:\/\/pvserviceplus.cz\/en\/example-of-our-energy-management-ems\/"]}]},{"@type":"BreadcrumbList","@id":"https:\/\/pvserviceplus.cz\/en\/example-of-our-energy-management-ems\/#breadcrumb","itemListElement":[{"@type":"ListItem","position":1,"name":"Dom\u016f","item":"https:\/\/pvserviceplus.cz\/"},{"@type":"ListItem","position":2,"name":"Example of our Energy Management EMS"}]},{"@type":"WebSite","@id":"https:\/\/pvserviceplus.cz\/#website","url":"https:\/\/pvserviceplus.cz\/","name":"PV SERVICE PLUS","description":"Stav\u00edme fotovoltaick\u00e9 elektr\u00e1rny na kl\u00ed\u010d pro dom\u00e1cnosti i pro firmy","publisher":{"@id":"https:\/\/pvserviceplus.cz\/#organization"},"potentialAction":[{"@type":"SearchAction","target":{"@type":"EntryPoint","urlTemplate":"https:\/\/pvserviceplus.cz\/?s={search_term_string}"},"query-input":"required name=search_term_string"}],"inLanguage":"en-US"},{"@type":"Organization","@id":"https:\/\/pvserviceplus.cz\/#organization","name":"PV SERVICE PLUS","url":"https:\/\/pvserviceplus.cz\/","logo":{"@type":"ImageObject","inLanguage":"en-US","@id":"https:\/\/pvserviceplus.cz\/#\/schema\/logo\/image\/","url":"https:\/\/pvserviceplus.cz\/wp-content\/uploads\/2021\/10\/logo.svg","contentUrl":"https:\/\/pvserviceplus.cz\/wp-content\/uploads\/2021\/10\/logo.svg","width":"1024","height":"1024","caption":"PV SERVICE PLUS"},"image":{"@id":"https:\/\/pvserviceplus.cz\/#\/schema\/logo\/image\/"},"sameAs":["https:\/\/www.facebook.com\/PVServicePlussro\/"]}]}},"_links":{"self":[{"href":"https:\/\/pvserviceplus.cz\/en\/wp-json\/wp\/v2\/pages\/3545","targetHints":{"allow":["GET"]}}],"collection":[{"href":"https:\/\/pvserviceplus.cz\/en\/wp-json\/wp\/v2\/pages"}],"about":[{"href":"https:\/\/pvserviceplus.cz\/en\/wp-json\/wp\/v2\/types\/page"}],"author":[{"embeddable":true,"href":"https:\/\/pvserviceplus.cz\/en\/wp-json\/wp\/v2\/users\/1"}],"replies":[{"embeddable":true,"href":"https:\/\/pvserviceplus.cz\/en\/wp-json\/wp\/v2\/comments?post=3545"}],"version-history":[{"count":1,"href":"https:\/\/pvserviceplus.cz\/en\/wp-json\/wp\/v2\/pages\/3545\/revisions"}],"predecessor-version":[{"id":3546,"href":"https:\/\/pvserviceplus.cz\/en\/wp-json\/wp\/v2\/pages\/3545\/revisions\/3546"}],"wp:attachment":[{"href":"https:\/\/pvserviceplus.cz\/en\/wp-json\/wp\/v2\/media?parent=3545"}],"curies":[{"name":"wp","href":"https:\/\/api.w.org\/{rel}","templated":true}]}}