{"id":2236,"date":"2021-10-27T18:23:47","date_gmt":"2021-10-27T16:23:47","guid":{"rendered":"https:\/\/pvserviceplus.cz\/frequently-asked-questions\/"},"modified":"2025-10-06T18:52:40","modified_gmt":"2025-10-06T16:52:40","slug":"frequently-asked-questions","status":"publish","type":"page","link":"https:\/\/pvserviceplus.cz\/en\/frequently-asked-questions\/","title":{"rendered":"Frequently Asked Questions"},"content":{"rendered":"<div id=\"about-us-banner\" class=\"caste-dotazy\" style=\"\">\r\n\r\n<div class=\"content\">\r\n<h1 style=\"\">Frequently Asked Questions<\/h1>\r\n\r\n<p>Here you can find answers to the most common questions. If you don\u2019t find what you\u2019re looking for, write to us \u2014 we\u2019ll be happy to help and explain everything.<\/p>\r\n\r\n\r\n<i class=\"scroll-cue\" aria-label=\"Scroll down\"><\/i>\r\n<\/div>\r\n\r\n\r\n<\/div>\r\n\r\n\r\n\r\n<h1 class=\"page-header\" data-aos=\"fade-in\" data-aos-delay=\"100\" data-aos-offset=\"0\">Frequently Asked Questions<\/h1>\r\n\r\n\r\n<div style=\"\" id=\"faq\" class=\"otazky\" data-aos=\"fade-in\" data-aos-delay=\"600\" data-aos-offset=\"0\">\t\r\n\t\t\r\n\t\r\n\t\r\n\t<div class=\"faq\">\r\n\t\t\t\t<div class=\"q\">  \r\n\t\t\t\t\t<strong>1. WHAT IS THE NEW GREEN SAVINGS?<\/strong>\r\n\t\t\t\t\t\r\n\t\t\t\t\t<span>\r\n\t\t\t\t\t<p><b>New Green Savings is the most effective and longest-lasting subsidy programme for energy savings in family and apartment buildings.<\/b>  The core of the New Green Savings Programme is the reduction of energy consumption of residential buildings, i.e. the renovation and construction of low-energy family and apartment buildings. However, there is an increasing emphasis on the use of renewable energy sources. The basic portfolio of support is complemented by measures aimed at preparing buildings for ongoing climate change and motivating the public to implement energy-saving measures.  \r\n <br><br>\r\n\r\n<\/p>\t\t\t\t\t\r\n\t\t\t\t\t<\/span>\r\n\t\t\t\t<\/div>\r\n\t\t<\/div>\r\n\t\t\r\n\t\t\r\n\t\t\r\n\t\t\r\n\t\t\t<div class=\"faq\">\r\n\t\t\t\t<div class=\"q\">  \r\n\t\t\t\t\t<strong>2. What are the changes in the New Green Savings Programme as of 1. 9. 2023?<\/strong>\r\n\t\t\t\t\t\r\n\t\t\t\t\t<span>\r\n\t\t\t\t\t<p>\r\n\r\n \r\n\r\nAfter a short operational and technical break during the summer holidays, the new Green Savings Scheme will run under almost the same conditions as the current phase. The aim of the changes in the programme is to make subsidies more accessible to other groups of applicants, especially in the area of residential buildings. Applicants from economically and socially vulnerable areas will enjoy a 10% increase in subsidies. The incentive bonus of CZK 10,000 for each combination remains unchanged.  \r\n\r\n <br><br>\r\n\r\n<b>NEW &#8211; REPAIR BABY&#8217;S HOUSE &#8211; UP TO 1.000.000 CZK!<\/b>\r\n<br><br>\r\nAre you planning a more complex reconstruction including the installation of a photovoltaic power plant? In the Repair Grandma&#8217;s House program, subsidies for replacing appliances can only be used in combination with insulation. From 2024 onwards, it will be possible to obtain a favourable loan from building societies in addition to the subsidy.\r\n<br><br>\r\n*The subsidy can be applied to buildings with a building permit application date of 1. 7. 2013.\r\n\r\n <br><br>\r\n\r\n<\/p>\t\t\t\t\t\r\n\t\t\t\t\t<\/span>\r\n\t\t\t\t<\/div>\r\n\t\t<\/div>\r\n\t\t\r\n\t\t\r\n\t\t\r\n\t\t\r\n\t\t\t\t\t<div class=\"faq\">\r\n\t\t\t\t<div class=\"q\">  \r\n\t\t\t\t\t<strong>3. WHO CAN APPLY FOR THE NEW GREEN SAVINGS SUBSIDY?  <\/strong>\r\n\t\t\t\t\t\r\n\t\t\t\t\t<span>\r\n\t\t\t\t\t<p>The New Green Savings state subsidy for the purchase of photovoltaic power plants is intended for all citizens, owners of family and apartment houses from all over the Czech Republic. People who permanently live in holiday homes can also apply if they can prove that they have been using the property for permanent residence for at least two years. Subsidies may be applied for by purchasers of single-family houses or apartment buildings, persons who hold the right to build, and apartment building unit owners&#8217; associations or authorized unit owners. Applicants can be owners of both completed buildings and new buildings under construction. However, for new buildings, the condition for approval of the subsidy is the approval of the building permit, which must be submitted within 9 months of the application for the subsidy.<br><br>\r\nOur proposed PV plants are always implemented in accordance with the conditions of the subsidy call. We will handle the administrative part of the grant application for you.\r\n<br><br>\r\nThe New Green Savings Grant Programme is valid for the period 2021 &#8211; 2025.\r\n\r\n <br><br>\r\n\r\n<\/p>\t\t\t\t\t\r\n\t\t\t\t\t<\/span>\r\n\t\t\t\t<\/div>\r\n\t\t<\/div>\r\n\t\t\r\n\t\t\r\n\t\t<div class=\"faq\">\r\n\t\t\t\t<div class=\"q\">  \r\n\t\t\t\t\t<strong>4. HOW MUCH SUBSIDY CAN I GET FOR FVE?  <\/strong>\r\n\t\t\t\t\t\r\n\t\t\t\t\t<span>\r\n\t\t\t\t\t<p>Basic installation of 2 kWp with standard inverter &#8211; <b>40 000 CZK<\/b><br>\r\nBasic installation of 2 kWp with hybrid inverter &#8211; <b>60 000 CZK<\/b><br>\r\nBasic installation of 2 kWp with efficient use of heat pump &#8211; <b>100 000 CZK<\/b><br>\r\nFor each additional 1 kWp of installed capacity &#8211; <b>CZK 8,000<\/b><br>\r\nFor 1 kWh of electric storage system &#8211; <b>8 000 CZK<\/b><br>\r\n\r\n\r\n <b> + 10 % <\/b> for applicants from economically and socially disadvantaged areas<br>\r\n\r\n+ up to <b>50.000 CZK<\/b> for residents of Hodon\u00edn<br>\r\n\r\n\r\n<\/p>\t\t\t\t\t\r\n\t\t\t\t\t<\/span>\r\n\t\t\t\t<\/div>\r\n\t\t<\/div>\r\n\t\t\r\n\t\t\r\n\t\t\r\n\t\t\t\t<div class=\"faq\">\r\n\t\t\t\t<div class=\"q\">  \r\n\t\t\t\t\t<strong>5. WHEN IS THE DEADLINE FOR RECEIVING APPLICATIONS FOR SUBSIDIES?  <\/strong>\r\n\t\t\t\t\t\r\n\t\t\t\t\t<span>\r\n\t\t\t\t\t<p>Applications can be submitted  <b>until 30. June 2025 until 15:00<\/b>  or until the allocation is exhausted. You must also provide documentation on the implementation of the project by this date.\r\n\r\n\r\n<\/p>\t\t\t\t\t\r\n\t\t\t\t\t<\/span>\r\n\t\t\t\t<\/div>\r\n\t\t<\/div>\r\n\t\t\r\n\t\t\r\n\t\r\n\t\r\n\t\t\t\t<div class=\"faq\">\r\n\t\t\t\t<div class=\"q\">  \r\n\t\t\t\t\t<strong>6. CAN THE PANELS OF THE PV SYSTEM BE LOCATED ON A BUILDING WITH A DIFFERENT NUMBER THAN THE POINT OF CONSUMPTION?\r\n <\/strong>\r\n\t\t\t\t\t\r\n\t\t\t\t\t<span>\r\n\t\t\t\t\t<p>It is possible, but it is necessary to justify why the panels cannot be placed on the applicant&#8217;s building and to document the consent of the owner of the building on which the panels will be placed, for the entire period of sustainability, i.e. 10 years.\r\n\r\n\r\n\r\n<\/p>\t\t\t\t\t\r\n\t\t\t\t\t<\/span>\r\n\t\t\t\t<\/div>\r\n\t\t<\/div>\r\n\t\t\r\n\t\t\r\n\t\t\r\n\t\t\t\r\n\t\t\t\t<div class=\"faq\">\r\n\t\t\t\t<div class=\"q\">  \r\n\t\t\t\t\t<strong>7. IS IT POSSIBLE TO GET SUBSIDIES FOR GROUND-MOUNTED PHOTOVOLTAIC INSTALLATIONS?\r\n\r\n <\/strong>\r\n\t\t\t\t\t\r\n\t\t\t\t\t<span>\r\n\t\t\t\t\t<p>The photovoltaic system must be located on a house, other structure serving a complementary function to the house, or other special structure adapted so as not to restrict the growth of vegetation and its maintenance.\r\n\r\n\r\n\r\n\r\n<\/p>\t\t\t\t\t\r\n\t\t\t\t\t<\/span>\r\n\t\t\t\t<\/div>\r\n\t\t<\/div>\r\n\t\r\n\t\r\n<div class=\"faq\">\r\n\t\t\t\t<div class=\"q\">  \r\n\t\t\t\t<strong>8. Can apartment buildings owned by unit owners&#8217; associations and housing cooperatives apply for subsidies?<\/strong>\r\n<span>\r\n<p>\r\n<b>Who can apply?<\/b><\/p>\r\n<ul>\r\n<li>community of unit owners<\/li>\r\n<li>housing cooperative<\/li>\r\n<\/ul>\r\n\r\n<p>\r\n  Subsidies can be claimed for the installation of a photovoltaic system connected to the internal electricity distribution and distribution system. The energy produced can be used for common areas, residential parts of the house or in the local energy community. The grant can also be used for listed buildings.\r\n <\/p>\r\n <\/span>\r\n\t\t\t\t<\/div>\r\n\t\t<\/div>\r\n \r\n\r\n<div class=\"faq\">\r\n\t\t\t\t<div class=\"q\">  \r\n\t\t\t\t<strong>9. Can public administration, municipalities, contributory organisations also apply for subsidies?<\/strong>\r\n\r\n <span>\r\n\r\n \r\n\r\n<p>Yes, these are subsidies for apartment buildings owned by municipalities, regions, contributory organisations, public administration, schools, foundations&#8230;<\/p>\r\n\r\n \r\n<p>\r\n<b>Who can apply?<\/b><\/p>\r\n<ul>\r\n\t<li>municipalities, voluntary associations<\/li>\r\n\t<li>urban districts, contributory organisations<\/li>\r\n\r\n\t<li>public institutions, schools<\/li>\r\n\r\n\t<li>foundations, institutes, associations<\/li>\r\n<\/ul>\r\n\r\n \r\n\r\n<p>Subsidies can be claimed for the installation of a photovoltaic system connected to the internal electricity distribution and distribution system. The energy produced can be used for common areas, residential parts of the house or in the local energy community. The grant can also be used for listed buildings.\r\n<\/p>\r\n<\/span>\r\n\t\t\t\t<\/div>\r\n\t\t<\/div>\r\n\t\t\r\n\t\r\n\t\r\n\t\t\r\n\t\t<div class=\"faq\">\r\n\t\t\t\t<div class=\"q\">  \r\n\t\t\t\t\t<strong>10. How long does it take to implement a power plant?<\/strong>\r\n\t\t\t\t\t\r\n\t\t\t\t\t<span>\r\n\t\t\t\t\t<p>The overall length of the process is mainly influenced by the administration, which is in the order of several weeks to months. We will, however, keep you updated on what we are working on at all times. The installation of the plant itself is very quick and easy. It ranges roughly from 2 to 5 days in length, always on a pre-agreed date.<\/p>\t\t\t\t\t\r\n\t\t\t\t\t<\/span>\r\n\t\t\t\t<\/div>\r\n\t\t<\/div>\r\n\t\t\r\n\t\t\r\n\t\t\r\n\t\t\r\n\r\n\r\n\r\n\t\t<div class=\"faq\">\r\n\t\t\t\t<div class=\"q\">  \r\n\t\t\t\t\t<strong>11. What is the lifetime of the panels? How long will the plant produce for me?<\/strong>\r\n\t\t\t\t\t\r\n\t\t\t\t\t<span>\r\n\t\t\t\t\t<p>The photovoltaic panels supplied by us are guaranteed for 25 years and should not fall below 80% efficiency. But the PV panel itself lasts much longer. The lifetime of the plant is around 30 years.<\/p>\t\t\t\t\t\r\n\t\t\t\t\t<\/span>\r\n\t\t\t\t<\/div>\r\n\t\t<\/div>\r\n\t\t\r\n\t\t\r\n\t\t\r\n\t\t<div class=\"faq\">\r\n\t\t\t\t<div class=\"q\">  \r\n\t\t\t\t\t<strong>12. Are the panels resistant to adverse conditions?<\/strong>\r\n\t\t\t\t\t\r\n\t\t\t\t\t<span>\r\n\t\t\t\t\t<p>Of course, photovoltaic panels are manufactured and tested to withstand harsh natural conditions such as hail. PV panels are thus equipped with special tempered glass. However, it is possible to insure not only the damage to the panels but also other risks associated with the operation of the photovoltaic power plant. These are e.g. damage caused by windstorm, fire, lightning, theft, etc.\r\n<\/p>\t\t\t\t\t\r\n\t\t\t\t\t<\/span>\r\n\t\t\t\t<\/div>\r\n\t\t<\/div>\r\n\t\t\r\n\t\t\r\n\t\t<div class=\"faq\">\r\n\t\t\t\t<div class=\"q\">  \r\n\t\t\t\t\t<strong>13. Do the panels need to be maintained?<\/strong>\r\n\t\t\t\t\t\r\n\t\t\t\t\t<span>\r\n\t\t\t\t\t<p>\r\n\r\nPhotovoltaic panels are naturally washed by rain, so there is no need for special cleaning. With long-term dustiness, production losses are only minimal. Similarly, in winter, the snow will not stay on the panels for very long in most cases because the surface is smooth and the snow will slide off easily. However, if the panels are installed flat, then they lose their self-cleaning ability and need to be maintained as needed.\r\n<\/p>\t\t\t\t\t\r\n\t\t\t\t\t<\/span>\r\n\t\t\t\t<\/div>\r\n\t\t<\/div>\r\n\t\t\r\n\t\t\r\n\t\t<div class=\"faq\">\r\n\t\t\t\t<div class=\"q\">  \r\n\t\t\t\t\t<strong>14. Is it safe to install panels on the roof?<\/strong>\r\n\t\t\t\t\t\r\n\t\t\t\t\t<span>\r\n\t\t\t\t\t<p>\r\n\r\nToday, a photovoltaic power plant can be safely installed on all types of roofing. It is also possible to install the panels on both pitched and flat roofs. Depending on the type of roof or roofing material, a special fixing system is selected. Most often, the panels on a pitched roof are anchored into the roof beams.\r\n<\/p>\t\t\t\t\t\r\n\t\t\t\t\t<\/span>\r\n\t\t\t\t<\/div>\r\n\t\t<\/div>\r\n\t\t\r\n\t\t\r\n\t\t\t<div class=\"faq\">\r\n\t\t\t\t<div class=\"q\">  \r\n\t\t\t\t\t<strong>15. How is the optimum power plant output selected? How does the orientation of the roof affect it?<\/strong>\r\n\t\t\t\t\t\r\n\t\t\t\t\t<span>\r\n\t\t\t\t\t<p>\r\n\r\nSeveral factors influence the selection of the appropriate PV plant capacity. Most important are the technical possibilities of the roof and the amount of energy consumption in the home. The ideal orientation of the roof is of course to the south, but even with a slight deviation to the east or west, the power loss is minimal. For higher household energy consumption, it is then advisable to use the energy storage in batteries with a lifetime of more than 6,000 charges.\r\n<\/p>\t\t\t\t\t\r\n\t\t\t\t\t<\/span>\r\n\t\t\t\t<\/div>\r\n\t\t<\/div>\r\n\t\t\r\n\t\t\r\n\t\t\r\n\t\t\r\n\t\t\r\n\t\t\t<div class=\"faq\">\r\n\t\t\t\t<div class=\"q\">  \r\n\t\t\t\t\t<strong>\r\n\r\n16. What happens to the power plant when the grid goes down?<\/strong>\r\n\t\t\t\t\t\r\n\t\t\t\t\t<span>\r\n\t\t\t\t\t<p>\r\n\r\nThe photovoltaic plant accumulates the energy produced either for heating hot water or to store the excess energy in batteries. If the power plant is running and its energy is being used, then both systems are independent of the electricity from the grid and work even if the grid is down. With a system that uses batteries, it is possible to operate even if the mains power fails for a period of time before you run out of battery power.\r\n<\/p>\t\t\t\t\t\r\n\t\t\t\t\t<\/span>\r\n\t\t\t\t<\/div>\r\n\t\t<\/div>\r\n\r\n\r\n\t\t\r\n\t\t\r\n\t\t\r\n\t\t\t<div class=\"faq\">\r\n\t\t\t\t<div class=\"q\">  \r\n\t\t\t\t\t<strong>17. Do I need to replace the existing boiler when I accumulate anergies in the water?<\/strong>\r\n\t\t\t\t\t\r\n\t\t\t\t\t<span>\r\n\t\t\t\t\t<p>\r\n\r\n\r\nWhen installing a PV plant with energy storage in water, the existing hot water storage tank does not need to be changed in the vast majority of cases. However, it should be an electric or combination boiler.\r\n\r\nThe volume of the boiler is also important. According to the conditions of the New Green Savings subsidy, the water volume per installed 1 kWp must be 80 l. The volume of the boiler must be greater than 125 l.  <\/p>\t\t\t\t\t\r\n\t\t\t\t\t<\/span>\r\n\t\t\t\t<\/div>\r\n\t\t<\/div>\r\n\r\n\r\n\r\n\r\n\r\n\r\n\t<div class=\"faq\">\r\n\t\t\t\t<div class=\"q\">  \r\n\t\t\t\t\t<strong>\r\n\r\n18. What is a hybrid photovoltaic power plant?<\/strong>\r\n\t\t\t\t\t\r\n\t\t\t\t\t<span>\r\n\t\t\t\t\t<p>\r\n\r\n\r\nThe hybrid photovoltaic system uses the aforementioned energy storage in batteries. It is thus made up of photovoltaic panels and an inverter that converts the electricity produced into electricity suitable for consumption. And unused energy is stored in battery storage containing high-end gel batteries that last up to 6,000 charges.\r\n\r\nIn the implementation of PV plants we mostly use three-phase hybrid voltage inverters of GoodWe brand and powerful high-voltage, modular batteries Pylontech, with which we have the best experience.\r\n<\/p>\t\t\t\t\t\r\n\t\t\t\t\t<\/span>\r\n\t\t\t\t<\/div>\r\n\t\t<\/div>\r\n\t\t\r\n\r\n\r\n\r\n\r\n\r\n\r\n\r\n<div class=\"faq\">\r\n\t\t\t\t<div class=\"q\">  \r\n\t\t\t\t\t<strong>19. What is the difference between a photovoltaic power plant and solar panels?<\/strong>\r\n\t\t\t\t\t\r\n\t\t\t\t\t<span>\r\n\t\t\t\t\t<p>A photovoltaic power plant produces electricity from sunlight falling on two panels\r\nlocated on the roof of the building.<br><br>\r\nSolar panels do not produce electricity, they are only used to heat water.<\/p>\t\t\t\t\t\r\n\t\t\t\t\t<\/span>\r\n\t\t\t\t<\/div>\r\n\t\t<\/div>\r\n\t\t\r\n\t\t\r\n\t\t\t<div class=\"faq\">\r\n\t\t\t\t<div class=\"q\">  \r\n\t\t\t\t\t<strong>20. What is the purpose of photovoltaics?<\/strong>\r\n\t\t\t\t\t\r\n\t\t\t\t\t<span>\r\n\t\t\t\t\t<p>Photovoltaics is a system of rooftop panels that produce electricity using sunlight\r\nenergy. The energy produced either acts immediately as a resource for the functioning of the household or is\r\nstored in a battery and used later when the sun is not shining.<\/p>\t\t\t\t\t\r\n\t\t\t\t\t<\/span>\r\n\t\t\t\t<\/div>\r\n\t\t<\/div>\r\n\t\t\r\n\t\t\r\n\t\t\r\n\t\t\t<div class=\"faq\">\r\n\t\t\t\t<div class=\"q\">  \r\n\t\t\t\t\t<strong>21. What does turnkey photovoltaics mean?<\/strong>\r\n\t\t\t\t\t\r\n\t\t\t\t\t<span>\r\n\t\t\t\t\t<p>Turnkey photovoltaics is the complete security of the entire system from the material itself\r\nand components to assembly and its function.<\/p>\t\t\t\t\t\r\n\t\t\t\t\t<\/span>\r\n\t\t\t\t<\/div>\r\n\t\t<\/div>\r\n\t\t\r\n\t\t\r\n\t\t\t<div class=\"faq\">\r\n\t\t\t\t<div class=\"q\">  \r\n\t\t\t\t\t<strong>22. How do photovoltaic panels work?<\/strong>\r\n\t\t\t\t\t\r\n\t\t\t\t\t<span>\r\n\t\t\t\t\t<p>They produce direct current depending on the intensity and angle of illumination &#8211; solar radiation.<\/p>\t\t\t\t\t\r\n\t\t\t\t\t<\/span>\r\n\t\t\t\t<\/div>\r\n\t\t<\/div>\r\n\t\t\r\n\t\t\r\n\t\t\r\n\t\t\t<div class=\"faq\">\r\n\t\t\t\t<div class=\"q\">  \r\n\t\t\t\t\t<strong>23. What do I need, what parameters, to determine the price for turnkey photovoltaics?<\/strong>\r\n\t\t\t\t\t\r\n\t\t\t\t\t<span>\r\n\t\t\t\t\t<p>For a quotation, the size of the installation, the choice of network or hybrid\r\ninverters, type and size of battery storage, roof type and distribution area.<br><br>\r\nWe will be happy to provide you with the most suitable solution after you submit a more detailed questionnaire: click\r\nto the questionnaire.<\/p>\t\t\t\t\t\r\n\t\t\t\t\t<\/span>\r\n\t\t\t\t<\/div>\r\n\t\t<\/div>\r\n\r\n\r\n\r\n\r\n\r\n\r\n\r\n\t\t\r\n<\/div>\r\n\r\n<br><br><br>\r\n\r\n<a class=\"zeleneusporam\" target=\"_blank\" href=\"https:\/\/novazelenausporam.cz\/caste-dotazy\/\" rel=\"noopener\">novazelenausporam.cz\/caste-questions\/<\/a>","protected":false},"excerpt":{"rendered":"Frequently Asked Questions Here you can find answers to the most common questions. If you don\u2019t find what you\u2019re looking for, write to us \u2014 we\u2019ll be happy to help and explain everything. Frequently Asked Questions 1. WHAT IS THE NEW GREEN SAVINGS? New Green Savings is the most effective and longest-lasting subsidy programme for&hellip; <a class=\"more-link\" href=\"https:\/\/pvserviceplus.cz\/en\/frequently-asked-questions\/\">Continue reading <span class=\"screen-reader-text\">Frequently Asked Questions<\/span><\/a>","protected":false},"author":1,"featured_media":0,"parent":0,"menu_order":0,"comment_status":"closed","ping_status":"closed","template":"","meta":{"inline_featured_image":false,"footnotes":""},"class_list":["post-2236","page","type-page","status-publish","hentry","entry"],"yoast_head":"<!-- This site is optimized with the Yoast SEO plugin v19.12 - https:\/\/yoast.com\/wordpress\/plugins\/seo\/ -->\n<title>Frequently Asked Questions | PV SERVICE PLUS<\/title>\n<meta name=\"description\" content=\"Frequently asked questions and our answers to questions about solar panels and photovoltaic power plants for homes and businesses.\" \/>\n<meta name=\"robots\" content=\"index, follow, max-snippet:-1, max-image-preview:large, max-video-preview:-1\" \/>\n<link rel=\"canonical\" href=\"https:\/\/pvserviceplus.cz\/en\/frequently-asked-questions\/\" \/>\n<meta property=\"og:locale\" content=\"en_US\" \/>\n<meta property=\"og:type\" content=\"article\" \/>\n<meta property=\"og:title\" content=\"Frequently Asked Questions | PV SERVICE PLUS\" \/>\n<meta property=\"og:description\" content=\"Frequently asked questions and our answers to questions about solar panels and photovoltaic power plants for homes and businesses.\" \/>\n<meta property=\"og:url\" content=\"https:\/\/pvserviceplus.cz\/en\/frequently-asked-questions\/\" \/>\n<meta property=\"og:site_name\" content=\"PV SERVICE PLUS\" \/>\n<meta property=\"article:publisher\" content=\"https:\/\/www.facebook.com\/PVServicePlussro\/\" \/>\n<meta property=\"article:modified_time\" content=\"2025-10-06T16:52:40+00:00\" \/>\n<meta name=\"twitter:card\" content=\"summary_large_image\" \/>\n<meta name=\"twitter:label1\" content=\"Est. reading time\" \/>\n\t<meta name=\"twitter:data1\" content=\"8 minutes\" \/>\n<script type=\"application\/ld+json\" class=\"yoast-schema-graph\">{\"@context\":\"https:\/\/schema.org\",\"@graph\":[{\"@type\":\"WebPage\",\"@id\":\"https:\/\/pvserviceplus.cz\/en\/frequently-asked-questions\/\",\"url\":\"https:\/\/pvserviceplus.cz\/en\/frequently-asked-questions\/\",\"name\":\"Frequently Asked Questions | PV SERVICE PLUS\",\"isPartOf\":{\"@id\":\"https:\/\/pvserviceplus.cz\/#website\"},\"datePublished\":\"2021-10-27T16:23:47+00:00\",\"dateModified\":\"2025-10-06T16:52:40+00:00\",\"description\":\"Frequently asked questions and our answers to questions about solar panels and photovoltaic power plants for homes and businesses.\",\"breadcrumb\":{\"@id\":\"https:\/\/pvserviceplus.cz\/en\/frequently-asked-questions\/#breadcrumb\"},\"inLanguage\":\"en-US\",\"potentialAction\":[{\"@type\":\"ReadAction\",\"target\":[\"https:\/\/pvserviceplus.cz\/en\/frequently-asked-questions\/\"]}]},{\"@type\":\"BreadcrumbList\",\"@id\":\"https:\/\/pvserviceplus.cz\/en\/frequently-asked-questions\/#breadcrumb\",\"itemListElement\":[{\"@type\":\"ListItem\",\"position\":1,\"name\":\"Dom\u016f\",\"item\":\"https:\/\/pvserviceplus.cz\/\"},{\"@type\":\"ListItem\",\"position\":2,\"name\":\"Frequently Asked Questions\"}]},{\"@type\":\"WebSite\",\"@id\":\"https:\/\/pvserviceplus.cz\/#website\",\"url\":\"https:\/\/pvserviceplus.cz\/\",\"name\":\"PV SERVICE PLUS\",\"description\":\"Stav\u00edme fotovoltaick\u00e9 elektr\u00e1rny na kl\u00ed\u010d pro dom\u00e1cnosti i pro firmy\",\"publisher\":{\"@id\":\"https:\/\/pvserviceplus.cz\/#organization\"},\"potentialAction\":[{\"@type\":\"SearchAction\",\"target\":{\"@type\":\"EntryPoint\",\"urlTemplate\":\"https:\/\/pvserviceplus.cz\/?s={search_term_string}\"},\"query-input\":\"required name=search_term_string\"}],\"inLanguage\":\"en-US\"},{\"@type\":\"Organization\",\"@id\":\"https:\/\/pvserviceplus.cz\/#organization\",\"name\":\"PV SERVICE PLUS\",\"url\":\"https:\/\/pvserviceplus.cz\/\",\"logo\":{\"@type\":\"ImageObject\",\"inLanguage\":\"en-US\",\"@id\":\"https:\/\/pvserviceplus.cz\/#\/schema\/logo\/image\/\",\"url\":\"https:\/\/pvserviceplus.cz\/wp-content\/uploads\/2021\/10\/logo.svg\",\"contentUrl\":\"https:\/\/pvserviceplus.cz\/wp-content\/uploads\/2021\/10\/logo.svg\",\"width\":\"1024\",\"height\":\"1024\",\"caption\":\"PV SERVICE PLUS\"},\"image\":{\"@id\":\"https:\/\/pvserviceplus.cz\/#\/schema\/logo\/image\/\"},\"sameAs\":[\"https:\/\/www.facebook.com\/PVServicePlussro\/\"]}]}<\/script>\n<!-- \/ Yoast SEO plugin. -->","yoast_head_json":{"title":"Frequently Asked Questions | PV SERVICE PLUS","description":"Frequently asked questions and our answers to questions about solar panels and photovoltaic power plants for homes and businesses.","robots":{"index":"index","follow":"follow","max-snippet":"max-snippet:-1","max-image-preview":"max-image-preview:large","max-video-preview":"max-video-preview:-1"},"canonical":"https:\/\/pvserviceplus.cz\/en\/frequently-asked-questions\/","og_locale":"en_US","og_type":"article","og_title":"Frequently Asked Questions | PV SERVICE PLUS","og_description":"Frequently asked questions and our answers to questions about solar panels and photovoltaic power plants for homes and businesses.","og_url":"https:\/\/pvserviceplus.cz\/en\/frequently-asked-questions\/","og_site_name":"PV SERVICE PLUS","article_publisher":"https:\/\/www.facebook.com\/PVServicePlussro\/","article_modified_time":"2025-10-06T16:52:40+00:00","twitter_card":"summary_large_image","twitter_misc":{"Est. reading time":"8 minutes"},"schema":{"@context":"https:\/\/schema.org","@graph":[{"@type":"WebPage","@id":"https:\/\/pvserviceplus.cz\/en\/frequently-asked-questions\/","url":"https:\/\/pvserviceplus.cz\/en\/frequently-asked-questions\/","name":"Frequently Asked Questions | PV SERVICE PLUS","isPartOf":{"@id":"https:\/\/pvserviceplus.cz\/#website"},"datePublished":"2021-10-27T16:23:47+00:00","dateModified":"2025-10-06T16:52:40+00:00","description":"Frequently asked questions and our answers to questions about solar panels and photovoltaic power plants for homes and businesses.","breadcrumb":{"@id":"https:\/\/pvserviceplus.cz\/en\/frequently-asked-questions\/#breadcrumb"},"inLanguage":"en-US","potentialAction":[{"@type":"ReadAction","target":["https:\/\/pvserviceplus.cz\/en\/frequently-asked-questions\/"]}]},{"@type":"BreadcrumbList","@id":"https:\/\/pvserviceplus.cz\/en\/frequently-asked-questions\/#breadcrumb","itemListElement":[{"@type":"ListItem","position":1,"name":"Dom\u016f","item":"https:\/\/pvserviceplus.cz\/"},{"@type":"ListItem","position":2,"name":"Frequently Asked Questions"}]},{"@type":"WebSite","@id":"https:\/\/pvserviceplus.cz\/#website","url":"https:\/\/pvserviceplus.cz\/","name":"PV SERVICE PLUS","description":"Stav\u00edme fotovoltaick\u00e9 elektr\u00e1rny na kl\u00ed\u010d pro dom\u00e1cnosti i pro firmy","publisher":{"@id":"https:\/\/pvserviceplus.cz\/#organization"},"potentialAction":[{"@type":"SearchAction","target":{"@type":"EntryPoint","urlTemplate":"https:\/\/pvserviceplus.cz\/?s={search_term_string}"},"query-input":"required name=search_term_string"}],"inLanguage":"en-US"},{"@type":"Organization","@id":"https:\/\/pvserviceplus.cz\/#organization","name":"PV SERVICE PLUS","url":"https:\/\/pvserviceplus.cz\/","logo":{"@type":"ImageObject","inLanguage":"en-US","@id":"https:\/\/pvserviceplus.cz\/#\/schema\/logo\/image\/","url":"https:\/\/pvserviceplus.cz\/wp-content\/uploads\/2021\/10\/logo.svg","contentUrl":"https:\/\/pvserviceplus.cz\/wp-content\/uploads\/2021\/10\/logo.svg","width":"1024","height":"1024","caption":"PV SERVICE PLUS"},"image":{"@id":"https:\/\/pvserviceplus.cz\/#\/schema\/logo\/image\/"},"sameAs":["https:\/\/www.facebook.com\/PVServicePlussro\/"]}]}},"_links":{"self":[{"href":"https:\/\/pvserviceplus.cz\/en\/wp-json\/wp\/v2\/pages\/2236","targetHints":{"allow":["GET"]}}],"collection":[{"href":"https:\/\/pvserviceplus.cz\/en\/wp-json\/wp\/v2\/pages"}],"about":[{"href":"https:\/\/pvserviceplus.cz\/en\/wp-json\/wp\/v2\/types\/page"}],"author":[{"embeddable":true,"href":"https:\/\/pvserviceplus.cz\/en\/wp-json\/wp\/v2\/users\/1"}],"replies":[{"embeddable":true,"href":"https:\/\/pvserviceplus.cz\/en\/wp-json\/wp\/v2\/comments?post=2236"}],"version-history":[{"count":1,"href":"https:\/\/pvserviceplus.cz\/en\/wp-json\/wp\/v2\/pages\/2236\/revisions"}],"predecessor-version":[{"id":3273,"href":"https:\/\/pvserviceplus.cz\/en\/wp-json\/wp\/v2\/pages\/2236\/revisions\/3273"}],"wp:attachment":[{"href":"https:\/\/pvserviceplus.cz\/en\/wp-json\/wp\/v2\/media?parent=2236"}],"curies":[{"name":"wp","href":"https:\/\/api.w.org\/{rel}","templated":true}]}}