{"id":2215,"date":"2023-09-13T11:24:38","date_gmt":"2023-09-13T09:24:38","guid":{"rendered":"https:\/\/pvserviceplus.cz\/photovoltaics-for-local-governments\/"},"modified":"2025-10-06T18:42:18","modified_gmt":"2025-10-06T16:42:18","slug":"photovoltaics-for-local-governments","status":"publish","type":"page","link":"https:\/\/pvserviceplus.cz\/en\/photovoltaics-for-local-governments\/","title":{"rendered":"PHOTOVOLTAICS FOR LOCAL GOVERNMENTS"},"content":{"rendered":"<style>.entry-header {display:none}<\/style>\r\n<div id=\"about-us-banner\" class=\"samospravy\" style=\"\">\r\n\r\n<div class=\"content\">\r\n<h1 style=\"\">PHOTOVOLTAICS FOR LOCAL GOVERNMENTS<\/h1>\r\n\r\n<p>\r\nReduce electricity costs on municipal buildings while reducing dependence on electricity suppliers. The money you save can then be used to further develop your village or town.<\/p>\r\n<i class=\"scroll-cue\" aria-label=\"Scroll down\"><\/i>\r\n<\/div>\r\n\r\n\r\n<\/div>\r\n<div id=\"modul\"><h2>Photovoltaic power plants are an ideal solution for reducing energy costs.  <\/h2>\r\n\r\n\r\n\r\nWhen municipalities and towns install photovoltaic panels, they reduce their electricity costs on municipal buildings while reducing their dependence on electricity suppliers. The money you save can then be used to further develop your village or town.\r\n\r\n<h2>Why choose photovoltaics for your city or municipality?<\/h2>\r\n\r\n<ul class=\"big\">\r\n\r\n<li>reduction of energy costs<\/li>\r\n\r\n<li>promoting sustainability and environmental protection<\/li>\r\n\r\n\t<li>  funding and subsidy opportunities<\/li>\r\n\r\n\t<li>  degree of independence<\/li>\r\n\r\n<\/ul>\r\n\r\n\r\n\r\n<b class=\"orange\">We offer you a customized and turnkey photovoltaic system for your community. We can handle any roof.\r\nWith our help and the grant, the municipality will save considerable energy costs. Simple and hassle-free.\r\nAre you interested in PV for your village?<\/b>\r\n\r\n<ul class=\"big\">\r\n\r\n\t<li>Small municipalities (up to 3000 inhabitants) &#8211; up to 75% subsidy<\/li>\r\n\r\n\t<li>Larger municipalities (over 3000 inhabitants) &#8211; 40-60 % subsidy<\/li>\r\n\r\n<\/ul>\r\n<small>*Applications will be accepted from 17.8.2022 until 29. 9. 2023 and the implementation of the projects must be completed no later than three years after the signing of the Decision of the Minister of the Environment.<\/small>\r\n\r\n<\/div>\r\n\r\n\r\n<div id=\"kontakt-formular\">\r\n<strong>Need more information?<\/strong>\r\nContact us.\r\n<div id=\"popup\" class=\"embed\">\r\n\t<div id=\"objednat\" data-aos=\"fade-up\" data-aos-delay=\"100\" data-aos-offset=\"0\">\r\n\t<h2 id=\"kontaktujte-nas\">\r\n\t<\/h2>\r\n\t\r\n\t\t\n<div class=\"wpcf7 no-js\" id=\"wpcf7-f2610-o1\" lang=\"en-US\" dir=\"ltr\">\n<div class=\"screen-reader-response\"><p role=\"status\" aria-live=\"polite\" aria-atomic=\"true\"><\/p> <ul><\/ul><\/div>\n<form action=\"\/en\/wp-json\/wp\/v2\/pages\/2215#wpcf7-f2610-o1\" method=\"post\" class=\"wpcf7-form init wpcf7-acceptance-as-validation\" aria-label=\"Contact form\" novalidate=\"novalidate\" data-status=\"init\">\n<div style=\"display: none;\">\n<input type=\"hidden\" name=\"_wpcf7\" value=\"2610\" \/>\n<input type=\"hidden\" name=\"_wpcf7_version\" value=\"5.7.3\" \/>\n<input type=\"hidden\" name=\"_wpcf7_locale\" value=\"en_US\" \/>\n<input type=\"hidden\" name=\"_wpcf7_unit_tag\" value=\"wpcf7-f2610-o1\" \/>\n<input type=\"hidden\" name=\"_wpcf7_container_post\" value=\"0\" \/>\n<input type=\"hidden\" name=\"_wpcf7_posted_data_hash\" value=\"\" \/>\n<input type=\"hidden\" name=\"_wpcf7cf_hidden_group_fields\" value=\"[]\" \/>\n<input type=\"hidden\" name=\"_wpcf7cf_hidden_groups\" value=\"[]\" \/>\n<input type=\"hidden\" name=\"_wpcf7cf_visible_groups\" value=\"[]\" \/>\n<input type=\"hidden\" name=\"_wpcf7cf_repeaters\" value=\"[]\" \/>\n<input type=\"hidden\" name=\"_wpcf7cf_steps\" value=\"{}\" \/>\n<input type=\"hidden\" name=\"_wpcf7cf_options\" value=\"{&quot;form_id&quot;:2610,&quot;conditions&quot;:[],&quot;settings&quot;:{&quot;animation&quot;:&quot;yes&quot;,&quot;animation_intime&quot;:200,&quot;animation_outtime&quot;:200,&quot;conditions_ui&quot;:&quot;normal&quot;,&quot;notice_dismissed&quot;:false}}\" \/>\n<input type=\"hidden\" name=\"_wpcf7_recaptcha_response\" value=\"\" \/>\n<\/div>\n<p><label> Your name <span class=\"wpcf7-form-control-wrap\" data-name=\"your-name\"><input size=\"40\" class=\"wpcf7-form-control wpcf7-text wpcf7-validates-as-required\" aria-required=\"true\" aria-invalid=\"false\" value=\"\" type=\"text\" name=\"your-name\" \/><\/span> <\/label>\n<\/p>\n<p><label> Your email <span class=\"wpcf7-form-control-wrap\" data-name=\"your-email\"><input size=\"40\" class=\"wpcf7-form-control wpcf7-text wpcf7-email wpcf7-validates-as-required wpcf7-validates-as-email\" aria-required=\"true\" aria-invalid=\"false\" value=\"\" type=\"email\" name=\"your-email\" \/><\/span> <\/label><br \/>\n<label> Your phone number <span class=\"wpcf7-form-control-wrap\" data-name=\"tel-491\"><input size=\"40\" class=\"wpcf7-form-control wpcf7-text wpcf7-tel wpcf7-validates-as-required wpcf7-validates-as-tel\" aria-required=\"true\" aria-invalid=\"false\" value=\"\" type=\"tel\" name=\"tel-491\" \/><\/span> <\/label>\n<\/p>\n<p><label> Your message (optional) <span class=\"wpcf7-form-control-wrap\" data-name=\"your-message\"><textarea cols=\"40\" rows=\"10\" class=\"wpcf7-form-control wpcf7-textarea\" aria-invalid=\"false\" name=\"your-message\"><\/textarea><\/span> <\/label>\n<\/p>\n<p><span class=\"wpcf7-form-control-wrap\" data-name=\"acceptance-GDPR-ucely\"><span class=\"wpcf7-form-control wpcf7-acceptance\"><span class=\"wpcf7-list-item\"><label><input type=\"checkbox\" name=\"acceptance-GDPR-ucely\" value=\"1\" aria-invalid=\"false\" \/><span class=\"wpcf7-list-item-label\">We process your personal data for the purpose of processing your request.\nBy submitting the form you confirm that you have read and understood the <a href=\"\">Privacy Policy<\/a><\/span><\/label><\/span><\/span><\/span>\n<\/p>\n<p><span class=\"wpcf7-form-control-wrap\" data-name=\"acceptance-marketingove-ucely\"><span class=\"wpcf7-form-control wpcf7-acceptance optional\"><span class=\"wpcf7-list-item\"><label><input type=\"checkbox\" name=\"acceptance-marketingove-ucely\" value=\"1\" aria-invalid=\"false\" \/><span class=\"wpcf7-list-item-label\">Consent to the processing of personal data for marketing purposes.\nConsent is required if you wish to receive all customer information, offers and benefits.\nTo avoid missing out on many of these, we recommend you confirm your consent.\nIf you later consider otherwise, you can withdraw your consent at any time. <a href=\"\">Read more here<\/a>.<\/span><\/label><\/span><\/span><\/span>\n<\/p>\n<p><input class=\"wpcf7-form-control has-spinner wpcf7-submit\" type=\"submit\" value=\"Send to\" \/>\n<\/p><div class=\"wpcf7-response-output\" aria-hidden=\"true\"><\/div>\n<\/form>\n<\/div>\n\r\n\t\t\r\n\t\t<p class=\"uf\">fill in the form or call us on <a href=\"tel:+420 720 777 666\">+420 720 777 666<\/a><\/p>\r\n\t\t\r\n\t<\/div>\r\n<\/div>\r\n<\/div>\r\n","protected":false},"excerpt":{"rendered":"PHOTOVOLTAICS FOR LOCAL GOVERNMENTS Reduce electricity costs on municipal buildings while reducing dependence on electricity suppliers. The money you save can then be used to further develop your village or town. Photovoltaic power plants are an ideal solution for reducing energy costs. When municipalities and towns install photovoltaic panels, they reduce their electricity costs on&hellip; <a class=\"more-link\" href=\"https:\/\/pvserviceplus.cz\/en\/photovoltaics-for-local-governments\/\">Continue reading <span class=\"screen-reader-text\">PHOTOVOLTAICS FOR LOCAL GOVERNMENTS<\/span><\/a>","protected":false},"author":1,"featured_media":2216,"parent":0,"menu_order":0,"comment_status":"closed","ping_status":"closed","template":"","meta":{"inline_featured_image":false,"footnotes":""},"class_list":["post-2215","page","type-page","status-publish","has-post-thumbnail","hentry","entry"],"yoast_head":"<!-- This site is optimized with the Yoast SEO plugin v19.12 - https:\/\/yoast.com\/wordpress\/plugins\/seo\/ -->\n<title>PHOTOVOLTAICS FOR LOCAL GOVERNMENTS | PV SERVICE PLUS<\/title>\n<meta name=\"robots\" content=\"index, follow, max-snippet:-1, max-image-preview:large, max-video-preview:-1\" \/>\n<link rel=\"canonical\" href=\"https:\/\/pvserviceplus.cz\/en\/photovoltaics-for-local-governments\/\" \/>\n<meta property=\"og:locale\" content=\"en_US\" \/>\n<meta property=\"og:type\" content=\"article\" \/>\n<meta property=\"og:title\" content=\"PHOTOVOLTAICS FOR LOCAL GOVERNMENTS | PV SERVICE PLUS\" \/>\n<meta property=\"og:description\" content=\"PHOTOVOLTAICS FOR LOCAL GOVERNMENTS Reduce electricity costs on municipal buildings while reducing dependence on electricity suppliers. The money you save can then be used to further develop your village or town. Photovoltaic power plants are an ideal solution for reducing energy costs. When municipalities and towns install photovoltaic panels, they reduce their electricity costs on&hellip; Continue reading PHOTOVOLTAICS FOR LOCAL GOVERNMENTS\" \/>\n<meta property=\"og:url\" content=\"https:\/\/pvserviceplus.cz\/en\/photovoltaics-for-local-governments\/\" \/>\n<meta property=\"og:site_name\" content=\"PV SERVICE PLUS\" \/>\n<meta property=\"article:publisher\" content=\"https:\/\/www.facebook.com\/PVServicePlussro\/\" \/>\n<meta property=\"article:modified_time\" content=\"2025-10-06T16:42:18+00:00\" \/>\n<meta property=\"og:image\" content=\"https:\/\/pvserviceplus.cz\/wp-content\/uploads\/2023\/08\/samospravy-fotovoltika-pvsplus-1.jpg\" \/>\n\t<meta property=\"og:image:width\" content=\"1700\" \/>\n\t<meta property=\"og:image:height\" content=\"1260\" \/>\n\t<meta property=\"og:image:type\" content=\"image\/jpeg\" \/>\n<meta name=\"twitter:card\" content=\"summary_large_image\" \/>\n<meta name=\"twitter:label1\" content=\"Est. reading time\" \/>\n\t<meta name=\"twitter:data1\" content=\"1 minute\" \/>\n<script type=\"application\/ld+json\" class=\"yoast-schema-graph\">{\"@context\":\"https:\/\/schema.org\",\"@graph\":[{\"@type\":\"WebPage\",\"@id\":\"https:\/\/pvserviceplus.cz\/en\/photovoltaics-for-local-governments\/\",\"url\":\"https:\/\/pvserviceplus.cz\/en\/photovoltaics-for-local-governments\/\",\"name\":\"PHOTOVOLTAICS FOR LOCAL GOVERNMENTS | PV SERVICE PLUS\",\"isPartOf\":{\"@id\":\"https:\/\/pvserviceplus.cz\/#website\"},\"datePublished\":\"2023-09-13T09:24:38+00:00\",\"dateModified\":\"2025-10-06T16:42:18+00:00\",\"breadcrumb\":{\"@id\":\"https:\/\/pvserviceplus.cz\/en\/photovoltaics-for-local-governments\/#breadcrumb\"},\"inLanguage\":\"en-US\",\"potentialAction\":[{\"@type\":\"ReadAction\",\"target\":[\"https:\/\/pvserviceplus.cz\/en\/photovoltaics-for-local-governments\/\"]}]},{\"@type\":\"BreadcrumbList\",\"@id\":\"https:\/\/pvserviceplus.cz\/en\/photovoltaics-for-local-governments\/#breadcrumb\",\"itemListElement\":[{\"@type\":\"ListItem\",\"position\":1,\"name\":\"Dom\u016f\",\"item\":\"https:\/\/pvserviceplus.cz\/\"},{\"@type\":\"ListItem\",\"position\":2,\"name\":\"PHOTOVOLTAICS FOR LOCAL GOVERNMENTS\"}]},{\"@type\":\"WebSite\",\"@id\":\"https:\/\/pvserviceplus.cz\/#website\",\"url\":\"https:\/\/pvserviceplus.cz\/\",\"name\":\"PV SERVICE PLUS\",\"description\":\"Stav\u00edme fotovoltaick\u00e9 elektr\u00e1rny na kl\u00ed\u010d pro dom\u00e1cnosti i pro firmy\",\"publisher\":{\"@id\":\"https:\/\/pvserviceplus.cz\/#organization\"},\"potentialAction\":[{\"@type\":\"SearchAction\",\"target\":{\"@type\":\"EntryPoint\",\"urlTemplate\":\"https:\/\/pvserviceplus.cz\/?s={search_term_string}\"},\"query-input\":\"required name=search_term_string\"}],\"inLanguage\":\"en-US\"},{\"@type\":\"Organization\",\"@id\":\"https:\/\/pvserviceplus.cz\/#organization\",\"name\":\"PV SERVICE PLUS\",\"url\":\"https:\/\/pvserviceplus.cz\/\",\"logo\":{\"@type\":\"ImageObject\",\"inLanguage\":\"en-US\",\"@id\":\"https:\/\/pvserviceplus.cz\/#\/schema\/logo\/image\/\",\"url\":\"https:\/\/pvserviceplus.cz\/wp-content\/uploads\/2021\/10\/logo.svg\",\"contentUrl\":\"https:\/\/pvserviceplus.cz\/wp-content\/uploads\/2021\/10\/logo.svg\",\"width\":\"1024\",\"height\":\"1024\",\"caption\":\"PV SERVICE PLUS\"},\"image\":{\"@id\":\"https:\/\/pvserviceplus.cz\/#\/schema\/logo\/image\/\"},\"sameAs\":[\"https:\/\/www.facebook.com\/PVServicePlussro\/\"]}]}<\/script>\n<!-- \/ Yoast SEO plugin. -->","yoast_head_json":{"title":"PHOTOVOLTAICS FOR LOCAL GOVERNMENTS | PV SERVICE PLUS","robots":{"index":"index","follow":"follow","max-snippet":"max-snippet:-1","max-image-preview":"max-image-preview:large","max-video-preview":"max-video-preview:-1"},"canonical":"https:\/\/pvserviceplus.cz\/en\/photovoltaics-for-local-governments\/","og_locale":"en_US","og_type":"article","og_title":"PHOTOVOLTAICS FOR LOCAL GOVERNMENTS | PV SERVICE PLUS","og_description":"PHOTOVOLTAICS FOR LOCAL GOVERNMENTS Reduce electricity costs on municipal buildings while reducing dependence on electricity suppliers. The money you save can then be used to further develop your village or town. Photovoltaic power plants are an ideal solution for reducing energy costs. When municipalities and towns install photovoltaic panels, they reduce their electricity costs on&hellip; Continue reading PHOTOVOLTAICS FOR LOCAL GOVERNMENTS","og_url":"https:\/\/pvserviceplus.cz\/en\/photovoltaics-for-local-governments\/","og_site_name":"PV SERVICE PLUS","article_publisher":"https:\/\/www.facebook.com\/PVServicePlussro\/","article_modified_time":"2025-10-06T16:42:18+00:00","og_image":[{"width":1700,"height":1260,"url":"https:\/\/pvserviceplus.cz\/wp-content\/uploads\/2023\/08\/samospravy-fotovoltika-pvsplus-1.jpg","type":"image\/jpeg"}],"twitter_card":"summary_large_image","twitter_misc":{"Est. reading time":"1 minute"},"schema":{"@context":"https:\/\/schema.org","@graph":[{"@type":"WebPage","@id":"https:\/\/pvserviceplus.cz\/en\/photovoltaics-for-local-governments\/","url":"https:\/\/pvserviceplus.cz\/en\/photovoltaics-for-local-governments\/","name":"PHOTOVOLTAICS FOR LOCAL GOVERNMENTS | PV SERVICE PLUS","isPartOf":{"@id":"https:\/\/pvserviceplus.cz\/#website"},"datePublished":"2023-09-13T09:24:38+00:00","dateModified":"2025-10-06T16:42:18+00:00","breadcrumb":{"@id":"https:\/\/pvserviceplus.cz\/en\/photovoltaics-for-local-governments\/#breadcrumb"},"inLanguage":"en-US","potentialAction":[{"@type":"ReadAction","target":["https:\/\/pvserviceplus.cz\/en\/photovoltaics-for-local-governments\/"]}]},{"@type":"BreadcrumbList","@id":"https:\/\/pvserviceplus.cz\/en\/photovoltaics-for-local-governments\/#breadcrumb","itemListElement":[{"@type":"ListItem","position":1,"name":"Dom\u016f","item":"https:\/\/pvserviceplus.cz\/"},{"@type":"ListItem","position":2,"name":"PHOTOVOLTAICS FOR LOCAL GOVERNMENTS"}]},{"@type":"WebSite","@id":"https:\/\/pvserviceplus.cz\/#website","url":"https:\/\/pvserviceplus.cz\/","name":"PV SERVICE PLUS","description":"Stav\u00edme fotovoltaick\u00e9 elektr\u00e1rny na kl\u00ed\u010d pro dom\u00e1cnosti i pro firmy","publisher":{"@id":"https:\/\/pvserviceplus.cz\/#organization"},"potentialAction":[{"@type":"SearchAction","target":{"@type":"EntryPoint","urlTemplate":"https:\/\/pvserviceplus.cz\/?s={search_term_string}"},"query-input":"required name=search_term_string"}],"inLanguage":"en-US"},{"@type":"Organization","@id":"https:\/\/pvserviceplus.cz\/#organization","name":"PV SERVICE PLUS","url":"https:\/\/pvserviceplus.cz\/","logo":{"@type":"ImageObject","inLanguage":"en-US","@id":"https:\/\/pvserviceplus.cz\/#\/schema\/logo\/image\/","url":"https:\/\/pvserviceplus.cz\/wp-content\/uploads\/2021\/10\/logo.svg","contentUrl":"https:\/\/pvserviceplus.cz\/wp-content\/uploads\/2021\/10\/logo.svg","width":"1024","height":"1024","caption":"PV SERVICE PLUS"},"image":{"@id":"https:\/\/pvserviceplus.cz\/#\/schema\/logo\/image\/"},"sameAs":["https:\/\/www.facebook.com\/PVServicePlussro\/"]}]}},"_links":{"self":[{"href":"https:\/\/pvserviceplus.cz\/en\/wp-json\/wp\/v2\/pages\/2215","targetHints":{"allow":["GET"]}}],"collection":[{"href":"https:\/\/pvserviceplus.cz\/en\/wp-json\/wp\/v2\/pages"}],"about":[{"href":"https:\/\/pvserviceplus.cz\/en\/wp-json\/wp\/v2\/types\/page"}],"author":[{"embeddable":true,"href":"https:\/\/pvserviceplus.cz\/en\/wp-json\/wp\/v2\/users\/1"}],"replies":[{"embeddable":true,"href":"https:\/\/pvserviceplus.cz\/en\/wp-json\/wp\/v2\/comments?post=2215"}],"version-history":[{"count":3,"href":"https:\/\/pvserviceplus.cz\/en\/wp-json\/wp\/v2\/pages\/2215\/revisions"}],"predecessor-version":[{"id":3259,"href":"https:\/\/pvserviceplus.cz\/en\/wp-json\/wp\/v2\/pages\/2215\/revisions\/3259"}],"wp:featuredmedia":[{"embeddable":true,"href":"https:\/\/pvserviceplus.cz\/en\/wp-json\/wp\/v2\/media\/2216"}],"wp:attachment":[{"href":"https:\/\/pvserviceplus.cz\/en\/wp-json\/wp\/v2\/media?parent=2215"}],"curies":[{"name":"wp","href":"https:\/\/api.w.org\/{rel}","templated":true}]}}