{"id":2085,"date":"2021-09-30T21:20:56","date_gmt":"2021-09-30T19:20:56","guid":{"rendered":"https:\/\/pvserviceplus.cz\/contact\/"},"modified":"2026-01-14T08:17:47","modified_gmt":"2026-01-14T07:17:47","slug":"contact","status":"publish","type":"page","link":"https:\/\/pvserviceplus.cz\/en\/contact\/","title":{"rendered":"Contact"},"content":{"rendered":"<div id=\"about-us-banner\" class=\"kontakt\" style=\"\">\r\n\r\n<div class=\"content\">\r\n<h1 style=\"color:#F38622\">Contact<\/h1>\r\n\r\n<p>Feel free to reach out to us \u2014 we\u2019ll be happy to explain everything and offer advice.  \r\nDo you have questions about our offer, pricing, or technical solutions? Write to us via the form, email, or give us a call. We usually reply the same working day and propose a solution tailored just for you.<\/p>\r\n\r\n<i class=\"scroll-cue\" aria-label=\"Scroll down\"><\/i>\r\n<\/div>\r\n\r\n\r\n<\/div>\r\n\r\n\r\n\r\n\r\n<div id=\"udaje\" data-aos=\"fade-left\" data-aos-delay=\"0\" data-aos-offset=\"0\">\r\n\r\n  <div>\r\n    <h2>PV systems up to 49 kWp (family houses, apartment buildings, etc.)<\/h2>\r\n\r\n    <strong>Blanka Koutn\u00e1<\/strong>\r\n    <em>sales representative<\/em>\r\n    <a href=\"tel:+420727826311\">+420 727 826 311<\/a>\r\n    <a href=\"mailto:koutna@pvsplus.cz\">koutna@pvsplus.cz<\/a>\r\n\r\n    <strong>Hrubo\u0161ov\u00e1 Jitka<\/strong>\r\n    <em>head of sales department<\/em>\r\n    <a href=\"tel:+420737701798\">+420 737 701 798<\/a>\r\n    <a href=\"mailto:hrubosova@pvsplus.cz\">hrubosova@pvsplus.cz<\/a>\r\n\r\n    <strong>Drahom\u00edra \u0160ev\u010d\u00edkov\u00e1<\/strong>\r\n    <em>technical specialist<\/em>\r\n    <a href=\"tel:+420601258172\">+420 601 258 172<\/a>\r\n    <a href=\"mailto:sevcikova@pvsplus.cz\">sevcikova@pvsplus.cz<\/a>\r\n  <\/div>\r\n\r\n  <div>\r\n    <h2>PV systems from 50 kWp (commercial installations, ground-mounted installations)<\/h2>\r\n\r\n    <strong>Hrubo\u0161ov\u00e1 Jitka<\/strong>\r\n    <em>head of sales department<\/em>\r\n    <a href=\"tel:+420737701798\">+420 737 701 798<\/a>\r\n    <a href=\"mailto:hrubosova@pvsplus.cz\">hrubosova@pvsplus.cz<\/a>\r\n\r\n    <strong>Roman Hrubo\u0161<\/strong>\r\n    <em>sales director<\/em>\r\n    <a href=\"tel:+420602723113\">+420 602 723 113<\/a>\r\n    <a href=\"mailto:hrubos@pvsplus.cz\">hrubos@pvsplus.cz<\/a>\r\n  <\/div>\r\n\r\n  <div>\r\n    <h2>BESS (BSAE) \u2013 battery energy storage<\/h2>\r\n\r\n    <strong>Ing. Eduard Michna<\/strong>\r\n    <em>technical director<\/em>\r\n    <a href=\"tel:+420727955140\">+420 727 955 140<\/a>\r\n    <a href=\"mailto:michna@pvsplus.cz\">michna@pvsplus.cz<\/a>\r\n\r\n    <strong>Radovan Hl\u00f4\u0161ka<\/strong>\r\n    <em>executive director<\/em>\r\n    <a href=\"tel:+420724185353\">+420 724 185 353<\/a>\r\n    <a href=\"mailto:hloska@pvsplus.cz\">hloska@pvsplus.cz<\/a>\r\n\r\n    <strong>Roman Hrubo\u0161<\/strong>\r\n    <em>sales director<\/em>\r\n    <a href=\"tel:+420602723113\">+420 602 723 113<\/a>\r\n    <a href=\"mailto:hrubos@pvsplus.cz\">hrubos@pvsplus.cz<\/a>\r\n  <\/div>\r\n\r\n  <div>\r\n    <h2>Service and implementation<\/h2>\r\n\r\n    <strong>Hotline \u2013 service \/ faults<\/strong>\r\n    <a href=\"tel:+420725402431\">+420 725 402 431<\/a>\r\n\r\n    <strong>Ren\u00e9 V\u00fdborn\u00fd<\/strong>\r\n    <em>implementation coordinator<\/em>\r\n    <a href=\"tel:+420601196210\">+420 601 196 210<\/a>\r\n    <a href=\"mailto:vyborny@pvsplus.cz\">vyborny@pvsplus.cz<\/a>\r\n\r\n    <strong>Ing. L\u00e1skov\u00e1 Zuzana<\/strong>\r\n    <em>management assistant<\/em>\r\n    <a href=\"tel:+420606785173\">+420 606 785 173<\/a>\r\n    <a href=\"mailto:laskova@pvsplus.cz\">laskova@pvsplus.cz<\/a>\r\n\r\n    <strong>Michal Mr\u00e1ka<\/strong>\r\n    <em>head of service and implementations<\/em>\r\n    <a href=\"tel:+420720974060\">+420 720 974 060<\/a>\r\n    <a href=\"mailto:mraka@pvsplus.cz\">mraka@pvsplus.cz<\/a>\r\n  <\/div>\r\n\r\n  <div>\r\n    <h2>Billing details<\/h2>\r\n    PV SERVICE PLUS s.r.o.<br>\r\n    Bratislavsk\u00e1 1\/6<br>\r\n    695 01 Hodon\u00edn<br>\r\n    Czech Republic<br><br>\r\n    Company ID: 03293734<br>\r\n    VAT ID: CZ03293734<br>\r\n\r\n    <h2>Invoicing<\/h2>\r\n    <a href=\"mailto:fakturace@pvsplus.cz\">fakturace@pvsplus.cz<\/a>\r\n  <\/div>\r\n\r\n<\/div>\r\n\r\n\r\n<div class=\"c-form\" data-aos=\"fade-left\" data-aos-delay=\"200\" data-aos-offset=\"0\">\r\n<iframe src=\"https:\/\/www.google.com\/maps\/embed?pb=!1m14!1m8!1m3!1d10502.836383249434!2d17.1255503!3d48.8446873!3m2!1i1024!2i768!4f13.1!3m3!1m2!1s0x0%3A0xad1d13c2844a7a7c!2sPV%20SERVICE%20PLUS%20s.r.o.!5e0!3m2!1ssk!2ssk!4v1635514253020!5m2!1ssk!2ssk\" width=\"600\" height=\"450\" style=\"border:0;\" allowfullscreen=\"\" loading=\"lazy\"><\/iframe>\r\n\r\n<\/div>\r\n\r\n\r\n<div id=\"popup\" class=\"embed\" data-aos=\"fade-up\" data-aos-delay=\"100\" data-aos-offset=\"0\">\r\n\t<div id=\"objednat\" data-aos=\"fade-up\" data-aos-delay=\"100\" data-aos-offset=\"0\">\r\n\t<h2>Get in touch with us or leave your contact details. We will answer all your questions, calculate the savings and discuss the possibilities of implementation.<\/h2>\r\n\t\r\n\t\t\n<div class=\"wpcf7 no-js\" id=\"wpcf7-f2608-o1\" lang=\"en-US\" dir=\"ltr\">\n<div class=\"screen-reader-response\"><p role=\"status\" aria-live=\"polite\" aria-atomic=\"true\"><\/p> <ul><\/ul><\/div>\n<form action=\"\/en\/wp-json\/wp\/v2\/pages\/2085#wpcf7-f2608-o1\" method=\"post\" class=\"wpcf7-form init\" aria-label=\"Contact form\" novalidate=\"novalidate\" data-status=\"init\">\n<div style=\"display: none;\">\n<input type=\"hidden\" name=\"_wpcf7\" value=\"2608\" \/>\n<input type=\"hidden\" name=\"_wpcf7_version\" value=\"5.7.3\" \/>\n<input type=\"hidden\" name=\"_wpcf7_locale\" value=\"en_US\" \/>\n<input type=\"hidden\" name=\"_wpcf7_unit_tag\" value=\"wpcf7-f2608-o1\" \/>\n<input type=\"hidden\" name=\"_wpcf7_container_post\" value=\"0\" \/>\n<input type=\"hidden\" name=\"_wpcf7_posted_data_hash\" value=\"\" \/>\n<input type=\"hidden\" name=\"_wpcf7cf_hidden_group_fields\" value=\"[]\" \/>\n<input type=\"hidden\" name=\"_wpcf7cf_hidden_groups\" value=\"[]\" \/>\n<input type=\"hidden\" name=\"_wpcf7cf_visible_groups\" value=\"[]\" \/>\n<input type=\"hidden\" name=\"_wpcf7cf_repeaters\" value=\"[]\" \/>\n<input type=\"hidden\" name=\"_wpcf7cf_steps\" value=\"{}\" \/>\n<input type=\"hidden\" name=\"_wpcf7cf_options\" value=\"{&quot;form_id&quot;:2608,&quot;conditions&quot;:[],&quot;settings&quot;:{&quot;animation&quot;:&quot;yes&quot;,&quot;animation_intime&quot;:200,&quot;animation_outtime&quot;:200,&quot;conditions_ui&quot;:&quot;normal&quot;,&quot;notice_dismissed&quot;:false}}\" \/>\n<input type=\"hidden\" name=\"_wpcf7_recaptcha_response\" value=\"\" \/>\n<\/div>\n<p><label> Your name <span class=\"wpcf7-form-control-wrap\" data-name=\"your-name\"><input size=\"40\" class=\"wpcf7-form-control wpcf7-text wpcf7-validates-as-required\" aria-required=\"true\" aria-invalid=\"false\" value=\"\" type=\"text\" name=\"your-name\" \/><\/span> <\/label>\n<\/p>\n<p><label> Your e-mail <span class=\"wpcf7-form-control-wrap\" data-name=\"your-email\"><input size=\"40\" class=\"wpcf7-form-control wpcf7-text wpcf7-email wpcf7-validates-as-required wpcf7-validates-as-email\" aria-required=\"true\" aria-invalid=\"false\" value=\"\" type=\"email\" name=\"your-email\" \/><\/span> <\/label><br \/>\n<label> Your phone <span class=\"wpcf7-form-control-wrap\" data-name=\"tel-491\"><input size=\"40\" class=\"wpcf7-form-control wpcf7-text wpcf7-tel wpcf7-validates-as-tel\" aria-invalid=\"false\" value=\"\" type=\"tel\" name=\"tel-491\" \/><\/span> <\/label>\n<\/p>\n<p><label> Your message (optional) <span class=\"wpcf7-form-control-wrap\" data-name=\"your-message\"><textarea cols=\"40\" rows=\"10\" class=\"wpcf7-form-control wpcf7-textarea\" aria-invalid=\"false\" name=\"your-message\"><\/textarea><\/span> <\/label>\n<\/p>\n<p><input class=\"wpcf7-form-control has-spinner wpcf7-submit\" type=\"submit\" value=\"Send\" \/>\n<\/p><div class=\"wpcf7-response-output\" aria-hidden=\"true\"><\/div>\n<\/form>\n<\/div>\n\r\n\t<\/div>\r\n<\/div>\r\n","protected":false},"excerpt":{"rendered":"Contact Feel free to reach out to us \u2014 we\u2019ll be happy to explain everything and offer advice. Do you have questions about our offer, pricing, or technical solutions? Write to us via the form, email, or give us a call. We usually reply the same working day and propose a solution tailored just for&hellip; <a class=\"more-link\" href=\"https:\/\/pvserviceplus.cz\/en\/contact\/\">Continue reading <span class=\"screen-reader-text\">Contact<\/span><\/a>","protected":false},"author":1,"featured_media":0,"parent":0,"menu_order":0,"comment_status":"closed","ping_status":"closed","template":"","meta":{"inline_featured_image":false,"footnotes":""},"class_list":["post-2085","page","type-page","status-publish","hentry","entry"],"yoast_head":"<!-- This site is optimized with the Yoast SEO plugin v19.12 - https:\/\/yoast.com\/wordpress\/plugins\/seo\/ -->\n<title>Contact | PV SERVICE PLUS<\/title>\n<meta name=\"robots\" content=\"index, follow, max-snippet:-1, max-image-preview:large, max-video-preview:-1\" \/>\n<link rel=\"canonical\" href=\"https:\/\/pvserviceplus.cz\/en\/contact\/\" \/>\n<meta property=\"og:locale\" content=\"en_US\" \/>\n<meta property=\"og:type\" content=\"article\" \/>\n<meta property=\"og:title\" content=\"Contact | PV SERVICE PLUS\" \/>\n<meta property=\"og:description\" content=\"Contact Feel free to reach out to us \u2014 we\u2019ll be happy to explain everything and offer advice. Do you have questions about our offer, pricing, or technical solutions? Write to us via the form, email, or give us a call. We usually reply the same working day and propose a solution tailored just for&hellip; Continue reading Contact\" \/>\n<meta property=\"og:url\" content=\"https:\/\/pvserviceplus.cz\/en\/contact\/\" \/>\n<meta property=\"og:site_name\" content=\"PV SERVICE PLUS\" \/>\n<meta property=\"article:publisher\" content=\"https:\/\/www.facebook.com\/PVServicePlussro\/\" \/>\n<meta property=\"article:modified_time\" content=\"2026-01-14T07:17:47+00:00\" \/>\n<meta name=\"twitter:card\" content=\"summary_large_image\" \/>\n<meta name=\"twitter:label1\" content=\"Est. reading time\" \/>\n\t<meta name=\"twitter:data1\" content=\"1 minute\" \/>\n<script type=\"application\/ld+json\" class=\"yoast-schema-graph\">{\"@context\":\"https:\/\/schema.org\",\"@graph\":[{\"@type\":\"WebPage\",\"@id\":\"https:\/\/pvserviceplus.cz\/en\/contact\/\",\"url\":\"https:\/\/pvserviceplus.cz\/en\/contact\/\",\"name\":\"Contact | PV SERVICE PLUS\",\"isPartOf\":{\"@id\":\"https:\/\/pvserviceplus.cz\/#website\"},\"datePublished\":\"2021-09-30T19:20:56+00:00\",\"dateModified\":\"2026-01-14T07:17:47+00:00\",\"breadcrumb\":{\"@id\":\"https:\/\/pvserviceplus.cz\/en\/contact\/#breadcrumb\"},\"inLanguage\":\"en-US\",\"potentialAction\":[{\"@type\":\"ReadAction\",\"target\":[\"https:\/\/pvserviceplus.cz\/en\/contact\/\"]}]},{\"@type\":\"BreadcrumbList\",\"@id\":\"https:\/\/pvserviceplus.cz\/en\/contact\/#breadcrumb\",\"itemListElement\":[{\"@type\":\"ListItem\",\"position\":1,\"name\":\"Dom\u016f\",\"item\":\"https:\/\/pvserviceplus.cz\/\"},{\"@type\":\"ListItem\",\"position\":2,\"name\":\"Contact\"}]},{\"@type\":\"WebSite\",\"@id\":\"https:\/\/pvserviceplus.cz\/#website\",\"url\":\"https:\/\/pvserviceplus.cz\/\",\"name\":\"PV SERVICE PLUS\",\"description\":\"Stav\u00edme fotovoltaick\u00e9 elektr\u00e1rny na kl\u00ed\u010d pro dom\u00e1cnosti i pro firmy\",\"publisher\":{\"@id\":\"https:\/\/pvserviceplus.cz\/#organization\"},\"potentialAction\":[{\"@type\":\"SearchAction\",\"target\":{\"@type\":\"EntryPoint\",\"urlTemplate\":\"https:\/\/pvserviceplus.cz\/?s={search_term_string}\"},\"query-input\":\"required name=search_term_string\"}],\"inLanguage\":\"en-US\"},{\"@type\":\"Organization\",\"@id\":\"https:\/\/pvserviceplus.cz\/#organization\",\"name\":\"PV SERVICE PLUS\",\"url\":\"https:\/\/pvserviceplus.cz\/\",\"logo\":{\"@type\":\"ImageObject\",\"inLanguage\":\"en-US\",\"@id\":\"https:\/\/pvserviceplus.cz\/#\/schema\/logo\/image\/\",\"url\":\"https:\/\/pvserviceplus.cz\/wp-content\/uploads\/2021\/10\/logo.svg\",\"contentUrl\":\"https:\/\/pvserviceplus.cz\/wp-content\/uploads\/2021\/10\/logo.svg\",\"width\":\"1024\",\"height\":\"1024\",\"caption\":\"PV SERVICE PLUS\"},\"image\":{\"@id\":\"https:\/\/pvserviceplus.cz\/#\/schema\/logo\/image\/\"},\"sameAs\":[\"https:\/\/www.facebook.com\/PVServicePlussro\/\"]}]}<\/script>\n<!-- \/ Yoast SEO plugin. -->","yoast_head_json":{"title":"Contact | PV SERVICE PLUS","robots":{"index":"index","follow":"follow","max-snippet":"max-snippet:-1","max-image-preview":"max-image-preview:large","max-video-preview":"max-video-preview:-1"},"canonical":"https:\/\/pvserviceplus.cz\/en\/contact\/","og_locale":"en_US","og_type":"article","og_title":"Contact | PV SERVICE PLUS","og_description":"Contact Feel free to reach out to us \u2014 we\u2019ll be happy to explain everything and offer advice. Do you have questions about our offer, pricing, or technical solutions? Write to us via the form, email, or give us a call. We usually reply the same working day and propose a solution tailored just for&hellip; Continue reading Contact","og_url":"https:\/\/pvserviceplus.cz\/en\/contact\/","og_site_name":"PV SERVICE PLUS","article_publisher":"https:\/\/www.facebook.com\/PVServicePlussro\/","article_modified_time":"2026-01-14T07:17:47+00:00","twitter_card":"summary_large_image","twitter_misc":{"Est. reading time":"1 minute"},"schema":{"@context":"https:\/\/schema.org","@graph":[{"@type":"WebPage","@id":"https:\/\/pvserviceplus.cz\/en\/contact\/","url":"https:\/\/pvserviceplus.cz\/en\/contact\/","name":"Contact | PV SERVICE PLUS","isPartOf":{"@id":"https:\/\/pvserviceplus.cz\/#website"},"datePublished":"2021-09-30T19:20:56+00:00","dateModified":"2026-01-14T07:17:47+00:00","breadcrumb":{"@id":"https:\/\/pvserviceplus.cz\/en\/contact\/#breadcrumb"},"inLanguage":"en-US","potentialAction":[{"@type":"ReadAction","target":["https:\/\/pvserviceplus.cz\/en\/contact\/"]}]},{"@type":"BreadcrumbList","@id":"https:\/\/pvserviceplus.cz\/en\/contact\/#breadcrumb","itemListElement":[{"@type":"ListItem","position":1,"name":"Dom\u016f","item":"https:\/\/pvserviceplus.cz\/"},{"@type":"ListItem","position":2,"name":"Contact"}]},{"@type":"WebSite","@id":"https:\/\/pvserviceplus.cz\/#website","url":"https:\/\/pvserviceplus.cz\/","name":"PV SERVICE PLUS","description":"Stav\u00edme fotovoltaick\u00e9 elektr\u00e1rny na kl\u00ed\u010d pro dom\u00e1cnosti i pro firmy","publisher":{"@id":"https:\/\/pvserviceplus.cz\/#organization"},"potentialAction":[{"@type":"SearchAction","target":{"@type":"EntryPoint","urlTemplate":"https:\/\/pvserviceplus.cz\/?s={search_term_string}"},"query-input":"required name=search_term_string"}],"inLanguage":"en-US"},{"@type":"Organization","@id":"https:\/\/pvserviceplus.cz\/#organization","name":"PV SERVICE PLUS","url":"https:\/\/pvserviceplus.cz\/","logo":{"@type":"ImageObject","inLanguage":"en-US","@id":"https:\/\/pvserviceplus.cz\/#\/schema\/logo\/image\/","url":"https:\/\/pvserviceplus.cz\/wp-content\/uploads\/2021\/10\/logo.svg","contentUrl":"https:\/\/pvserviceplus.cz\/wp-content\/uploads\/2021\/10\/logo.svg","width":"1024","height":"1024","caption":"PV SERVICE PLUS"},"image":{"@id":"https:\/\/pvserviceplus.cz\/#\/schema\/logo\/image\/"},"sameAs":["https:\/\/www.facebook.com\/PVServicePlussro\/"]}]}},"_links":{"self":[{"href":"https:\/\/pvserviceplus.cz\/en\/wp-json\/wp\/v2\/pages\/2085","targetHints":{"allow":["GET"]}}],"collection":[{"href":"https:\/\/pvserviceplus.cz\/en\/wp-json\/wp\/v2\/pages"}],"about":[{"href":"https:\/\/pvserviceplus.cz\/en\/wp-json\/wp\/v2\/types\/page"}],"author":[{"embeddable":true,"href":"https:\/\/pvserviceplus.cz\/en\/wp-json\/wp\/v2\/users\/1"}],"replies":[{"embeddable":true,"href":"https:\/\/pvserviceplus.cz\/en\/wp-json\/wp\/v2\/comments?post=2085"}],"version-history":[{"count":4,"href":"https:\/\/pvserviceplus.cz\/en\/wp-json\/wp\/v2\/pages\/2085\/revisions"}],"predecessor-version":[{"id":3633,"href":"https:\/\/pvserviceplus.cz\/en\/wp-json\/wp\/v2\/pages\/2085\/revisions\/3633"}],"wp:attachment":[{"href":"https:\/\/pvserviceplus.cz\/en\/wp-json\/wp\/v2\/media?parent=2085"}],"curies":[{"name":"wp","href":"https:\/\/api.w.org\/{rel}","templated":true}]}}