{"id":2084,"date":"2024-07-21T10:13:19","date_gmt":"2024-07-21T08:13:19","guid":{"rendered":"https:\/\/pvserviceplus.cz\/smart-home-smart-home\/"},"modified":"2024-09-15T15:51:28","modified_gmt":"2024-09-15T13:51:28","slug":"smart-home-smart-home","status":"publish","type":"page","link":"https:\/\/pvserviceplus.cz\/en\/smart-home-smart-home\/","title":{"rendered":"Smart Home Smart Home"},"content":{"rendered":"<div class=\"hero-video\">\r\n\t\t\r\n\t\t\t\t\t<div class=\"image-file\"><\/div>\r\n\t\t\t\t\t\t\t\t\r\n\t\t\t\t\t\t\t\r\n\t\t\t\t\t\t\t<video class=\"video\" preload=\"auto\" muted=\"\" autoplay=\"\" loop=\"\" playsinline=\"\" poster=\"\" data-aos=\"fade-in\">\r\n\t\t\t<source src=\"https:\/\/www.vhsi-energie.de\/wp-content\/uploads\/2020\/02\/energie2.mp4\" type=\"video\/mp4\">\r\n\t\t\t\t<\/video>\r\n\t\t\t\t\r\n\t\t\t\t<div class=\"over-video\">\t\r\n\t\t\t\t\t<i class=\"l\"><\/i>\r\n\t\t\t\t\t<h1>\r\n\t\t\t\t\t\t<span data-aos=\"fade-left\" data-aos-delay=\"600\" data-aos-offset=\"0\">Smart Home Smart Home<\/span>\r\n\t\t\t\t\t\t<span data-aos=\"fade-right\" data-aos-delay=\"2200\" data-aos-offset=\"0\">With our SMART HOME system, you can control everything from one place, with one click and from anywhere.  <\/span>\r\n\t\t\t\t\t\t<span data-aos=\"fade-in\" data-aos-delay=\"2900\" data-aos-offset=\"0\">\r\n\t\t\t\t\t\t\t<a href=\"#objednat\" class=\"btn\">I&#8217;m interested<\/a>\r\n\t\t\t\t\t\t\r\n\t\t\t\t\t\t<\/span>\r\n\t\t\t\t\t\t\r\n\t\t\t\t\t<\/h1>\t\r\n\t\r\n\t\t\t\t\r\n\t\t\t\r\n\t\t\t\t<\/div>\r\n\t\t\r\n\t\t\r\n\t\t\r\n\t\t\r\n\t\t\t\t<\/div>\r\n\r\n\r\n\r\n\r\n<div id=\"smarthome\" data-aos=\"fade-up\" data-aos-delay=\"100\" data-aos-offset=\"0\">\r\n<h2 data-aos=\"fade-up\" data-aos-delay=\"200\" data-aos-offset=\"0\">INTELLIGENT SOLUTIONS<\/h2>\r\n<strong data-aos=\"fade-up\" data-aos-delay=\"300\" data-aos-offset=\"0\">Create your own SMART HOME<\/strong>\r\n\r\n<p data-aos=\"fade-up\" data-aos-delay=\"400\" data-aos-offset=\"0\">PV SERVICE PLUS offers you intelligent home control that will make your home a perfect comfort. Smart installation, with a smart control unit, allows you to control the standard elements in your home with maximum convenience and ease, using a smart controller, tablet or app on your phone.  <\/p>\r\n<p data-aos=\"fade-up\" data-aos-delay=\"500\" data-aos-offset=\"0\">Dim the lights, optimally set the blinds, regulate the temperature, set the audio system or connect the camera system &#8211; you can control it all from one place and with one click with our SMART HOME system.<\/p>\r\n\r\n<\/div>\r\n\r\n\r\n<div class=\"row services\" id=\"inteligentni-reseni\" style=\"\">\r\n\r\n\t<div data-aos=\"fade-up\" data-aos-delay=\"100\" data-aos-offset=\"0\">\r\n\t<h2>LIGHTING<\/h2>\r\n\t<i><\/i>\r\n<b>You can set the lighting scene in your home exactly to your liking for the occasion you need.<\/b>\r\nDim various light sources including LED bulbs and RGB strips to the desired level, time delay settings to turn on the lights, set night mode, create a scene for watching TV or listening to music, automatically turn on the lights even in your absence &#8211; all this can be done with one intelligent control unit.\r\n\r\n\t<\/div>\r\n\t\r\n\t\r\n\t\r\n\t\r\n\t<div data-aos=\"fade-up\" data-aos-delay=\"200\" data-aos-offset=\"0\">\r\n\t<h2>HEATING<\/h2>\r\n\t<i><\/i>\r\n\t<b>Control the temperature in your home exactly as you like it. Set the temperature in each room with a single button or app on your phone.<\/b>\r\n\r\n\r\nQuickly and easily set the ideal temperature in your home.\r\nThanks to the temperature control system in individual rooms, significant energy savings are achieved.\r\n\r\n\r\n\t<\/div>\r\n\t\r\n\t\r\n\t\r\n\t\r\n\r\n\t\r\n\t\r\n\t\r\n\t<div data-aos=\"fade-up\" data-aos-delay=\"300\" data-aos-offset=\"0\">\r\n\t<h2>ALL OFF<\/h2>\r\n\t<i><\/i>\r\nCreate the right atmosphere to create a sense of peace and tranquillity before bedtime.\r\nWith a single button, turn off all devices, dim the lights, close the blinds and put your apartment or house into night mode.\r\nSimilarly, a single button puts the household in a state of calm and encodes the apartment when you leave the house.\r\n\r\n\r\n\t<\/div>\r\n\t\r\n\t\r\n\t\r\n\t\r\n\t<div data-aos=\"fade-up\" data-aos-delay=\"400\" data-aos-offset=\"0\">\r\n\t<h2>SHADOWING<\/h2>\r\n\t<i><\/i>\r\nYou can control your blinds, shutters and awnings easily and conveniently with one remote control or an app on your phone.\r\nAn automatic control system that respects your needs. Smart solutions in the form of time control in weekly mode or automatic control of blinds according to the intensity of sunlight.\r\n\r\n\t<\/div>\r\n\t\r\n\t\r\n\t\r\n\t<div data-aos=\"fade-up\" data-aos-delay=\"500\" data-aos-offset=\"0\">\r\n\t<h2>SAFETY<\/h2>\r\n\t<i><\/i>\r\nThe safety of our home is paramount.\r\nWith smart wiring, you can connect any number of cameras and monitor them on your phone, and you can also control them on your phone using the smart app.\r\n\r\n\t<\/div>\r\n\t\r\n\t\r\n\t\r\n\t\r\n\t\t<div data-aos=\"fade-up\" data-aos-delay=\"600\" data-aos-offset=\"0\">\r\n\t<h2>CONSUMERS<\/h2>\r\n\t<i><\/i>\r\nThanks to intelligent wiring, you can switch on or off any appliance that is plugged into the socket.\r\n\r\n\t<\/div>\r\n\t\r\n\t\r\n\t\r\n\t<div data-aos=\"fade-up\" data-aos-delay=\"700\" data-aos-offset=\"0\">\r\n\t<h2>AUDIO<\/h2>\r\n\t<i><\/i>\r\nPerfect sound and rewiring of the entire audio system in your home. The entire space can be divided into several audio zones, where you can create the right atmosphere at the touch of your mobile phone.\r\n\r\n\t<\/div>\r\n\t\r\n\t\r\n\t\r\n\r\n<\/div>\r\n\r\n\r\n\r\n\r\n<div id=\"popup\" class=\"embed\">\r\n\t<div id=\"objednat\" data-aos=\"fade-up\" data-aos-delay=\"100\" data-aos-offset=\"0\">\r\n\t<h2>Get in touch with us or leave your contact details. We will answer all your questions, calculate the savings and discuss the possibilities of implementation.<\/h2>\r\n\t\r\n\t\t\n<div class=\"wpcf7 no-js\" id=\"wpcf7-f2610-o1\" lang=\"en-US\" dir=\"ltr\">\n<div class=\"screen-reader-response\"><p role=\"status\" aria-live=\"polite\" aria-atomic=\"true\"><\/p> <ul><\/ul><\/div>\n<form action=\"\/en\/wp-json\/wp\/v2\/pages\/2084#wpcf7-f2610-o1\" method=\"post\" class=\"wpcf7-form init wpcf7-acceptance-as-validation\" aria-label=\"Contact form\" novalidate=\"novalidate\" data-status=\"init\">\n<div style=\"display: none;\">\n<input type=\"hidden\" name=\"_wpcf7\" value=\"2610\" \/>\n<input type=\"hidden\" name=\"_wpcf7_version\" value=\"5.7.3\" \/>\n<input type=\"hidden\" name=\"_wpcf7_locale\" value=\"en_US\" \/>\n<input type=\"hidden\" name=\"_wpcf7_unit_tag\" value=\"wpcf7-f2610-o1\" \/>\n<input type=\"hidden\" name=\"_wpcf7_container_post\" value=\"0\" \/>\n<input type=\"hidden\" name=\"_wpcf7_posted_data_hash\" value=\"\" \/>\n<input type=\"hidden\" name=\"_wpcf7cf_hidden_group_fields\" value=\"[]\" \/>\n<input type=\"hidden\" name=\"_wpcf7cf_hidden_groups\" value=\"[]\" \/>\n<input type=\"hidden\" name=\"_wpcf7cf_visible_groups\" value=\"[]\" \/>\n<input type=\"hidden\" name=\"_wpcf7cf_repeaters\" value=\"[]\" \/>\n<input type=\"hidden\" name=\"_wpcf7cf_steps\" value=\"{}\" \/>\n<input type=\"hidden\" name=\"_wpcf7cf_options\" value=\"{&quot;form_id&quot;:2610,&quot;conditions&quot;:[],&quot;settings&quot;:{&quot;animation&quot;:&quot;yes&quot;,&quot;animation_intime&quot;:200,&quot;animation_outtime&quot;:200,&quot;conditions_ui&quot;:&quot;normal&quot;,&quot;notice_dismissed&quot;:false}}\" \/>\n<input type=\"hidden\" name=\"_wpcf7_recaptcha_response\" value=\"\" \/>\n<\/div>\n<p><label> Your name <span class=\"wpcf7-form-control-wrap\" data-name=\"your-name\"><input size=\"40\" class=\"wpcf7-form-control wpcf7-text wpcf7-validates-as-required\" aria-required=\"true\" aria-invalid=\"false\" value=\"\" type=\"text\" name=\"your-name\" \/><\/span> <\/label>\n<\/p>\n<p><label> Your email <span class=\"wpcf7-form-control-wrap\" data-name=\"your-email\"><input size=\"40\" class=\"wpcf7-form-control wpcf7-text wpcf7-email wpcf7-validates-as-required wpcf7-validates-as-email\" aria-required=\"true\" aria-invalid=\"false\" value=\"\" type=\"email\" name=\"your-email\" \/><\/span> <\/label><br \/>\n<label> Your phone number <span class=\"wpcf7-form-control-wrap\" data-name=\"tel-491\"><input size=\"40\" class=\"wpcf7-form-control wpcf7-text wpcf7-tel wpcf7-validates-as-required wpcf7-validates-as-tel\" aria-required=\"true\" aria-invalid=\"false\" value=\"\" type=\"tel\" name=\"tel-491\" \/><\/span> <\/label>\n<\/p>\n<p><label> Your message (optional) <span class=\"wpcf7-form-control-wrap\" data-name=\"your-message\"><textarea cols=\"40\" rows=\"10\" class=\"wpcf7-form-control wpcf7-textarea\" aria-invalid=\"false\" name=\"your-message\"><\/textarea><\/span> <\/label>\n<\/p>\n<p><span class=\"wpcf7-form-control-wrap\" data-name=\"acceptance-GDPR-ucely\"><span class=\"wpcf7-form-control wpcf7-acceptance\"><span class=\"wpcf7-list-item\"><label><input type=\"checkbox\" name=\"acceptance-GDPR-ucely\" value=\"1\" aria-invalid=\"false\" \/><span class=\"wpcf7-list-item-label\">We process your personal data for the purpose of processing your request.\nBy submitting the form you confirm that you have read and understood the <a href=\"\">Privacy Policy<\/a><\/span><\/label><\/span><\/span><\/span>\n<\/p>\n<p><span class=\"wpcf7-form-control-wrap\" data-name=\"acceptance-marketingove-ucely\"><span class=\"wpcf7-form-control wpcf7-acceptance optional\"><span class=\"wpcf7-list-item\"><label><input type=\"checkbox\" name=\"acceptance-marketingove-ucely\" value=\"1\" aria-invalid=\"false\" \/><span class=\"wpcf7-list-item-label\">Consent to the processing of personal data for marketing purposes.\nConsent is required if you wish to receive all customer information, offers and benefits.\nTo avoid missing out on many of these, we recommend you confirm your consent.\nIf you later consider otherwise, you can withdraw your consent at any time. <a href=\"\">Read more here<\/a>.<\/span><\/label><\/span><\/span><\/span>\n<\/p>\n<p><input class=\"wpcf7-form-control has-spinner wpcf7-submit\" type=\"submit\" value=\"Send to\" \/>\n<\/p><div class=\"wpcf7-response-output\" aria-hidden=\"true\"><\/div>\n<\/form>\n<\/div>\n\r\n\t<\/div>\r\n<\/div>\r\n","protected":false},"excerpt":{"rendered":"Smart Home Smart Home With our SMART HOME system, you can control everything from one place, with one click and from anywhere. I&#8217;m interested INTELLIGENT SOLUTIONS Create your own SMART HOME PV SERVICE PLUS offers you intelligent home control that will make your home a perfect comfort. Smart installation, with a smart control unit, allows&hellip; <a class=\"more-link\" href=\"https:\/\/pvserviceplus.cz\/en\/smart-home-smart-home\/\">Continue reading <span class=\"screen-reader-text\">Smart Home Smart Home<\/span><\/a>","protected":false},"author":1,"featured_media":0,"parent":0,"menu_order":0,"comment_status":"closed","ping_status":"closed","template":"","meta":{"inline_featured_image":false,"footnotes":""},"class_list":["post-2084","page","type-page","status-publish","hentry","entry"],"yoast_head":"<!-- This site is optimized with the Yoast SEO plugin v19.12 - https:\/\/yoast.com\/wordpress\/plugins\/seo\/ -->\n<title>Smart Home | PV SERVICE PLUS<\/title>\n<meta name=\"description\" content=\"Create your own SMART HOME and intelligent home control from PV SERVICE PLUS to experience the ultimate in home comfort.\" \/>\n<meta name=\"robots\" content=\"index, follow, max-snippet:-1, max-image-preview:large, max-video-preview:-1\" \/>\n<link rel=\"canonical\" href=\"https:\/\/pvserviceplus.cz\/en\/smart-home-smart-home\/\" \/>\n<meta property=\"og:locale\" content=\"en_US\" \/>\n<meta property=\"og:type\" content=\"article\" \/>\n<meta property=\"og:title\" content=\"Smart Home | PV SERVICE PLUS\" \/>\n<meta property=\"og:description\" content=\"Create your own SMART HOME and intelligent home control from PV SERVICE PLUS to experience the ultimate in home comfort.\" \/>\n<meta property=\"og:url\" content=\"https:\/\/pvserviceplus.cz\/en\/smart-home-smart-home\/\" \/>\n<meta property=\"og:site_name\" content=\"PV SERVICE PLUS\" \/>\n<meta property=\"article:publisher\" content=\"https:\/\/www.facebook.com\/PVServicePlussro\/\" \/>\n<meta property=\"article:modified_time\" content=\"2024-09-15T13:51:28+00:00\" \/>\n<meta name=\"twitter:card\" content=\"summary_large_image\" \/>\n<meta name=\"twitter:label1\" content=\"Est. reading time\" \/>\n\t<meta name=\"twitter:data1\" content=\"3 minutes\" \/>\n<script type=\"application\/ld+json\" class=\"yoast-schema-graph\">{\"@context\":\"https:\/\/schema.org\",\"@graph\":[{\"@type\":\"WebPage\",\"@id\":\"https:\/\/pvserviceplus.cz\/en\/smart-home-smart-home\/\",\"url\":\"https:\/\/pvserviceplus.cz\/en\/smart-home-smart-home\/\",\"name\":\"Smart Home | PV SERVICE PLUS\",\"isPartOf\":{\"@id\":\"https:\/\/pvserviceplus.cz\/#website\"},\"datePublished\":\"2024-07-21T08:13:19+00:00\",\"dateModified\":\"2024-09-15T13:51:28+00:00\",\"description\":\"Create your own SMART HOME and intelligent home control from PV SERVICE PLUS to experience the ultimate in home comfort.\",\"breadcrumb\":{\"@id\":\"https:\/\/pvserviceplus.cz\/en\/smart-home-smart-home\/#breadcrumb\"},\"inLanguage\":\"en-US\",\"potentialAction\":[{\"@type\":\"ReadAction\",\"target\":[\"https:\/\/pvserviceplus.cz\/en\/smart-home-smart-home\/\"]}]},{\"@type\":\"BreadcrumbList\",\"@id\":\"https:\/\/pvserviceplus.cz\/en\/smart-home-smart-home\/#breadcrumb\",\"itemListElement\":[{\"@type\":\"ListItem\",\"position\":1,\"name\":\"Dom\u016f\",\"item\":\"https:\/\/pvserviceplus.cz\/\"},{\"@type\":\"ListItem\",\"position\":2,\"name\":\"Smart Home Smart Home\"}]},{\"@type\":\"WebSite\",\"@id\":\"https:\/\/pvserviceplus.cz\/#website\",\"url\":\"https:\/\/pvserviceplus.cz\/\",\"name\":\"PV SERVICE PLUS\",\"description\":\"Stav\u00edme fotovoltaick\u00e9 elektr\u00e1rny na kl\u00ed\u010d pro dom\u00e1cnosti i pro firmy\",\"publisher\":{\"@id\":\"https:\/\/pvserviceplus.cz\/#organization\"},\"potentialAction\":[{\"@type\":\"SearchAction\",\"target\":{\"@type\":\"EntryPoint\",\"urlTemplate\":\"https:\/\/pvserviceplus.cz\/?s={search_term_string}\"},\"query-input\":\"required name=search_term_string\"}],\"inLanguage\":\"en-US\"},{\"@type\":\"Organization\",\"@id\":\"https:\/\/pvserviceplus.cz\/#organization\",\"name\":\"PV SERVICE PLUS\",\"url\":\"https:\/\/pvserviceplus.cz\/\",\"logo\":{\"@type\":\"ImageObject\",\"inLanguage\":\"en-US\",\"@id\":\"https:\/\/pvserviceplus.cz\/#\/schema\/logo\/image\/\",\"url\":\"https:\/\/pvserviceplus.cz\/wp-content\/uploads\/2021\/10\/logo.svg\",\"contentUrl\":\"https:\/\/pvserviceplus.cz\/wp-content\/uploads\/2021\/10\/logo.svg\",\"width\":\"1024\",\"height\":\"1024\",\"caption\":\"PV SERVICE PLUS\"},\"image\":{\"@id\":\"https:\/\/pvserviceplus.cz\/#\/schema\/logo\/image\/\"},\"sameAs\":[\"https:\/\/www.facebook.com\/PVServicePlussro\/\"]}]}<\/script>\n<!-- \/ Yoast SEO plugin. -->","yoast_head_json":{"title":"Smart Home | PV SERVICE PLUS","description":"Create your own SMART HOME and intelligent home control from PV SERVICE PLUS to experience the ultimate in home comfort.","robots":{"index":"index","follow":"follow","max-snippet":"max-snippet:-1","max-image-preview":"max-image-preview:large","max-video-preview":"max-video-preview:-1"},"canonical":"https:\/\/pvserviceplus.cz\/en\/smart-home-smart-home\/","og_locale":"en_US","og_type":"article","og_title":"Smart Home | PV SERVICE PLUS","og_description":"Create your own SMART HOME and intelligent home control from PV SERVICE PLUS to experience the ultimate in home comfort.","og_url":"https:\/\/pvserviceplus.cz\/en\/smart-home-smart-home\/","og_site_name":"PV SERVICE PLUS","article_publisher":"https:\/\/www.facebook.com\/PVServicePlussro\/","article_modified_time":"2024-09-15T13:51:28+00:00","twitter_card":"summary_large_image","twitter_misc":{"Est. reading time":"3 minutes"},"schema":{"@context":"https:\/\/schema.org","@graph":[{"@type":"WebPage","@id":"https:\/\/pvserviceplus.cz\/en\/smart-home-smart-home\/","url":"https:\/\/pvserviceplus.cz\/en\/smart-home-smart-home\/","name":"Smart Home | PV SERVICE PLUS","isPartOf":{"@id":"https:\/\/pvserviceplus.cz\/#website"},"datePublished":"2024-07-21T08:13:19+00:00","dateModified":"2024-09-15T13:51:28+00:00","description":"Create your own SMART HOME and intelligent home control from PV SERVICE PLUS to experience the ultimate in home comfort.","breadcrumb":{"@id":"https:\/\/pvserviceplus.cz\/en\/smart-home-smart-home\/#breadcrumb"},"inLanguage":"en-US","potentialAction":[{"@type":"ReadAction","target":["https:\/\/pvserviceplus.cz\/en\/smart-home-smart-home\/"]}]},{"@type":"BreadcrumbList","@id":"https:\/\/pvserviceplus.cz\/en\/smart-home-smart-home\/#breadcrumb","itemListElement":[{"@type":"ListItem","position":1,"name":"Dom\u016f","item":"https:\/\/pvserviceplus.cz\/"},{"@type":"ListItem","position":2,"name":"Smart Home Smart Home"}]},{"@type":"WebSite","@id":"https:\/\/pvserviceplus.cz\/#website","url":"https:\/\/pvserviceplus.cz\/","name":"PV SERVICE PLUS","description":"Stav\u00edme fotovoltaick\u00e9 elektr\u00e1rny na kl\u00ed\u010d pro dom\u00e1cnosti i pro firmy","publisher":{"@id":"https:\/\/pvserviceplus.cz\/#organization"},"potentialAction":[{"@type":"SearchAction","target":{"@type":"EntryPoint","urlTemplate":"https:\/\/pvserviceplus.cz\/?s={search_term_string}"},"query-input":"required name=search_term_string"}],"inLanguage":"en-US"},{"@type":"Organization","@id":"https:\/\/pvserviceplus.cz\/#organization","name":"PV SERVICE PLUS","url":"https:\/\/pvserviceplus.cz\/","logo":{"@type":"ImageObject","inLanguage":"en-US","@id":"https:\/\/pvserviceplus.cz\/#\/schema\/logo\/image\/","url":"https:\/\/pvserviceplus.cz\/wp-content\/uploads\/2021\/10\/logo.svg","contentUrl":"https:\/\/pvserviceplus.cz\/wp-content\/uploads\/2021\/10\/logo.svg","width":"1024","height":"1024","caption":"PV SERVICE PLUS"},"image":{"@id":"https:\/\/pvserviceplus.cz\/#\/schema\/logo\/image\/"},"sameAs":["https:\/\/www.facebook.com\/PVServicePlussro\/"]}]}},"_links":{"self":[{"href":"https:\/\/pvserviceplus.cz\/en\/wp-json\/wp\/v2\/pages\/2084","targetHints":{"allow":["GET"]}}],"collection":[{"href":"https:\/\/pvserviceplus.cz\/en\/wp-json\/wp\/v2\/pages"}],"about":[{"href":"https:\/\/pvserviceplus.cz\/en\/wp-json\/wp\/v2\/types\/page"}],"author":[{"embeddable":true,"href":"https:\/\/pvserviceplus.cz\/en\/wp-json\/wp\/v2\/users\/1"}],"replies":[{"embeddable":true,"href":"https:\/\/pvserviceplus.cz\/en\/wp-json\/wp\/v2\/comments?post=2084"}],"version-history":[{"count":2,"href":"https:\/\/pvserviceplus.cz\/en\/wp-json\/wp\/v2\/pages\/2084\/revisions"}],"predecessor-version":[{"id":2630,"href":"https:\/\/pvserviceplus.cz\/en\/wp-json\/wp\/v2\/pages\/2084\/revisions\/2630"}],"wp:attachment":[{"href":"https:\/\/pvserviceplus.cz\/en\/wp-json\/wp\/v2\/media?parent=2084"}],"curies":[{"name":"wp","href":"https:\/\/api.w.org\/{rel}","templated":true}]}}