{"id":2079,"date":"2021-09-30T20:57:35","date_gmt":"2021-09-30T18:57:35","guid":{"rendered":"https:\/\/pvserviceplus.cz\/about-us\/"},"modified":"2025-10-06T18:30:24","modified_gmt":"2025-10-06T16:30:24","slug":"about-us","status":"publish","type":"page","link":"https:\/\/pvserviceplus.cz\/en\/about-us\/","title":{"rendered":"About us"},"content":{"rendered":"<style>\r\n#main .entry-content {background-color:black}\r\n<\/style>\r\n<div id=\"about-us-banner\" class=\"o-nas\" style=\"\">\r\n  <div class=\"content\">\r\n    <h1 style=\"color:#F38622\">About PV Service Plus<\/h1>\r\n    <p>We are a stable and renowned company specializing in the construction of photovoltaic power plants on family and apartment buildings, as well as on company and municipal buildings. With more than 15 years of experience, we have become the market leader in the field of solar energy, with more than 300 successful installations of photovoltaic power plants with outputs from 3.6 kWp to 90 MWp.\r\n <br><br>\r\n Our experts are here to provide you with a complete service from analysis to project planning and implementation. We are based in the Czech Republic and our projects are also extended to other countries of the European Union, including Slovakia, Austria, Romania, Italy and Germany.\r\n <br><br>\r\n Each project is unique to us, which is why we always devote ourselves to a thorough analysis of your needs and priorities. Before we start &#8220;pulling cables&#8221;, we design and think about an optimal, efficient and economically advantageous solution adapted to your specific requirements.\r\n <\/p>\r\n <a class=\"btn\" href=\"https:\/\/pvserviceplus.cz\/en\/save-energy\/\">I ALSO WANT PHOTOVOLTAICS<\/a>\r\n  <\/div>\r\n\r\n<\/div>\r\n\r\n<br><br>","protected":false},"excerpt":{"rendered":"About PV Service Plus We are a stable and renowned company specializing in the construction of photovoltaic power plants on family and apartment buildings, as well as on company and municipal buildings. With more than 15 years of experience, we have become the market leader in the field of solar energy, with more than 300&hellip; <a class=\"more-link\" href=\"https:\/\/pvserviceplus.cz\/en\/about-us\/\">Continue reading <span class=\"screen-reader-text\">About us<\/span><\/a>","protected":false},"author":1,"featured_media":0,"parent":0,"menu_order":0,"comment_status":"closed","ping_status":"closed","template":"","meta":{"inline_featured_image":false,"footnotes":""},"class_list":["post-2079","page","type-page","status-publish","hentry","entry"],"yoast_head":"<!-- This site is optimized with the Yoast SEO plugin v19.12 - https:\/\/yoast.com\/wordpress\/plugins\/seo\/ -->\n<title>About us | PV SERVICE PLUS<\/title>\n<meta name=\"robots\" content=\"index, follow, max-snippet:-1, max-image-preview:large, max-video-preview:-1\" \/>\n<link rel=\"canonical\" href=\"https:\/\/pvserviceplus.cz\/en\/about-us\/\" \/>\n<meta property=\"og:locale\" content=\"en_US\" \/>\n<meta property=\"og:type\" content=\"article\" \/>\n<meta property=\"og:title\" content=\"About us | PV SERVICE PLUS\" \/>\n<meta property=\"og:description\" content=\"About PV Service Plus We are a stable and renowned company specializing in the construction of photovoltaic power plants on family and apartment buildings, as well as on company and municipal buildings. With more than 15 years of experience, we have become the market leader in the field of solar energy, with more than 300&hellip; Continue reading About us\" \/>\n<meta property=\"og:url\" content=\"https:\/\/pvserviceplus.cz\/en\/about-us\/\" \/>\n<meta property=\"og:site_name\" content=\"PV SERVICE PLUS\" \/>\n<meta property=\"article:publisher\" content=\"https:\/\/www.facebook.com\/PVServicePlussro\/\" \/>\n<meta property=\"article:modified_time\" content=\"2025-10-06T16:30:24+00:00\" \/>\n<meta name=\"twitter:card\" content=\"summary_large_image\" \/>\n<meta name=\"twitter:label1\" content=\"Est. reading time\" \/>\n\t<meta name=\"twitter:data1\" content=\"1 minute\" \/>\n<script type=\"application\/ld+json\" class=\"yoast-schema-graph\">{\"@context\":\"https:\/\/schema.org\",\"@graph\":[{\"@type\":\"WebPage\",\"@id\":\"https:\/\/pvserviceplus.cz\/en\/about-us\/\",\"url\":\"https:\/\/pvserviceplus.cz\/en\/about-us\/\",\"name\":\"About us | PV SERVICE PLUS\",\"isPartOf\":{\"@id\":\"https:\/\/pvserviceplus.cz\/#website\"},\"datePublished\":\"2021-09-30T18:57:35+00:00\",\"dateModified\":\"2025-10-06T16:30:24+00:00\",\"breadcrumb\":{\"@id\":\"https:\/\/pvserviceplus.cz\/en\/about-us\/#breadcrumb\"},\"inLanguage\":\"en-US\",\"potentialAction\":[{\"@type\":\"ReadAction\",\"target\":[\"https:\/\/pvserviceplus.cz\/en\/about-us\/\"]}]},{\"@type\":\"BreadcrumbList\",\"@id\":\"https:\/\/pvserviceplus.cz\/en\/about-us\/#breadcrumb\",\"itemListElement\":[{\"@type\":\"ListItem\",\"position\":1,\"name\":\"Dom\u016f\",\"item\":\"https:\/\/pvserviceplus.cz\/\"},{\"@type\":\"ListItem\",\"position\":2,\"name\":\"About us\"}]},{\"@type\":\"WebSite\",\"@id\":\"https:\/\/pvserviceplus.cz\/#website\",\"url\":\"https:\/\/pvserviceplus.cz\/\",\"name\":\"PV SERVICE PLUS\",\"description\":\"Stav\u00edme fotovoltaick\u00e9 elektr\u00e1rny na kl\u00ed\u010d pro dom\u00e1cnosti i pro firmy\",\"publisher\":{\"@id\":\"https:\/\/pvserviceplus.cz\/#organization\"},\"potentialAction\":[{\"@type\":\"SearchAction\",\"target\":{\"@type\":\"EntryPoint\",\"urlTemplate\":\"https:\/\/pvserviceplus.cz\/?s={search_term_string}\"},\"query-input\":\"required name=search_term_string\"}],\"inLanguage\":\"en-US\"},{\"@type\":\"Organization\",\"@id\":\"https:\/\/pvserviceplus.cz\/#organization\",\"name\":\"PV SERVICE PLUS\",\"url\":\"https:\/\/pvserviceplus.cz\/\",\"logo\":{\"@type\":\"ImageObject\",\"inLanguage\":\"en-US\",\"@id\":\"https:\/\/pvserviceplus.cz\/#\/schema\/logo\/image\/\",\"url\":\"https:\/\/pvserviceplus.cz\/wp-content\/uploads\/2021\/10\/logo.svg\",\"contentUrl\":\"https:\/\/pvserviceplus.cz\/wp-content\/uploads\/2021\/10\/logo.svg\",\"width\":\"1024\",\"height\":\"1024\",\"caption\":\"PV SERVICE PLUS\"},\"image\":{\"@id\":\"https:\/\/pvserviceplus.cz\/#\/schema\/logo\/image\/\"},\"sameAs\":[\"https:\/\/www.facebook.com\/PVServicePlussro\/\"]}]}<\/script>\n<!-- \/ Yoast SEO plugin. -->","yoast_head_json":{"title":"About us | PV SERVICE PLUS","robots":{"index":"index","follow":"follow","max-snippet":"max-snippet:-1","max-image-preview":"max-image-preview:large","max-video-preview":"max-video-preview:-1"},"canonical":"https:\/\/pvserviceplus.cz\/en\/about-us\/","og_locale":"en_US","og_type":"article","og_title":"About us | PV SERVICE PLUS","og_description":"About PV Service Plus We are a stable and renowned company specializing in the construction of photovoltaic power plants on family and apartment buildings, as well as on company and municipal buildings. With more than 15 years of experience, we have become the market leader in the field of solar energy, with more than 300&hellip; Continue reading About us","og_url":"https:\/\/pvserviceplus.cz\/en\/about-us\/","og_site_name":"PV SERVICE PLUS","article_publisher":"https:\/\/www.facebook.com\/PVServicePlussro\/","article_modified_time":"2025-10-06T16:30:24+00:00","twitter_card":"summary_large_image","twitter_misc":{"Est. reading time":"1 minute"},"schema":{"@context":"https:\/\/schema.org","@graph":[{"@type":"WebPage","@id":"https:\/\/pvserviceplus.cz\/en\/about-us\/","url":"https:\/\/pvserviceplus.cz\/en\/about-us\/","name":"About us | PV SERVICE PLUS","isPartOf":{"@id":"https:\/\/pvserviceplus.cz\/#website"},"datePublished":"2021-09-30T18:57:35+00:00","dateModified":"2025-10-06T16:30:24+00:00","breadcrumb":{"@id":"https:\/\/pvserviceplus.cz\/en\/about-us\/#breadcrumb"},"inLanguage":"en-US","potentialAction":[{"@type":"ReadAction","target":["https:\/\/pvserviceplus.cz\/en\/about-us\/"]}]},{"@type":"BreadcrumbList","@id":"https:\/\/pvserviceplus.cz\/en\/about-us\/#breadcrumb","itemListElement":[{"@type":"ListItem","position":1,"name":"Dom\u016f","item":"https:\/\/pvserviceplus.cz\/"},{"@type":"ListItem","position":2,"name":"About us"}]},{"@type":"WebSite","@id":"https:\/\/pvserviceplus.cz\/#website","url":"https:\/\/pvserviceplus.cz\/","name":"PV SERVICE PLUS","description":"Stav\u00edme fotovoltaick\u00e9 elektr\u00e1rny na kl\u00ed\u010d pro dom\u00e1cnosti i pro firmy","publisher":{"@id":"https:\/\/pvserviceplus.cz\/#organization"},"potentialAction":[{"@type":"SearchAction","target":{"@type":"EntryPoint","urlTemplate":"https:\/\/pvserviceplus.cz\/?s={search_term_string}"},"query-input":"required name=search_term_string"}],"inLanguage":"en-US"},{"@type":"Organization","@id":"https:\/\/pvserviceplus.cz\/#organization","name":"PV SERVICE PLUS","url":"https:\/\/pvserviceplus.cz\/","logo":{"@type":"ImageObject","inLanguage":"en-US","@id":"https:\/\/pvserviceplus.cz\/#\/schema\/logo\/image\/","url":"https:\/\/pvserviceplus.cz\/wp-content\/uploads\/2021\/10\/logo.svg","contentUrl":"https:\/\/pvserviceplus.cz\/wp-content\/uploads\/2021\/10\/logo.svg","width":"1024","height":"1024","caption":"PV SERVICE PLUS"},"image":{"@id":"https:\/\/pvserviceplus.cz\/#\/schema\/logo\/image\/"},"sameAs":["https:\/\/www.facebook.com\/PVServicePlussro\/"]}]}},"_links":{"self":[{"href":"https:\/\/pvserviceplus.cz\/en\/wp-json\/wp\/v2\/pages\/2079","targetHints":{"allow":["GET"]}}],"collection":[{"href":"https:\/\/pvserviceplus.cz\/en\/wp-json\/wp\/v2\/pages"}],"about":[{"href":"https:\/\/pvserviceplus.cz\/en\/wp-json\/wp\/v2\/types\/page"}],"author":[{"embeddable":true,"href":"https:\/\/pvserviceplus.cz\/en\/wp-json\/wp\/v2\/users\/1"}],"replies":[{"embeddable":true,"href":"https:\/\/pvserviceplus.cz\/en\/wp-json\/wp\/v2\/comments?post=2079"}],"version-history":[{"count":3,"href":"https:\/\/pvserviceplus.cz\/en\/wp-json\/wp\/v2\/pages\/2079\/revisions"}],"predecessor-version":[{"id":3241,"href":"https:\/\/pvserviceplus.cz\/en\/wp-json\/wp\/v2\/pages\/2079\/revisions\/3241"}],"wp:attachment":[{"href":"https:\/\/pvserviceplus.cz\/en\/wp-json\/wp\/v2\/media?parent=2079"}],"curies":[{"name":"wp","href":"https:\/\/api.w.org\/{rel}","templated":true}]}}