{"id":2072,"date":"2024-07-20T21:04:57","date_gmt":"2024-07-20T19:04:57","guid":{"rendered":"https:\/\/pvserviceplus.cz\/careers\/"},"modified":"2025-10-06T19:21:30","modified_gmt":"2025-10-06T17:21:30","slug":"careers","status":"publish","type":"page","link":"https:\/\/pvserviceplus.cz\/en\/careers\/","title":{"rendered":"Careers"},"content":{"rendered":"<div id=\"about-us-banner\" class=\"kariera\" style=\"\">\r\n\r\n<div class=\"content\">\r\n<h1>Career at PV SERVICE PLUS<\/h1>\r\n<p>We are a leading solar technology provider and are looking for talented and enthusiastic individuals to join our dynamic team. If you&#8217;re interested in working in the fast-growing renewable energy sector, you&#8217;ve come to the right place.<\/p>\r\n<i class=\"scroll-cue\" aria-label=\"Scroll down\"><\/i>\r\n<\/div>\r\n\r\n\r\n<\/div>\r\n\r\n\r\n<div id=\"kariera\">\r\n<style>\r\nfigure.post-thumbnail {display:none}\r\n<\/style>\r\n\r\n<div class=\"content\">\r\n\r\n\r\n<p>If you have any questions or need further information, please do not hesitate to contact us at <a href=\"tel:+420 606 785 173\">+420 606 785 173<\/a>\r\nor <a href=\"mailto:laskova@pvsplus.cz\">laskova@pvsplus.cz<\/a><\/p>\r\n\r\n<h2>Current job positions:<\/h2>\r\n\r\n\r\n<a class=\"link\" href=\"https:\/\/pvserviceplus.cz\/en\/careers\/pv-construction-coordinator\/\">PV construction coordinator<\/a>\r\n\r\n<a class=\"link\" href=\"https:\/\/pvserviceplus.cz\/en\/careers\/pv-and-bess-design-engineer\/\r\n\">PV and BESS Design Engineer<\/a>\r\n\r\n\r\n<a class=\"link\" href=\"https:\/\/pvserviceplus.cz\/en\/careers\/pv-electrician-construction-and-maintenance-of-photovoltaic-parks\/\">PV electrician &#8211; construction and maintenance of photovoltaic parks\r\n<\/a>\r\n\r\n<a class=\"link\" href=\"https:\/\/pvserviceplus.cz\/en\/careers\/service-technician-electrical-maintenance-of-photovoltaic-parks\/\">ELECTRICAL SERVICE TECHNICIAN &#8211; MAINTENANCE OF PHOTOVOLTAIC PARKS<\/a>\r\n<a class=\"link\" href=\"https:\/\/pvserviceplus.cz\/en\/careers\/sales-representative-for-photovoltaic-systems-fve-and-battery-energy-storage-systems-bess-for-the-czech-republic-and-slovakia\/\"  style=\"display:none\">Sales Representative for Photovoltaic Systems (FVE) and Battery Energy Storage Systems (BESS) for the Czech Republic and Slovakia<\/a>\r\n\r\n\r\n<\/div>\r\n\r\n\r\n\r\n<\/div>\r\n\r\n\r\n","protected":false},"excerpt":{"rendered":"Career at PV SERVICE PLUS We are a leading solar technology provider and are looking for talented and enthusiastic individuals to join our dynamic team. If you&#8217;re interested in working in the fast-growing renewable energy sector, you&#8217;ve come to the right place. If you have any questions or need further information, please do not hesitate&hellip; <a class=\"more-link\" href=\"https:\/\/pvserviceplus.cz\/en\/careers\/\">Continue reading <span class=\"screen-reader-text\">Careers<\/span><\/a>","protected":false},"author":1,"featured_media":2073,"parent":0,"menu_order":0,"comment_status":"closed","ping_status":"closed","template":"","meta":{"inline_featured_image":false,"footnotes":""},"class_list":["post-2072","page","type-page","status-publish","has-post-thumbnail","hentry","entry"],"yoast_head":"<!-- This site is optimized with the Yoast SEO plugin v19.12 - https:\/\/yoast.com\/wordpress\/plugins\/seo\/ -->\n<title>Careers | PV SERVICE PLUS<\/title>\n<meta name=\"robots\" content=\"index, follow, max-snippet:-1, max-image-preview:large, max-video-preview:-1\" \/>\n<link rel=\"canonical\" href=\"https:\/\/pvserviceplus.cz\/en\/careers\/\" \/>\n<meta property=\"og:locale\" content=\"en_US\" \/>\n<meta property=\"og:type\" content=\"article\" \/>\n<meta property=\"og:title\" content=\"Careers | PV SERVICE PLUS\" \/>\n<meta property=\"og:description\" content=\"Career at PV SERVICE PLUS We are a leading solar technology provider and are looking for talented and enthusiastic individuals to join our dynamic team. If you&#8217;re interested in working in the fast-growing renewable energy sector, you&#8217;ve come to the right place. If you have any questions or need further information, please do not hesitate&hellip; Continue reading Careers\" \/>\n<meta property=\"og:url\" content=\"https:\/\/pvserviceplus.cz\/en\/careers\/\" \/>\n<meta property=\"og:site_name\" content=\"PV SERVICE PLUS\" \/>\n<meta property=\"article:publisher\" content=\"https:\/\/www.facebook.com\/PVServicePlussro\/\" \/>\n<meta property=\"article:modified_time\" content=\"2025-10-06T17:21:30+00:00\" \/>\n<meta property=\"og:image\" content=\"https:\/\/pvserviceplus.cz\/wp-content\/uploads\/2023\/06\/servis-fotovoltiky-pvsplus-solar.jpg\" \/>\n\t<meta property=\"og:image:width\" content=\"1980\" \/>\n\t<meta property=\"og:image:height\" content=\"1321\" \/>\n\t<meta property=\"og:image:type\" content=\"image\/jpeg\" \/>\n<meta name=\"twitter:card\" content=\"summary_large_image\" \/>\n<meta name=\"twitter:label1\" content=\"Est. reading time\" \/>\n\t<meta name=\"twitter:data1\" content=\"1 minute\" \/>\n<script type=\"application\/ld+json\" class=\"yoast-schema-graph\">{\"@context\":\"https:\/\/schema.org\",\"@graph\":[{\"@type\":\"WebPage\",\"@id\":\"https:\/\/pvserviceplus.cz\/en\/careers\/\",\"url\":\"https:\/\/pvserviceplus.cz\/en\/careers\/\",\"name\":\"Careers | PV SERVICE PLUS\",\"isPartOf\":{\"@id\":\"https:\/\/pvserviceplus.cz\/#website\"},\"datePublished\":\"2024-07-20T19:04:57+00:00\",\"dateModified\":\"2025-10-06T17:21:30+00:00\",\"breadcrumb\":{\"@id\":\"https:\/\/pvserviceplus.cz\/en\/careers\/#breadcrumb\"},\"inLanguage\":\"en-US\",\"potentialAction\":[{\"@type\":\"ReadAction\",\"target\":[\"https:\/\/pvserviceplus.cz\/en\/careers\/\"]}]},{\"@type\":\"BreadcrumbList\",\"@id\":\"https:\/\/pvserviceplus.cz\/en\/careers\/#breadcrumb\",\"itemListElement\":[{\"@type\":\"ListItem\",\"position\":1,\"name\":\"Dom\u016f\",\"item\":\"https:\/\/pvserviceplus.cz\/\"},{\"@type\":\"ListItem\",\"position\":2,\"name\":\"Careers\"}]},{\"@type\":\"WebSite\",\"@id\":\"https:\/\/pvserviceplus.cz\/#website\",\"url\":\"https:\/\/pvserviceplus.cz\/\",\"name\":\"PV SERVICE PLUS\",\"description\":\"Stav\u00edme fotovoltaick\u00e9 elektr\u00e1rny na kl\u00ed\u010d pro dom\u00e1cnosti i pro firmy\",\"publisher\":{\"@id\":\"https:\/\/pvserviceplus.cz\/#organization\"},\"potentialAction\":[{\"@type\":\"SearchAction\",\"target\":{\"@type\":\"EntryPoint\",\"urlTemplate\":\"https:\/\/pvserviceplus.cz\/?s={search_term_string}\"},\"query-input\":\"required name=search_term_string\"}],\"inLanguage\":\"en-US\"},{\"@type\":\"Organization\",\"@id\":\"https:\/\/pvserviceplus.cz\/#organization\",\"name\":\"PV SERVICE PLUS\",\"url\":\"https:\/\/pvserviceplus.cz\/\",\"logo\":{\"@type\":\"ImageObject\",\"inLanguage\":\"en-US\",\"@id\":\"https:\/\/pvserviceplus.cz\/#\/schema\/logo\/image\/\",\"url\":\"https:\/\/pvserviceplus.cz\/wp-content\/uploads\/2021\/10\/logo.svg\",\"contentUrl\":\"https:\/\/pvserviceplus.cz\/wp-content\/uploads\/2021\/10\/logo.svg\",\"width\":\"1024\",\"height\":\"1024\",\"caption\":\"PV SERVICE PLUS\"},\"image\":{\"@id\":\"https:\/\/pvserviceplus.cz\/#\/schema\/logo\/image\/\"},\"sameAs\":[\"https:\/\/www.facebook.com\/PVServicePlussro\/\"]}]}<\/script>\n<!-- \/ Yoast SEO plugin. -->","yoast_head_json":{"title":"Careers | PV SERVICE PLUS","robots":{"index":"index","follow":"follow","max-snippet":"max-snippet:-1","max-image-preview":"max-image-preview:large","max-video-preview":"max-video-preview:-1"},"canonical":"https:\/\/pvserviceplus.cz\/en\/careers\/","og_locale":"en_US","og_type":"article","og_title":"Careers | PV SERVICE PLUS","og_description":"Career at PV SERVICE PLUS We are a leading solar technology provider and are looking for talented and enthusiastic individuals to join our dynamic team. If you&#8217;re interested in working in the fast-growing renewable energy sector, you&#8217;ve come to the right place. If you have any questions or need further information, please do not hesitate&hellip; Continue reading Careers","og_url":"https:\/\/pvserviceplus.cz\/en\/careers\/","og_site_name":"PV SERVICE PLUS","article_publisher":"https:\/\/www.facebook.com\/PVServicePlussro\/","article_modified_time":"2025-10-06T17:21:30+00:00","og_image":[{"width":1980,"height":1321,"url":"https:\/\/pvserviceplus.cz\/wp-content\/uploads\/2023\/06\/servis-fotovoltiky-pvsplus-solar.jpg","type":"image\/jpeg"}],"twitter_card":"summary_large_image","twitter_misc":{"Est. reading time":"1 minute"},"schema":{"@context":"https:\/\/schema.org","@graph":[{"@type":"WebPage","@id":"https:\/\/pvserviceplus.cz\/en\/careers\/","url":"https:\/\/pvserviceplus.cz\/en\/careers\/","name":"Careers | PV SERVICE PLUS","isPartOf":{"@id":"https:\/\/pvserviceplus.cz\/#website"},"datePublished":"2024-07-20T19:04:57+00:00","dateModified":"2025-10-06T17:21:30+00:00","breadcrumb":{"@id":"https:\/\/pvserviceplus.cz\/en\/careers\/#breadcrumb"},"inLanguage":"en-US","potentialAction":[{"@type":"ReadAction","target":["https:\/\/pvserviceplus.cz\/en\/careers\/"]}]},{"@type":"BreadcrumbList","@id":"https:\/\/pvserviceplus.cz\/en\/careers\/#breadcrumb","itemListElement":[{"@type":"ListItem","position":1,"name":"Dom\u016f","item":"https:\/\/pvserviceplus.cz\/"},{"@type":"ListItem","position":2,"name":"Careers"}]},{"@type":"WebSite","@id":"https:\/\/pvserviceplus.cz\/#website","url":"https:\/\/pvserviceplus.cz\/","name":"PV SERVICE PLUS","description":"Stav\u00edme fotovoltaick\u00e9 elektr\u00e1rny na kl\u00ed\u010d pro dom\u00e1cnosti i pro firmy","publisher":{"@id":"https:\/\/pvserviceplus.cz\/#organization"},"potentialAction":[{"@type":"SearchAction","target":{"@type":"EntryPoint","urlTemplate":"https:\/\/pvserviceplus.cz\/?s={search_term_string}"},"query-input":"required name=search_term_string"}],"inLanguage":"en-US"},{"@type":"Organization","@id":"https:\/\/pvserviceplus.cz\/#organization","name":"PV SERVICE PLUS","url":"https:\/\/pvserviceplus.cz\/","logo":{"@type":"ImageObject","inLanguage":"en-US","@id":"https:\/\/pvserviceplus.cz\/#\/schema\/logo\/image\/","url":"https:\/\/pvserviceplus.cz\/wp-content\/uploads\/2021\/10\/logo.svg","contentUrl":"https:\/\/pvserviceplus.cz\/wp-content\/uploads\/2021\/10\/logo.svg","width":"1024","height":"1024","caption":"PV SERVICE PLUS"},"image":{"@id":"https:\/\/pvserviceplus.cz\/#\/schema\/logo\/image\/"},"sameAs":["https:\/\/www.facebook.com\/PVServicePlussro\/"]}]}},"_links":{"self":[{"href":"https:\/\/pvserviceplus.cz\/en\/wp-json\/wp\/v2\/pages\/2072","targetHints":{"allow":["GET"]}}],"collection":[{"href":"https:\/\/pvserviceplus.cz\/en\/wp-json\/wp\/v2\/pages"}],"about":[{"href":"https:\/\/pvserviceplus.cz\/en\/wp-json\/wp\/v2\/types\/page"}],"author":[{"embeddable":true,"href":"https:\/\/pvserviceplus.cz\/en\/wp-json\/wp\/v2\/users\/1"}],"replies":[{"embeddable":true,"href":"https:\/\/pvserviceplus.cz\/en\/wp-json\/wp\/v2\/comments?post=2072"}],"version-history":[{"count":11,"href":"https:\/\/pvserviceplus.cz\/en\/wp-json\/wp\/v2\/pages\/2072\/revisions"}],"predecessor-version":[{"id":3305,"href":"https:\/\/pvserviceplus.cz\/en\/wp-json\/wp\/v2\/pages\/2072\/revisions\/3305"}],"wp:featuredmedia":[{"embeddable":true,"href":"https:\/\/pvserviceplus.cz\/en\/wp-json\/wp\/v2\/media\/2073"}],"wp:attachment":[{"href":"https:\/\/pvserviceplus.cz\/en\/wp-json\/wp\/v2\/media?parent=2072"}],"curies":[{"name":"wp","href":"https:\/\/api.w.org\/{rel}","templated":true}]}}